{"id":27802,"date":"2024-12-20T10:11:24","date_gmt":"2024-12-20T10:11:24","guid":{"rendered":"https:\/\/thuisbatterijoutlet.eu\/?page_id=27802"},"modified":"2025-01-14T08:10:04","modified_gmt":"2025-01-14T08:10:04","slug":"verzending-levertijd","status":"publish","type":"page","link":"https:\/\/thuisbatterijoutlet.eu\/cs\/verzending-levertijd\/","title":{"rendered":"P\u0159epravn\u00ed a dodac\u00ed lh\u016fta"},"content":{"rendered":"<div data-elementor-type=\"wp-page\" data-elementor-id=\"27802\" class=\"elementor elementor-27802\">\n\t\t\t\t<div class=\"wd-negative-gap elementor-element elementor-element-7211b1e3 e-flex e-con-boxed e-con e-parent\" data-id=\"7211b1e3\" data-element_type=\"container\" data-e-type=\"container\">\n\t\t\t\t\t<div class=\"e-con-inner\">\n\t\t\t\t<div class=\"elementor-element elementor-element-e6b9235 color-scheme-inherit text-left elementor-widget elementor-widget-text-editor\" data-id=\"e6b9235\" data-element_type=\"widget\" data-e-type=\"widget\" data-widget_type=\"text-editor.default\">\n\t\t\t\t<div class=\"elementor-widget-container\">\n\t\t\t\t\t\t\t\t\t\n<p>Thuisbatterij Outlet verwerken de bestellingen binnen 1 tot 7 werkdagen. Orders die bezorgd kunnen worden met een pakketdienst (PostNL, GLS en \u00a0DPD pakketpost) worden doorgaans binnen 1 tot 7 werkdagen bezorgd na verzending. Grote producten zoals zwaardere omvormers of zonnepanelen vervoeren wij per palletzendingen, dit transport wordt verzorgd door onze transporteur: Transmission. De levertijd voor palletzendingen is doorgaans 1 tot 7 werkdagen. Nadat je zending door de transporteur is opgehaald ontvang je meestal binnen 24 en maximaal 48 uur een track and trace link waarin je je zending kunt volgen.<\/p>\n<p>Bestel je in het weekend? Dan zorgen wij ervoor dat je bestelling maandag of dinsdag geleverd wordt. Verzenden naar Frankrijk, Duitsland, Oostenrijk of ander EU land duurt doorgaans 1 tot 7 werkdagen.<br \/><br \/><strong>N\u00e1klady na dopravu<\/strong><br \/>Objedn\u00e1vky v Nizozemsku, Belgii a N\u011bmecku jsou doru\u010dov\u00e1ny zdarma!<br \/>Krom\u011b toho plat\u00ed n\u00ed\u017ee uveden\u00e9 sazby:<br \/>Bulharsko, Kypr, D\u00e1nsko, Estonsko, Finsko, Francie, \u0158ecko, Ma\u010farsko, Irsko, It\u00e1lie, Chorvatsko, Loty\u0161sko, Litva, Lucembursko, Malta, Rakousko, Polsko, Portugalsko, Rumunsko, Slovinsko, Slovensko, \u0160pan\u011blsko, \u010cesk\u00e1 republika, \u0160v\u00e9dsko: 39,00 \u20ac.<br \/>V\u0161echny bal\u00edkov\u00e9 objedn\u00e1vky jsou zas\u00edl\u00e1ny po\u0161tou NL, GLS nebo bal\u00edkovou po\u0161tou DPD. Po\u0161ta PostNL, GLS a bal\u00edkov\u00e1 po\u0161ta DPD zaru\u010duj\u00ed rychl\u00e9 a spolehliv\u00e9 doru\u010den\u00ed.<\/p>\n\t\t\t\t\t\t\t\t<\/div>\n\t\t\t\t<\/div>\n\t\t\t\t\t<\/div>\n\t\t\t\t<\/div>\n\t\t\t\t<\/div>","protected":false},"excerpt":{"rendered":"<p>Thuisbatterij Outlet verwerken de bestellingen binnen 1 tot 7 werkdagen. Orders die bezorgd kunnen worden met een pakketdienst (PostNL, GLS<\/p>","protected":false},"author":1,"featured_media":0,"parent":0,"menu_order":0,"comment_status":"closed","ping_status":"closed","template":"elementor_header_footer","meta":{"footnotes":""},"class_list":["post-27802","page","type-page","status-publish","hentry"],"_links":{"self":[{"href":"https:\/\/thuisbatterijoutlet.eu\/cs\/wp-json\/wp\/v2\/pages\/27802","targetHints":{"allow":["GET"]}}],"collection":[{"href":"https:\/\/thuisbatterijoutlet.eu\/cs\/wp-json\/wp\/v2\/pages"}],"about":[{"href":"https:\/\/thuisbatterijoutlet.eu\/cs\/wp-json\/wp\/v2\/types\/page"}],"author":[{"embeddable":true,"href":"https:\/\/thuisbatterijoutlet.eu\/cs\/wp-json\/wp\/v2\/users\/1"}],"replies":[{"embeddable":true,"href":"https:\/\/thuisbatterijoutlet.eu\/cs\/wp-json\/wp\/v2\/comments?post=27802"}],"version-history":[{"count":10,"href":"https:\/\/thuisbatterijoutlet.eu\/cs\/wp-json\/wp\/v2\/pages\/27802\/revisions"}],"predecessor-version":[{"id":29066,"href":"https:\/\/thuisbatterijoutlet.eu\/cs\/wp-json\/wp\/v2\/pages\/27802\/revisions\/29066"}],"wp:attachment":[{"href":"https:\/\/thuisbatterijoutlet.eu\/cs\/wp-json\/wp\/v2\/media?parent=27802"}],"curies":[{"name":"wp","href":"https:\/\/api.w.org\/{rel}","templated":true}]}}