{"id":27835,"date":"2024-12-20T18:31:56","date_gmt":"2024-12-20T18:31:56","guid":{"rendered":"https:\/\/thuisbatterijoutlet.eu\/?post_type=product&#038;p=27835"},"modified":"2025-03-08T07:38:59","modified_gmt":"2025-03-08T07:38:59","slug":"pylontech-battery-box-h3-20-5kwh","status":"publish","type":"product","link":"https:\/\/thuisbatterijoutlet.eu\/cs\/produkt\/bateriovy-box-pylontech-h3-20-5kwh\/","title":{"rendered":"Pylontech | Battery-Box H3 20,5 kWh"},"content":{"rendered":"<p>Dom\u00e1c\u00ed baterie Pylontech Force H3 p\u0159edstavuje dokonal\u00fd zp\u016fsob, jak doma uchov\u00e1vat energii. Tato baterie s kapacitou 20,5 kWh nab\u00edz\u00ed spolehliv\u00e9 a efektivn\u00ed skladov\u00e1n\u00ed energie z obnoviteln\u00fdch zdroj\u016f. Pokro\u010dil\u00e1 technologie lithium-\u017eelezo-fosf\u00e1tu zaji\u0161\u0165uje dlouhou \u017eivotnost a vysokou bezpe\u010dnost.<\/p>\n<p><strong>Tento bateriov\u00fd box Pylontech H3-20.5 se skl\u00e1d\u00e1 z:<\/strong><\/p>\n<ul class=\"wp-block-list\">\n<li>4x baterie Pylontech Force H3 5,12 kWh<\/li>\n<li>1X z\u00e1kladna a kryt Pylontech Force H3<\/li>\n<\/ul>\n<h2 class=\"wp-block-heading\">Vlastnosti modelu Force H3 20,5 kWh<\/h2>\n<ul class=\"wp-block-list\">\n<li>20,5 kWh<\/li>\n<li>Jmenovit\u00e9 nap\u011bt\u00ed 409,6Vdc<\/li>\n<li>Vysok\u00e9 nap\u011bt\u00ed<\/li>\n<li>IP55<\/li>\n<li>Rozm\u011bry 540 x 350 x 870 mm<\/li>\n<li>170 kg<\/li>\n<\/ul>","protected":false},"excerpt":{"rendered":"<p>Dom\u00e1c\u00ed baterie Pylontech Force H3 p\u0159edstavuje dokonal\u00fd zp\u016fsob, jak doma uchov\u00e1vat energii. Tato baterie m\u00e1<\/p>","protected":false},"featured_media":27871,"comment_status":"open","ping_status":"closed","template":"","meta":[],"pwb-brand":[155],"product_brand":[],"product_cat":[389],"product_tag":[],"class_list":{"0":"post-27835","1":"product","2":"type-product","3":"status-publish","4":"has-post-thumbnail","6":"pwb-brand-pylontech","7":"product_cat-thuisbatterij-systemen","9":"first","10":"instock","11":"shipping-taxable","12":"purchasable","13":"product-type-simple"},"brands":[{"id":155,"name":"Pylontech","slug":"pylontech"}],"_links":{"self":[{"href":"https:\/\/thuisbatterijoutlet.eu\/cs\/wp-json\/wp\/v2\/product\/27835","targetHints":{"allow":["GET"]}}],"collection":[{"href":"https:\/\/thuisbatterijoutlet.eu\/cs\/wp-json\/wp\/v2\/product"}],"about":[{"href":"https:\/\/thuisbatterijoutlet.eu\/cs\/wp-json\/wp\/v2\/types\/product"}],"replies":[{"embeddable":true,"href":"https:\/\/thuisbatterijoutlet.eu\/cs\/wp-json\/wp\/v2\/comments?post=27835"}],"version-history":[{"count":1,"href":"https:\/\/thuisbatterijoutlet.eu\/cs\/wp-json\/wp\/v2\/product\/27835\/revisions"}],"predecessor-version":[{"id":27872,"href":"https:\/\/thuisbatterijoutlet.eu\/cs\/wp-json\/wp\/v2\/product\/27835\/revisions\/27872"}],"wp:featuredmedia":[{"embeddable":true,"href":"https:\/\/thuisbatterijoutlet.eu\/cs\/wp-json\/wp\/v2\/media\/27871"}],"wp:attachment":[{"href":"https:\/\/thuisbatterijoutlet.eu\/cs\/wp-json\/wp\/v2\/media?parent=27835"}],"wp:term":[{"taxonomy":"pwb-brand","embeddable":true,"href":"https:\/\/thuisbatterijoutlet.eu\/cs\/wp-json\/wp\/v2\/pwb-brand?post=27835"},{"taxonomy":"product_brand","embeddable":true,"href":"https:\/\/thuisbatterijoutlet.eu\/cs\/wp-json\/wp\/v2\/product_brand?post=27835"},{"taxonomy":"product_cat","embeddable":true,"href":"https:\/\/thuisbatterijoutlet.eu\/cs\/wp-json\/wp\/v2\/product_cat?post=27835"},{"taxonomy":"product_tag","embeddable":true,"href":"https:\/\/thuisbatterijoutlet.eu\/cs\/wp-json\/wp\/v2\/product_tag?post=27835"}],"curies":[{"name":"wp","href":"https:\/\/api.w.org\/{rel}","templated":true}]}}