{"id":27839,"date":"2024-12-20T18:31:57","date_gmt":"2024-12-20T18:31:57","guid":{"rendered":"https:\/\/thuisbatterijoutlet.eu\/?post_type=product&#038;p=27839"},"modified":"2025-03-08T07:38:49","modified_gmt":"2025-03-08T07:38:49","slug":"goodwe-lynx-lx-home-f13-1-h-plus-power-control-unit-base","status":"publish","type":"product","link":"https:\/\/thuisbatterijoutlet.eu\/cs\/produkt\/goodwe-lynx-lx-home-f13-1-h-plus-zakladna-ridici-jednotky-napajeni\/","title":{"rendered":"GoodWe | Lynx LX Home F13.1-H-Plus+ Nap\u00e1jec\u00ed \u0159\u00eddic\u00ed jednotka a z\u00e1kladna"},"content":{"rendered":"<p>Baterie GoodWe Lynx LX Home F13.1-H PLUS+ je vhodn\u00e1 pro 1f\u00e1zov\u00e9, 3f\u00e1zov\u00e9, hybridn\u00ed a retrofit st\u0159\u00edda\u010de a je kompatibiln\u00ed s \u0159adou GoodWe ET\/EH\/BT\/BH.<\/p>\n<p><strong>Tato baterie GoodWe Lynx LX Home F13.1-H PLUS+ se skl\u00e1d\u00e1 z:<\/strong><\/p>\n<ul class=\"wp-block-list\">\n<li>4 x vysokonap\u011b\u0165ov\u00e1 baterie Lynx LX Home F3.3-H Plus+<\/li>\n<li>1 x Lynx LX Home F H F Plus+ \u0158\u00eddic\u00ed jednotka a z\u00e1kladna<\/li>\n<li>1x sada kabel\u016f - \u010derven\u00fd a \u010dern\u00fd HV (3 metry)<\/li>\n<\/ul>\n<p>\u0158\u00eddic\u00ed jednotka nap\u00e1jen\u00ed (PCU) Lynx LX F H PLUS+ spole\u010dnosti GoodWe je nezbytn\u00e1 pro v\u0161echny vysokonap\u011b\u0165ov\u00e9 bateriov\u00e9 syst\u00e9my Lynx LX a slou\u017e\u00ed jako komunika\u010dn\u00ed jednotka mezi bateri\u00ed a st\u0159\u00edda\u010dem. Tato jednotka je vybavena integrovan\u00fdm syst\u00e9mem \u0159\u00edzen\u00ed hlavn\u00edho akumul\u00e1toru a lze k n\u00ed p\u0159ipojit a\u017e 5 akumul\u00e1torov\u00fdch modul\u016f. Pro ka\u017ed\u00fd bateriov\u00fd syst\u00e9m pot\u0159ebujete 1 \u0159\u00eddic\u00ed jednotku a z\u00e1kladnu. Jednotka GW-LX-F-H PLUS+ v\u00e1\u017e\u00ed 25 kg a je vybavena displejem LED, kter\u00fd m\u016f\u017ee zobrazovat stav nabit\u00ed syst\u00e9mu a chybov\u00e1 hl\u00e1\u0161en\u00ed.<\/p>\n<p>D\u00edky technologii bateriov\u00fdch \u010dl\u00e1nk\u016f LFP s vysokou cyklickou stabilitou je zaji\u0161t\u011bna vysok\u00e1 spolehlivost a del\u0161\u00ed \u017eivotnost. Syst\u00e9m se snadno instaluje a udr\u017euje d\u00edky stohovateln\u00fdm modul\u016fm, komunika\u010dn\u00edm kabel\u016fm plug and play a automatick\u00e9mu restartu po podp\u011bt\u00ed. Lynx LX Home F9.8-H PLUS+ je sou\u010d\u00e1st\u00ed \u0159ady Lynx Home F PLUS+ a v\u00fdrobce na n\u011bj poskytuje 10letou z\u00e1ruku.<\/p>\n<p>Specifikace v\u00fdrobku:<\/p>\n<p>- Vysok\u00e9 nap\u011bt\u00ed<br \/>- V\u00fd\u0161ka = 920 mm<br \/>- \u0160\u00ed\u0159ka = 600 mm<br \/>- Hloubka = 380 mm<br \/>- Hmotnost = 201 kg<\/p><\/p>","protected":false},"excerpt":{"rendered":"<p>Baterie Lynx LX Home F13.1-H PLUS+ od spole\u010dnosti GoodWe je vhodn\u00e1 pro 1f\u00e1zov\u00e9, 3f\u00e1zov\u00e9, hybridn\u00ed a retrofitn\u00ed st\u0159\u00edda\u010de a je kompatibiln\u00ed s<\/p>","protected":false},"featured_media":27879,"comment_status":"open","ping_status":"closed","template":"","meta":[],"pwb-brand":[],"product_brand":[],"product_cat":[389],"product_tag":[],"class_list":{"0":"post-27839","1":"product","2":"type-product","3":"status-publish","4":"has-post-thumbnail","6":"product_cat-thuisbatterij-systemen","8":"first","9":"instock","10":"shipping-taxable","11":"purchasable","12":"product-type-simple"},"brands":[],"_links":{"self":[{"href":"https:\/\/thuisbatterijoutlet.eu\/cs\/wp-json\/wp\/v2\/product\/27839","targetHints":{"allow":["GET"]}}],"collection":[{"href":"https:\/\/thuisbatterijoutlet.eu\/cs\/wp-json\/wp\/v2\/product"}],"about":[{"href":"https:\/\/thuisbatterijoutlet.eu\/cs\/wp-json\/wp\/v2\/types\/product"}],"replies":[{"embeddable":true,"href":"https:\/\/thuisbatterijoutlet.eu\/cs\/wp-json\/wp\/v2\/comments?post=27839"}],"version-history":[{"count":1,"href":"https:\/\/thuisbatterijoutlet.eu\/cs\/wp-json\/wp\/v2\/product\/27839\/revisions"}],"predecessor-version":[{"id":27880,"href":"https:\/\/thuisbatterijoutlet.eu\/cs\/wp-json\/wp\/v2\/product\/27839\/revisions\/27880"}],"wp:featuredmedia":[{"embeddable":true,"href":"https:\/\/thuisbatterijoutlet.eu\/cs\/wp-json\/wp\/v2\/media\/27879"}],"wp:attachment":[{"href":"https:\/\/thuisbatterijoutlet.eu\/cs\/wp-json\/wp\/v2\/media?parent=27839"}],"wp:term":[{"taxonomy":"pwb-brand","embeddable":true,"href":"https:\/\/thuisbatterijoutlet.eu\/cs\/wp-json\/wp\/v2\/pwb-brand?post=27839"},{"taxonomy":"product_brand","embeddable":true,"href":"https:\/\/thuisbatterijoutlet.eu\/cs\/wp-json\/wp\/v2\/product_brand?post=27839"},{"taxonomy":"product_cat","embeddable":true,"href":"https:\/\/thuisbatterijoutlet.eu\/cs\/wp-json\/wp\/v2\/product_cat?post=27839"},{"taxonomy":"product_tag","embeddable":true,"href":"https:\/\/thuisbatterijoutlet.eu\/cs\/wp-json\/wp\/v2\/product_tag?post=27839"}],"curies":[{"name":"wp","href":"https:\/\/api.w.org\/{rel}","templated":true}]}}