{"id":27844,"date":"2024-12-20T18:31:57","date_gmt":"2024-12-20T18:31:57","guid":{"rendered":"https:\/\/thuisbatterijoutlet.eu\/?post_type=product&#038;p=27844"},"modified":"2025-03-08T07:38:56","modified_gmt":"2025-03-08T07:38:56","slug":"dyness-tower-hv9637-battery-module-14-21-kwh-battery-bms-and-cover","status":"publish","type":"product","link":"https:\/\/thuisbatterijoutlet.eu\/cs\/produkt\/dyness-tower-hv9637-bateriovy-modul-14-21-kwh-baterie-bms-a-kryt\/","title":{"rendered":"Dyness Tower | HV9637 | Bateriov\u00fd modul | 14,21 kWh | Baterie + BMS a kryt"},"content":{"rendered":"<p>Dom\u00e1c\u00ed baterie Dyness Tower T14 od spole\u010dnosti Dyness p\u0159edstavuje dokonal\u00fd zp\u016fsob, jak doma uchov\u00e1vat energii. Tato baterie s kapacitou 14,21 kWh nab\u00edz\u00ed spolehliv\u00e9 a efektivn\u00ed skladov\u00e1n\u00ed energie z obnoviteln\u00fdch zdroj\u016f. Pokro\u010dil\u00e1 lithium-\u017eelezo-fosf\u00e1tov\u00e1 technologie zaji\u0161\u0165uje baterii Dyness Tower dlouhou \u017eivotnost a vysokou bezpe\u010dnost.<\/p>\n<p><strong>Tato v\u011b\u017e Dyness T14 se skl\u00e1d\u00e1 z:<\/strong><br \/>4x moduly Dyness 3,55 kWH<br \/>1x Dyness BMS (z\u00e1kladna + kryt)<\/p>\n<h2 class=\"wp-block-heading\">Vlastnosti v\u011b\u017ee Dyness Tower T14<\/h2>\n<ul class=\"wp-block-list\">\n<li>14,21 kWh<\/li>\n<li>Jmenovit\u00e9 nap\u011bt\u00ed 384Vdc<\/li>\n<li>Doporu\u010den\u00e1 hloubka vypou\u0161t\u011bn\u00ed 95%<\/li>\n<li>Rozsah nap\u011bt\u00ed 336-438 V<\/li>\n<li>Vysok\u00e9 nap\u011bt\u00ed<\/li>\n<li>IP54<\/li>\n<li>Rozm\u011bry 504 x 380 x 1100 mm<\/li>\n<li>187 kg<\/li>\n<\/ul>","protected":false},"excerpt":{"rendered":"<p>Dom\u00e1c\u00ed baterie Dyness Tower T14 od spole\u010dnosti Dyness p\u0159edstavuje dokonal\u00fd zp\u016fsob, jak doma uchov\u00e1vat energii. Tato<\/p>","protected":false},"featured_media":27889,"comment_status":"open","ping_status":"closed","template":"","meta":[],"pwb-brand":[],"product_brand":[],"product_cat":[389,77],"product_tag":[],"class_list":{"0":"post-27844","1":"product","2":"type-product","3":"status-publish","4":"has-post-thumbnail","6":"product_cat-thuisbatterij-systemen","7":"product_cat-thuisbatterijen","9":"first","10":"instock","11":"shipping-taxable","12":"purchasable","13":"product-type-simple"},"brands":[],"_links":{"self":[{"href":"https:\/\/thuisbatterijoutlet.eu\/cs\/wp-json\/wp\/v2\/product\/27844","targetHints":{"allow":["GET"]}}],"collection":[{"href":"https:\/\/thuisbatterijoutlet.eu\/cs\/wp-json\/wp\/v2\/product"}],"about":[{"href":"https:\/\/thuisbatterijoutlet.eu\/cs\/wp-json\/wp\/v2\/types\/product"}],"replies":[{"embeddable":true,"href":"https:\/\/thuisbatterijoutlet.eu\/cs\/wp-json\/wp\/v2\/comments?post=27844"}],"version-history":[{"count":1,"href":"https:\/\/thuisbatterijoutlet.eu\/cs\/wp-json\/wp\/v2\/product\/27844\/revisions"}],"predecessor-version":[{"id":27890,"href":"https:\/\/thuisbatterijoutlet.eu\/cs\/wp-json\/wp\/v2\/product\/27844\/revisions\/27890"}],"wp:featuredmedia":[{"embeddable":true,"href":"https:\/\/thuisbatterijoutlet.eu\/cs\/wp-json\/wp\/v2\/media\/27889"}],"wp:attachment":[{"href":"https:\/\/thuisbatterijoutlet.eu\/cs\/wp-json\/wp\/v2\/media?parent=27844"}],"wp:term":[{"taxonomy":"pwb-brand","embeddable":true,"href":"https:\/\/thuisbatterijoutlet.eu\/cs\/wp-json\/wp\/v2\/pwb-brand?post=27844"},{"taxonomy":"product_brand","embeddable":true,"href":"https:\/\/thuisbatterijoutlet.eu\/cs\/wp-json\/wp\/v2\/product_brand?post=27844"},{"taxonomy":"product_cat","embeddable":true,"href":"https:\/\/thuisbatterijoutlet.eu\/cs\/wp-json\/wp\/v2\/product_cat?post=27844"},{"taxonomy":"product_tag","embeddable":true,"href":"https:\/\/thuisbatterijoutlet.eu\/cs\/wp-json\/wp\/v2\/product_tag?post=27844"}],"curies":[{"name":"wp","href":"https:\/\/api.w.org\/{rel}","templated":true}]}}