{"id":27910,"date":"2024-12-20T18:32:18","date_gmt":"2024-12-20T18:32:18","guid":{"rendered":"https:\/\/thuisbatterijoutlet.eu\/?post_type=product&#038;p=27910"},"modified":"2025-03-08T07:38:46","modified_gmt":"2025-03-08T07:38:46","slug":"dyness-dl5-0c-5-12-kwh-lithium-batterij","status":"publish","type":"product","link":"https:\/\/thuisbatterijoutlet.eu\/cs\/produkt\/lithiova-baterie-dyness-dl5-0c-5-12-kwh\/","title":{"rendered":"Lithiov\u00e1 baterie Dyness DL5.0C 5,12 kWh"},"content":{"rendered":"<p>DYNESS DL5.0C m\u00e1 \u00fasporn\u00fd design a je p\u0159izp\u016fsoben pro obytn\u00e9 a mal\u00e9 komer\u010dn\u00ed aplikace. Tento bateriov\u00fd modul LFP podporuje vzd\u00e1len\u00e9 aktualizace a monitorov\u00e1n\u00ed pomoc\u00ed aplikace APP a nab\u00edz\u00ed v\u00edce zp\u016fsob\u016f instalace. Je \u0161k\u00e1lovateln\u00fd v rozsahu 5,12 -256 kWh (max. 50 modul\u016f paraleln\u011b) a nab\u00edz\u00ed n\u011bkolik mo\u017enost\u00ed ukl\u00e1d\u00e1n\u00ed energie pro spln\u011bn\u00ed r\u016fzn\u00fdch po\u017eadavk\u016f.<\/p>\n<p><strong>Monitorov\u00e1n\u00ed APP (voliteln\u00e9)<\/strong><\/p>\n<p>Monitorov\u00e1n\u00ed v re\u00e1ln\u00e9m \u010dase a vzd\u00e1len\u00e1 aktualizace<br \/><strong>Modul\u00e1rn\u00ed konstrukce<\/strong><\/p>\n<p>Flexibiln\u00ed mo\u017enosti roz\u0161\u00ed\u0159en\u00ed<br \/><strong>R\u016fzn\u00e9 mo\u017enosti mont\u00e1\u017ee<\/strong><\/p>\n<p>N\u00e1st\u011bnn\u00e9, voln\u011b stoj\u00edc\u00ed a stohovateln\u00e9.<br \/><strong>Vysok\u00e1 bezpe\u010dnost LFP<\/strong><\/p>\n<p>Monitorov\u00e1n\u00ed a vyva\u017eov\u00e1n\u00ed na bun\u011b\u010dn\u00e9 \u00farovni<br \/><strong>\u0160irok\u00e1 kompatibilita<\/strong><\/p>\n<p>Kompatibiln\u00ed s p\u0159edn\u00edmi m\u011bni\u010di<\/p><\/p>","protected":false},"excerpt":{"rendered":"<p>DYNESS DL5.0C m\u00e1 \u00fasporn\u00fd design a je p\u0159izp\u016fsoben pro obytn\u00e9 a mal\u00e9 komer\u010dn\u00ed aplikace. Tento bateriov\u00fd modul LFP podporuje<\/p>","protected":false},"featured_media":27945,"comment_status":"open","ping_status":"closed","template":"","meta":[],"pwb-brand":[],"product_brand":[],"product_cat":[77],"product_tag":[],"class_list":{"0":"post-27910","1":"product","2":"type-product","3":"status-publish","4":"has-post-thumbnail","6":"product_cat-thuisbatterijen","8":"first","9":"instock","10":"shipping-taxable","11":"purchasable","12":"product-type-simple"},"brands":[],"_links":{"self":[{"href":"https:\/\/thuisbatterijoutlet.eu\/cs\/wp-json\/wp\/v2\/product\/27910","targetHints":{"allow":["GET"]}}],"collection":[{"href":"https:\/\/thuisbatterijoutlet.eu\/cs\/wp-json\/wp\/v2\/product"}],"about":[{"href":"https:\/\/thuisbatterijoutlet.eu\/cs\/wp-json\/wp\/v2\/types\/product"}],"replies":[{"embeddable":true,"href":"https:\/\/thuisbatterijoutlet.eu\/cs\/wp-json\/wp\/v2\/comments?post=27910"}],"version-history":[{"count":1,"href":"https:\/\/thuisbatterijoutlet.eu\/cs\/wp-json\/wp\/v2\/product\/27910\/revisions"}],"predecessor-version":[{"id":27946,"href":"https:\/\/thuisbatterijoutlet.eu\/cs\/wp-json\/wp\/v2\/product\/27910\/revisions\/27946"}],"wp:featuredmedia":[{"embeddable":true,"href":"https:\/\/thuisbatterijoutlet.eu\/cs\/wp-json\/wp\/v2\/media\/27945"}],"wp:attachment":[{"href":"https:\/\/thuisbatterijoutlet.eu\/cs\/wp-json\/wp\/v2\/media?parent=27910"}],"wp:term":[{"taxonomy":"pwb-brand","embeddable":true,"href":"https:\/\/thuisbatterijoutlet.eu\/cs\/wp-json\/wp\/v2\/pwb-brand?post=27910"},{"taxonomy":"product_brand","embeddable":true,"href":"https:\/\/thuisbatterijoutlet.eu\/cs\/wp-json\/wp\/v2\/product_brand?post=27910"},{"taxonomy":"product_cat","embeddable":true,"href":"https:\/\/thuisbatterijoutlet.eu\/cs\/wp-json\/wp\/v2\/product_cat?post=27910"},{"taxonomy":"product_tag","embeddable":true,"href":"https:\/\/thuisbatterijoutlet.eu\/cs\/wp-json\/wp\/v2\/product_tag?post=27910"}],"curies":[{"name":"wp","href":"https:\/\/api.w.org\/{rel}","templated":true}]}}