{"id":27952,"date":"2024-12-20T18:32:47","date_gmt":"2024-12-20T18:32:47","guid":{"rendered":"https:\/\/thuisbatterijoutlet.eu\/?post_type=product&#038;p=27952"},"modified":"2025-03-08T07:38:38","modified_gmt":"2025-03-08T07:38:38","slug":"enphase-ac-gekoppeld-batterijsysteem-384kw-10kwh","status":"publish","type":"product","link":"https:\/\/thuisbatterijoutlet.eu\/cs\/produkt\/bateriovy-system-se-stridavym-proudem-enphase-384kw-10kwh\/","title":{"rendered":"Enphase - bateriov\u00fd syst\u00e9m se st\u0159\u00eddav\u00fdm proudem 3,84 kW, 10 kWh"},"content":{"rendered":"<p>D\u016fle\u017eit\u00e9: Je vy\u017eadov\u00e1na certifikace instalat\u00e9ra!Nav\u0161tivte Enphase University a z\u00edskejte certifikaci.<\/p>\n<p>D\u016fle\u017eit\u00e9: Prodlou\u017een\u00ed data baterie \"Energize by\" Prohl\u00e9dn\u011bte si dokument o prodlou\u017een\u00ed data \"Energize by\" v sekci ke sta\u017een\u00ed na t\u00e9to str\u00e1nce.Syst\u00e9m Enphase p\u0159ipojen\u00fd ke st\u0159\u00eddav\u00e9mu proudu s IQ-Battery 10T<br \/> Tato sada obsahuje ve\u0161ker\u00fd hardware pro bateriov\u00fd syst\u00e9m, kter\u00fd lze instalovat paraleln\u011b se st\u00e1vaj\u00edc\u00edm fotovoltaick\u00fdm syst\u00e9mem bez ohledu na zna\u010dku.<br \/> V\u00fdhody baterie Enphase IQ-Battery 10T:<\/p>\n<p>Pln\u011b integrovan\u00fd bateriov\u00fd syst\u00e9m AC s integrovan\u00fdmi mikrom\u011bni\u010di IQ 8X-BAT<br \/> Lze snadno p\u0159ipojit ke st\u0159\u00eddav\u00e9mu proudu standardn\u00ed dom\u00e1c\u00ed instalace.<br \/> optim\u00e1ln\u011b p\u0159izp\u016fsobuje syst\u00e9m situaci u\u017eivatele.<br \/> Pohodln\u00e9 ovl\u00e1d\u00e1n\u00ed a m\u011b\u0159en\u00ed prost\u0159ednictv\u00edm mobiln\u00ed aplikace<br \/> Pasivn\u00ed chlazen\u00ed (\u017e\u00e1dn\u00e9 pohybliv\u00e9 \u010d\u00e1sti\/ventil\u00e1tory)<br \/> Dlouh\u00e1 \u017eivotnost, 10let\u00e1 z\u00e1ruka<br \/> Pro instalaci baterie mus\u00ed b\u00fdt v\u00e1\u0161 instalat\u00e9r certifikov\u00e1n. V t\u00e9to v\u011bci se m\u016f\u017eete obr\u00e1tit na spr\u00e1vce \u00fa\u010dtu spole\u010dnosti Enphase.<\/p>","protected":false},"excerpt":{"rendered":"<p>1-f\u00e1zov\u00e9 | 3-f\u00e1zov\u00e9<\/p>","protected":false},"featured_media":27986,"comment_status":"open","ping_status":"closed","template":"","meta":[],"pwb-brand":[151],"product_brand":[],"product_cat":[389],"product_tag":[],"class_list":{"0":"post-27952","1":"product","2":"type-product","3":"status-publish","4":"has-post-thumbnail","6":"pwb-brand-enphase","7":"product_cat-thuisbatterij-systemen","9":"first","10":"instock","11":"shipping-taxable","12":"purchasable","13":"product-type-simple"},"brands":[{"id":151,"name":"Enphase","slug":"enphase"}],"_links":{"self":[{"href":"https:\/\/thuisbatterijoutlet.eu\/cs\/wp-json\/wp\/v2\/product\/27952","targetHints":{"allow":["GET"]}}],"collection":[{"href":"https:\/\/thuisbatterijoutlet.eu\/cs\/wp-json\/wp\/v2\/product"}],"about":[{"href":"https:\/\/thuisbatterijoutlet.eu\/cs\/wp-json\/wp\/v2\/types\/product"}],"replies":[{"embeddable":true,"href":"https:\/\/thuisbatterijoutlet.eu\/cs\/wp-json\/wp\/v2\/comments?post=27952"}],"version-history":[{"count":1,"href":"https:\/\/thuisbatterijoutlet.eu\/cs\/wp-json\/wp\/v2\/product\/27952\/revisions"}],"predecessor-version":[{"id":27987,"href":"https:\/\/thuisbatterijoutlet.eu\/cs\/wp-json\/wp\/v2\/product\/27952\/revisions\/27987"}],"wp:featuredmedia":[{"embeddable":true,"href":"https:\/\/thuisbatterijoutlet.eu\/cs\/wp-json\/wp\/v2\/media\/27986"}],"wp:attachment":[{"href":"https:\/\/thuisbatterijoutlet.eu\/cs\/wp-json\/wp\/v2\/media?parent=27952"}],"wp:term":[{"taxonomy":"pwb-brand","embeddable":true,"href":"https:\/\/thuisbatterijoutlet.eu\/cs\/wp-json\/wp\/v2\/pwb-brand?post=27952"},{"taxonomy":"product_brand","embeddable":true,"href":"https:\/\/thuisbatterijoutlet.eu\/cs\/wp-json\/wp\/v2\/product_brand?post=27952"},{"taxonomy":"product_cat","embeddable":true,"href":"https:\/\/thuisbatterijoutlet.eu\/cs\/wp-json\/wp\/v2\/product_cat?post=27952"},{"taxonomy":"product_tag","embeddable":true,"href":"https:\/\/thuisbatterijoutlet.eu\/cs\/wp-json\/wp\/v2\/product_tag?post=27952"}],"curies":[{"name":"wp","href":"https:\/\/api.w.org\/{rel}","templated":true}]}}