{"id":27956,"date":"2024-12-20T18:32:47","date_gmt":"2024-12-20T18:32:47","guid":{"rendered":"https:\/\/thuisbatterijoutlet.eu\/?post_type=product&#038;p=27956"},"modified":"2025-03-08T07:38:36","modified_gmt":"2025-03-08T07:38:36","slug":"enphase-energy-system-6-iq8ac-microinverters-3-5-kwh-battery","status":"publish","type":"product","link":"https:\/\/thuisbatterijoutlet.eu\/cs\/produkt\/enphase-energy-system-6-mikrostridacu-iq8ac-3-baterie-5-kwh\/","title":{"rendered":"Energetick\u00fd syst\u00e9m Enphase 6 mikrom\u011bni\u010d\u016f IQ8AC 3,5 kWh baterie"},"content":{"rendered":"<p>Tato sada je ide\u00e1ln\u00edm \u0159e\u0161en\u00edm pro sol\u00e1rn\u00ed syst\u00e9m s p\u0159esn\u011b 6 panely, v\u010detn\u011b v\u0161ech pot\u0159ebn\u00fdch komponent Enphase (jako je Q-rel\u00e9, Q-br\u00e1na a Q-kabely), pro jednoduchou a dokonalou kombinaci mikroinvertor\u016f a \u00falo\u017en\u00e9ho syst\u00e9mu.<br \/> V\u0161echny jednotliv\u00e9 sou\u010d\u00e1sti t\u00e9to sady naleznete na kart\u011b \"D\u00edly\".<\/p>\n<p>6 x mikroinvertor IQ8AC<br \/> V\u00fdkonn\u00e9 mikrost\u0159\u00edda\u010de \u0159ady IQ8 jsou p\u0159ipraveny pro inteligentn\u00ed s\u00edt\u011b a jsou navr\u017eeny pro nejnov\u011bj\u0161\u00ed generaci vysoce \u00fa\u010dinn\u00fdch fotovoltaick\u00fdch modul\u016f. Mikrost\u0159\u00edda\u010de \u0159ady IQ8 maj\u00ed nejvy\u0161\u0161\u00ed standardy v\u00fdroby energie a spolehlivosti v oboru a d\u00edky funkci rychl\u00e9ho vypnut\u00ed spl\u0148uj\u00ed nejvy\u0161\u0161\u00ed bezpe\u010dnostn\u00ed standardy. Lep\u0161\u00ed v\u00fdkon, spolehlivost a odolnost pro ka\u017ed\u00fd jednotliv\u00fd panel.<br \/> 1x IQ Battery 3T, energetick\u00e1 kapacita 3,5 kWh<br \/> S bateriemi Enphase IQ lze sol\u00e1rn\u00ed energii ukl\u00e1dat pro pou\u017eit\u00ed kdykoli - v noci nebo v dob\u011b \u0161pi\u010dky. Baterie IQ 3T je spolehliv\u00e1, chytr\u00e1, jednoduch\u00e1 a bezpe\u010dn\u00e1.<br \/> Nejd\u016fle\u017eit\u011bj\u0161\u00ed informace<br \/> Mikrost\u0159\u00edda\u010de IQ8AC jsou kompatibiln\u00ed s nejnov\u011bj\u0161\u00ed generac\u00ed vysoce \u00fa\u010dinn\u00fdch fotovoltaick\u00fdch modul\u016f.<br \/> Snadn\u00e1 instalace<br \/> Vysok\u00e1 produkce energie, spolehlivost a bezpe\u010dnost<br \/> N\u00edzk\u00e9 stejnosm\u011brn\u00e9 nap\u011bt\u00ed a rychl\u00e9 vypnut\u00ed pro maxim\u00e1ln\u00ed po\u017e\u00e1rn\u00ed bezpe\u010dnost<br \/> Z\u00e1ruka: 25 let z\u00e1ruka v\u00fdrobce na mikrom\u011bni\u010de, 10 let na baterie.<\/p>","protected":false},"excerpt":{"rendered":"<p>1-f\u00e1zov\u00fd | vhodn\u00fd pro 6 sol\u00e1rn\u00edch modul\u016f<\/p>","protected":false},"featured_media":27994,"comment_status":"open","ping_status":"closed","template":"","meta":[],"pwb-brand":[151],"product_brand":[],"product_cat":[389],"product_tag":[],"class_list":{"0":"post-27956","1":"product","2":"type-product","3":"status-publish","4":"has-post-thumbnail","6":"pwb-brand-enphase","7":"product_cat-thuisbatterij-systemen","9":"first","10":"instock","11":"shipping-taxable","12":"purchasable","13":"product-type-simple"},"brands":[{"id":151,"name":"Enphase","slug":"enphase"}],"_links":{"self":[{"href":"https:\/\/thuisbatterijoutlet.eu\/cs\/wp-json\/wp\/v2\/product\/27956","targetHints":{"allow":["GET"]}}],"collection":[{"href":"https:\/\/thuisbatterijoutlet.eu\/cs\/wp-json\/wp\/v2\/product"}],"about":[{"href":"https:\/\/thuisbatterijoutlet.eu\/cs\/wp-json\/wp\/v2\/types\/product"}],"replies":[{"embeddable":true,"href":"https:\/\/thuisbatterijoutlet.eu\/cs\/wp-json\/wp\/v2\/comments?post=27956"}],"version-history":[{"count":1,"href":"https:\/\/thuisbatterijoutlet.eu\/cs\/wp-json\/wp\/v2\/product\/27956\/revisions"}],"predecessor-version":[{"id":27995,"href":"https:\/\/thuisbatterijoutlet.eu\/cs\/wp-json\/wp\/v2\/product\/27956\/revisions\/27995"}],"wp:featuredmedia":[{"embeddable":true,"href":"https:\/\/thuisbatterijoutlet.eu\/cs\/wp-json\/wp\/v2\/media\/27994"}],"wp:attachment":[{"href":"https:\/\/thuisbatterijoutlet.eu\/cs\/wp-json\/wp\/v2\/media?parent=27956"}],"wp:term":[{"taxonomy":"pwb-brand","embeddable":true,"href":"https:\/\/thuisbatterijoutlet.eu\/cs\/wp-json\/wp\/v2\/pwb-brand?post=27956"},{"taxonomy":"product_brand","embeddable":true,"href":"https:\/\/thuisbatterijoutlet.eu\/cs\/wp-json\/wp\/v2\/product_brand?post=27956"},{"taxonomy":"product_cat","embeddable":true,"href":"https:\/\/thuisbatterijoutlet.eu\/cs\/wp-json\/wp\/v2\/product_cat?post=27956"},{"taxonomy":"product_tag","embeddable":true,"href":"https:\/\/thuisbatterijoutlet.eu\/cs\/wp-json\/wp\/v2\/product_tag?post=27956"}],"curies":[{"name":"wp","href":"https:\/\/api.w.org\/{rel}","templated":true}]}}