{"id":27957,"date":"2024-12-20T18:32:47","date_gmt":"2024-12-20T18:32:47","guid":{"rendered":"https:\/\/thuisbatterijoutlet.eu\/?post_type=product&#038;p=27957"},"modified":"2025-03-08T07:38:35","modified_gmt":"2025-03-08T07:38:35","slug":"sungrow-three-phase-hybrid-ess-10-0kw-12-8kwh-storage","status":"publish","type":"product","link":"https:\/\/thuisbatterijoutlet.eu\/cs\/produkt\/sungrow-trifazovy-hybrid-ess-10-0kw-12-8kwh-storage\/","title":{"rendered":"Sungrow - T\u0159\u00edf\u00e1zov\u00fd hybridn\u00ed ESS 10,0 kW, \u00falo\u017ei\u0161t\u011b 12,8 kWh"},"content":{"rendered":"<p>T\u0159\u00edf\u00e1zov\u00fd hybridn\u00ed syst\u00e9m Sungrow ESS 10,0 kW s 12,8 kWh \u00falo\u017ei\u0161t\u011bm je v\u00fdkonn\u00e9 a efektivn\u00ed \u0159e\u0161en\u00ed pro pot\u0159eby sol\u00e1rn\u00ed energie. S v\u00fdkonem 10 kW a kapacitou \u00falo\u017ei\u0161t\u011b 12,8 kWh nab\u00edz\u00ed tento syst\u00e9m spolehliv\u00e9 skladov\u00e1n\u00ed a \u0159\u00edzen\u00ed energie pro v\u011bt\u0161\u00ed domy nebo komer\u010dn\u00ed aplikace. Hybridn\u00ed konstrukce umo\u017e\u0148uje integraci sol\u00e1rn\u00ed energie i energie ze s\u00edt\u011b, co\u017e zaji\u0161\u0165uje maxim\u00e1ln\u00ed \u00fa\u010dinnost a flexibiln\u00ed dostupnost energie. Syst\u00e9m Sungrow ESS je navr\u017een pro dlouhou \u017eivotnost a maxim\u00e1ln\u00ed v\u00fdkon a je ide\u00e1ln\u00ed pro z\u00e1kazn\u00edky, kte\u0159\u00ed hledaj\u00ed spolehliv\u00e9 dod\u00e1vky energie a optimalizaci sv\u00e9ho sol\u00e1rn\u00edho syst\u00e9mu.<\/p>","protected":false},"excerpt":{"rendered":"<p>T\u0159\u00edf\u00e1zov\u00fd hybridn\u00ed zdroj Sungrow ESS 10,0 kW s \u00falo\u017ei\u0161t\u011bm 12,8 kWh je v\u00fdkonn\u00fdm a efektivn\u00edm \u0159e\u0161en\u00edm pro pot\u0159eby sol\u00e1rn\u00ed energie. S<\/p>","protected":false},"featured_media":27996,"comment_status":"open","ping_status":"closed","template":"","meta":[],"pwb-brand":[391],"product_brand":[],"product_cat":[389],"product_tag":[],"class_list":{"0":"post-27957","1":"product","2":"type-product","3":"status-publish","4":"has-post-thumbnail","6":"pwb-brand-sungrow","7":"product_cat-thuisbatterij-systemen","9":"first","10":"instock","11":"shipping-taxable","12":"purchasable","13":"product-type-simple"},"brands":[{"id":391,"name":"Sungrow","slug":"sungrow"}],"_links":{"self":[{"href":"https:\/\/thuisbatterijoutlet.eu\/cs\/wp-json\/wp\/v2\/product\/27957","targetHints":{"allow":["GET"]}}],"collection":[{"href":"https:\/\/thuisbatterijoutlet.eu\/cs\/wp-json\/wp\/v2\/product"}],"about":[{"href":"https:\/\/thuisbatterijoutlet.eu\/cs\/wp-json\/wp\/v2\/types\/product"}],"replies":[{"embeddable":true,"href":"https:\/\/thuisbatterijoutlet.eu\/cs\/wp-json\/wp\/v2\/comments?post=27957"}],"version-history":[{"count":2,"href":"https:\/\/thuisbatterijoutlet.eu\/cs\/wp-json\/wp\/v2\/product\/27957\/revisions"}],"predecessor-version":[{"id":29107,"href":"https:\/\/thuisbatterijoutlet.eu\/cs\/wp-json\/wp\/v2\/product\/27957\/revisions\/29107"}],"wp:featuredmedia":[{"embeddable":true,"href":"https:\/\/thuisbatterijoutlet.eu\/cs\/wp-json\/wp\/v2\/media\/27996"}],"wp:attachment":[{"href":"https:\/\/thuisbatterijoutlet.eu\/cs\/wp-json\/wp\/v2\/media?parent=27957"}],"wp:term":[{"taxonomy":"pwb-brand","embeddable":true,"href":"https:\/\/thuisbatterijoutlet.eu\/cs\/wp-json\/wp\/v2\/pwb-brand?post=27957"},{"taxonomy":"product_brand","embeddable":true,"href":"https:\/\/thuisbatterijoutlet.eu\/cs\/wp-json\/wp\/v2\/product_brand?post=27957"},{"taxonomy":"product_cat","embeddable":true,"href":"https:\/\/thuisbatterijoutlet.eu\/cs\/wp-json\/wp\/v2\/product_cat?post=27957"},{"taxonomy":"product_tag","embeddable":true,"href":"https:\/\/thuisbatterijoutlet.eu\/cs\/wp-json\/wp\/v2\/product_tag?post=27957"}],"curies":[{"name":"wp","href":"https:\/\/api.w.org\/{rel}","templated":true}]}}