{"id":27974,"date":"2024-12-20T18:32:48","date_gmt":"2024-12-20T18:32:48","guid":{"rendered":"https:\/\/thuisbatterijoutlet.eu\/?post_type=product&#038;p=27974"},"modified":"2025-03-08T07:38:33","modified_gmt":"2025-03-08T07:38:33","slug":"solplanet-hv-battery-module-2-56kwh","status":"publish","type":"product","link":"https:\/\/thuisbatterijoutlet.eu\/cs\/produkt\/solplanet-hv-bateriovy-modul-2-56kwh\/","title":{"rendered":"Solplanet HV bateriov\u00fd modul 2,56 kWh"},"content":{"rendered":"<p>Nov\u00e1 generace vysokonap\u011b\u0165ov\u00fdch bateri\u00ed, inteligentn\u00ed a flexibiln\u00ed syst\u00e9m skladov\u00e1n\u00ed energie, kter\u00fd se dokonale hod\u00ed k t\u0159\u00edf\u00e1zov\u00fdm hybridn\u00edm st\u0159\u00edda\u010d\u016fm Solplanet. Modul\u00e1rn\u00ed konstrukce \u0159ady Ai-HB G2 umo\u017e\u0148uje \u0161k\u00e1lovat syst\u00e9m v z\u00e1vislosti na va\u0161ich pot\u0159eb\u00e1ch a\u017e do maxim\u00e1ln\u00ed kapacity 81,92 kWh se \u010dty\u0159mi jednotkami (po 8 modulech) pracuj\u00edc\u00edmi plynule paraleln\u011b. Inteligentn\u00ed syst\u00e9m spr\u00e1vy bateri\u00ed monitoruje ka\u017ed\u00fd jednotliv\u00fd \u010dl\u00e1nek baterie nez\u00e1visle, optimalizuje podrobn\u00fd pracovn\u00ed stav cel\u00e9 instalace, zaji\u0161\u0165uje dlouhodobou spolehlivost a bezpe\u010dnost a umo\u017e\u0148uje nastavit v\u00fdt\u011b\u017enost instalace pro vlastn\u00ed spot\u0159ebu, \u00fasporu ve \u0161pi\u010dce a vyu\u017eit\u00ed \u010dasu, p\u0159i\u010dem\u017e cel\u00fd stav m\u016f\u017eete sledovat online pomoc\u00ed u\u017eivatelsky p\u0159\u00edv\u011btiv\u00fdch aplikac\u00ed Solplanet. Instalace a kompatibilita je v\u017edy snadn\u00e1, stejn\u011b jako u v\u0161ech produkt\u016f Solplanet, tak\u017ee je p\u0159\u00edjemn\u00e1 jak pro instalat\u00e9ry, tak pro u\u017eivatele.<\/p>","protected":false},"excerpt":{"rendered":"<p>Bateriov\u00fd modul 2,56 kWh<\/p>","protected":false},"featured_media":28066,"comment_status":"open","ping_status":"closed","template":"","meta":[],"pwb-brand":[157],"product_brand":[],"product_cat":[77],"product_tag":[],"class_list":{"0":"post-27974","1":"product","2":"type-product","3":"status-publish","4":"has-post-thumbnail","6":"pwb-brand-solplanet","7":"product_cat-thuisbatterijen","9":"first","10":"instock","11":"shipping-taxable","12":"purchasable","13":"product-type-simple"},"brands":[{"id":157,"name":"Solplanet","slug":"solplanet"}],"_links":{"self":[{"href":"https:\/\/thuisbatterijoutlet.eu\/cs\/wp-json\/wp\/v2\/product\/27974","targetHints":{"allow":["GET"]}}],"collection":[{"href":"https:\/\/thuisbatterijoutlet.eu\/cs\/wp-json\/wp\/v2\/product"}],"about":[{"href":"https:\/\/thuisbatterijoutlet.eu\/cs\/wp-json\/wp\/v2\/types\/product"}],"replies":[{"embeddable":true,"href":"https:\/\/thuisbatterijoutlet.eu\/cs\/wp-json\/wp\/v2\/comments?post=27974"}],"version-history":[{"count":1,"href":"https:\/\/thuisbatterijoutlet.eu\/cs\/wp-json\/wp\/v2\/product\/27974\/revisions"}],"predecessor-version":[{"id":28067,"href":"https:\/\/thuisbatterijoutlet.eu\/cs\/wp-json\/wp\/v2\/product\/27974\/revisions\/28067"}],"wp:featuredmedia":[{"embeddable":true,"href":"https:\/\/thuisbatterijoutlet.eu\/cs\/wp-json\/wp\/v2\/media\/28066"}],"wp:attachment":[{"href":"https:\/\/thuisbatterijoutlet.eu\/cs\/wp-json\/wp\/v2\/media?parent=27974"}],"wp:term":[{"taxonomy":"pwb-brand","embeddable":true,"href":"https:\/\/thuisbatterijoutlet.eu\/cs\/wp-json\/wp\/v2\/pwb-brand?post=27974"},{"taxonomy":"product_brand","embeddable":true,"href":"https:\/\/thuisbatterijoutlet.eu\/cs\/wp-json\/wp\/v2\/product_brand?post=27974"},{"taxonomy":"product_cat","embeddable":true,"href":"https:\/\/thuisbatterijoutlet.eu\/cs\/wp-json\/wp\/v2\/product_cat?post=27974"},{"taxonomy":"product_tag","embeddable":true,"href":"https:\/\/thuisbatterijoutlet.eu\/cs\/wp-json\/wp\/v2\/product_tag?post=27974"}],"curies":[{"name":"wp","href":"https:\/\/api.w.org\/{rel}","templated":true}]}}