{"id":28040,"date":"2024-12-20T18:33:30","date_gmt":"2024-12-20T18:33:30","guid":{"rendered":"https:\/\/thuisbatterijoutlet.eu\/?post_type=product&#038;p=28040"},"modified":"2025-03-08T07:38:25","modified_gmt":"2025-03-08T07:38:25","slug":"saj-battery-bu2-5-0-hv5-for-all-in-one-solution","status":"publish","type":"product","link":"https:\/\/thuisbatterijoutlet.eu\/cs\/produkt\/saj-baterie-bu2-5-0-hv5-pro-reseni-all-in-one\/","title":{"rendered":"Baterie SAJ BU2-5.0-HV5 pro ALL-In-One-Solution"},"content":{"rendered":"<p>Tento bateriov\u00fd modul s kapacitou 5 kWh je sou\u010d\u00e1st\u00ed \u0159e\u0161en\u00ed HS2 All-In-One.SAJ Electric<br \/> Spole\u010dnost SAJ je glob\u00e1ln\u00edm hr\u00e1\u010dem na trhu st\u0159\u00edda\u010d\u016f, kter\u00fd se zam\u011b\u0159uje na \u0159e\u0161en\u00ed pro p\u0159em\u011bnu, p\u0159enos a skladov\u00e1n\u00ed energie z obnoviteln\u00fdch zdroj\u016f. Spole\u010dnost nab\u00edz\u00ed profesion\u00e1ln\u00ed distribuovan\u00e9 sol\u00e1rn\u00ed st\u0159\u00edda\u010de, hybridn\u00ed st\u0159\u00edda\u010de s bateriov\u00fdm \u00falo\u017ei\u0161t\u011bm a monitorovac\u00ed syst\u00e9m.<\/p>","protected":false},"excerpt":{"rendered":"<p>5 kWh | Vysok\u00e9 nap\u011bt\u00ed<\/p>","protected":false},"featured_media":28124,"comment_status":"open","ping_status":"closed","template":"","meta":[],"pwb-brand":[390],"product_brand":[],"product_cat":[77],"product_tag":[],"class_list":{"0":"post-28040","1":"product","2":"type-product","3":"status-publish","4":"has-post-thumbnail","6":"pwb-brand-saj","7":"product_cat-thuisbatterijen","9":"first","10":"instock","11":"shipping-taxable","12":"purchasable","13":"product-type-simple"},"brands":[{"id":390,"name":"SAJ","slug":"saj"}],"_links":{"self":[{"href":"https:\/\/thuisbatterijoutlet.eu\/cs\/wp-json\/wp\/v2\/product\/28040","targetHints":{"allow":["GET"]}}],"collection":[{"href":"https:\/\/thuisbatterijoutlet.eu\/cs\/wp-json\/wp\/v2\/product"}],"about":[{"href":"https:\/\/thuisbatterijoutlet.eu\/cs\/wp-json\/wp\/v2\/types\/product"}],"replies":[{"embeddable":true,"href":"https:\/\/thuisbatterijoutlet.eu\/cs\/wp-json\/wp\/v2\/comments?post=28040"}],"version-history":[{"count":1,"href":"https:\/\/thuisbatterijoutlet.eu\/cs\/wp-json\/wp\/v2\/product\/28040\/revisions"}],"predecessor-version":[{"id":28125,"href":"https:\/\/thuisbatterijoutlet.eu\/cs\/wp-json\/wp\/v2\/product\/28040\/revisions\/28125"}],"wp:featuredmedia":[{"embeddable":true,"href":"https:\/\/thuisbatterijoutlet.eu\/cs\/wp-json\/wp\/v2\/media\/28124"}],"wp:attachment":[{"href":"https:\/\/thuisbatterijoutlet.eu\/cs\/wp-json\/wp\/v2\/media?parent=28040"}],"wp:term":[{"taxonomy":"pwb-brand","embeddable":true,"href":"https:\/\/thuisbatterijoutlet.eu\/cs\/wp-json\/wp\/v2\/pwb-brand?post=28040"},{"taxonomy":"product_brand","embeddable":true,"href":"https:\/\/thuisbatterijoutlet.eu\/cs\/wp-json\/wp\/v2\/product_brand?post=28040"},{"taxonomy":"product_cat","embeddable":true,"href":"https:\/\/thuisbatterijoutlet.eu\/cs\/wp-json\/wp\/v2\/product_cat?post=28040"},{"taxonomy":"product_tag","embeddable":true,"href":"https:\/\/thuisbatterijoutlet.eu\/cs\/wp-json\/wp\/v2\/product_tag?post=28040"}],"curies":[{"name":"wp","href":"https:\/\/api.w.org\/{rel}","templated":true}]}}