{"id":28123,"date":"2024-12-20T18:35:01","date_gmt":"2024-12-20T18:35:01","guid":{"rendered":"https:\/\/thuisbatterijoutlet.eu\/?post_type=product&#038;p=28123"},"modified":"2025-03-08T07:38:18","modified_gmt":"2025-03-08T07:38:18","slug":"growatt-infinity-1500-portable-power-station","status":"publish","type":"product","link":"https:\/\/thuisbatterijoutlet.eu\/cs\/produkt\/prenosna-elektrocentrala-growatt-infinity-1500\/","title":{"rendered":"P\u0159enosn\u00e1 nap\u00e1jec\u00ed stanice Growatt Infinity 1500"},"content":{"rendered":"<p>Kapacita 1512Wh a v\u00fdkon 2000WZajist\u011bte nap\u00e1jen\u00ed v\u011bt\u0161\u00edmu po\u010dtu v\u00fdkonn\u00fdch za\u0159\u00edzen\u00ed.<br \/> Nab\u00edjen\u00ed na zdi za 2 hodinyNab\u00edjen\u00ed na zdi 0%-80% za 1 hodinu; nab\u00edjen\u00ed 0-100% za 2 hodiny.<br \/> Sol\u00e1rn\u00ed nab\u00edjen\u00ed za 2,5 hodinyPodporuje a\u017e 800W sol\u00e1rn\u00ed p\u0159\u00edkon pro venkovn\u00ed nab\u00edjen\u00ed.<br \/> 12 r\u016fzn\u00fdch v\u00fdstup\u016fA\u017e 12 v\u00fdstupn\u00edch port\u016f pro sou\u010dasn\u00e9 nap\u00e1jen\u00ed v\u0161ech va\u0161ich za\u0159\u00edzen\u00ed.<br \/> Nep\u0159eru\u0161iteln\u00fd zdroj nap\u00e1jen\u00ed (UPS)Spolehliv\u00e9 nep\u0159etr\u017eit\u00e9 z\u00e1lo\u017en\u00ed nap\u00e1jen\u00ed pro va\u0161e citliv\u00e9 energetick\u00e9 pot\u0159eby.<br \/> Chytr\u00e9 ovl\u00e1d\u00e1n\u00ed APPMonitorov\u00e1n\u00ed, ovl\u00e1d\u00e1n\u00ed, aktualizace firmwaru a snadn\u00fd p\u0159\u00edstup k z\u00e1kaznick\u00e9 podpo\u0159e.<\/p>","protected":false},"excerpt":{"rendered":"<p>Nap\u00e1jen\u00ed a\u017e 12 za\u0159\u00edzen\u00ed sou\u010dasn\u011b<\/p>","protected":false},"featured_media":28220,"comment_status":"open","ping_status":"closed","template":"","meta":[],"pwb-brand":[152],"product_brand":[],"product_cat":[77],"product_tag":[],"class_list":{"0":"post-28123","1":"product","2":"type-product","3":"status-publish","4":"has-post-thumbnail","6":"pwb-brand-growatt","7":"product_cat-thuisbatterijen","9":"first","10":"instock","11":"shipping-taxable","12":"purchasable","13":"product-type-simple"},"brands":[{"id":152,"name":"Growatt","slug":"growatt"}],"_links":{"self":[{"href":"https:\/\/thuisbatterijoutlet.eu\/cs\/wp-json\/wp\/v2\/product\/28123","targetHints":{"allow":["GET"]}}],"collection":[{"href":"https:\/\/thuisbatterijoutlet.eu\/cs\/wp-json\/wp\/v2\/product"}],"about":[{"href":"https:\/\/thuisbatterijoutlet.eu\/cs\/wp-json\/wp\/v2\/types\/product"}],"replies":[{"embeddable":true,"href":"https:\/\/thuisbatterijoutlet.eu\/cs\/wp-json\/wp\/v2\/comments?post=28123"}],"version-history":[{"count":1,"href":"https:\/\/thuisbatterijoutlet.eu\/cs\/wp-json\/wp\/v2\/product\/28123\/revisions"}],"predecessor-version":[{"id":28221,"href":"https:\/\/thuisbatterijoutlet.eu\/cs\/wp-json\/wp\/v2\/product\/28123\/revisions\/28221"}],"wp:featuredmedia":[{"embeddable":true,"href":"https:\/\/thuisbatterijoutlet.eu\/cs\/wp-json\/wp\/v2\/media\/28220"}],"wp:attachment":[{"href":"https:\/\/thuisbatterijoutlet.eu\/cs\/wp-json\/wp\/v2\/media?parent=28123"}],"wp:term":[{"taxonomy":"pwb-brand","embeddable":true,"href":"https:\/\/thuisbatterijoutlet.eu\/cs\/wp-json\/wp\/v2\/pwb-brand?post=28123"},{"taxonomy":"product_brand","embeddable":true,"href":"https:\/\/thuisbatterijoutlet.eu\/cs\/wp-json\/wp\/v2\/product_brand?post=28123"},{"taxonomy":"product_cat","embeddable":true,"href":"https:\/\/thuisbatterijoutlet.eu\/cs\/wp-json\/wp\/v2\/product_cat?post=28123"},{"taxonomy":"product_tag","embeddable":true,"href":"https:\/\/thuisbatterijoutlet.eu\/cs\/wp-json\/wp\/v2\/product_tag?post=28123"}],"curies":[{"name":"wp","href":"https:\/\/api.w.org\/{rel}","templated":true}]}}