{"id":28156,"date":"2024-12-20T18:35:22","date_gmt":"2024-12-20T18:35:22","guid":{"rendered":"https:\/\/thuisbatterijoutlet.eu\/?post_type=product&#038;p=28156"},"modified":"2025-03-08T07:38:15","modified_gmt":"2025-03-08T07:38:15","slug":"bmz-hoogspanningsbatterij-met-housing-hyperion-10kwh-bundel","status":"publish","type":"product","link":"https:\/\/thuisbatterijoutlet.eu\/cs\/produkt\/bmz-hoogspanningsbatterij-met-housing-hyperion-10kwh-bundel\/","title":{"rendered":"Vysokonap\u011b\u0165ov\u00e1 baterie BMZ s pouzdrem Hyperion 10kWh"},"content":{"rendered":"<p>Tato sada obsahuje:<\/p>\n<p>4 x BMZ Batterij Module Helios<br \/> 1 x pouzdro BMZ Hyperion<\/p>\n<p>Bateriov\u00fd modul BMZ Helios (SKU: 612033)<br \/> Inteligentn\u00ed roz\u0161\u00ed\u0159en\u00ed nap\u00e1jec\u00ed baterie pro nov\u00fd vysokonap\u011b\u0165ov\u00fd \u00falo\u017en\u00fd syst\u00e9m Hyperion, sest\u00e1vaj\u00edc\u00ed z modulu s celkovou kapacitou 3 kWh. Snadn\u00e1 a spolehliv\u00e1 instalace. Pam\u011b\u0165 lze v budoucnu snadno roz\u0161\u00ed\u0159it. Syst\u00e9m se samoz\u0159ejm\u011b vyr\u00e1b\u00ed v N\u011bmecku. Modul Helios je p\u0159ipraven k p\u0159ipojen\u00ed k v\u00edce p\u0159\u00edpojk\u00e1m, p\u0159esv\u011bd\u010d\u00ed svou dlouhou \u017eivotnost\u00ed a je velmi lehk\u00fd a kompaktn\u00ed. V\u00edce informac\u00ed o bateriov\u00e9m modulu Helios naleznete v datov\u00e9m listu v nab\u00eddce Ke sta\u017een\u00ed. V\u00fdkon 48,7 Ah, energetick\u00fd obsah 2,50 kWh, jmenovit\u00e9 nap\u011bt\u00ed 51,8 V.<br \/> Pouzdro BMZ Hyperion (SKU: 616038)<br \/> Nov\u00fd inovativn\u00ed vysokonap\u011b\u0165ov\u00fd \u00falo\u017en\u00fd syst\u00e9m Hyperion se d\u00edky sv\u00e9 modularit\u011b snadno instaluje, ale z\u00e1rove\u0148 je spolehliv\u00fd. Nav\u00edc lze syst\u00e9m ukl\u00e1d\u00e1n\u00ed v budoucnu roz\u0161\u00ed\u0159it, pokud bude pot\u0159eba v\u011bt\u0161\u00ed objem energie. Vyr\u00e1b\u00ed se v N\u011bmecku a lze jej vybavit minim\u00e1ln\u011b t\u0159emi a maxim\u00e1ln\u011b \u0161esti moduly a\u017e do celkov\u00e9 kapacity 15 kWh. V syst\u00e9mu Hyperion jsou instalov\u00e1ny vysoce v\u00fdkonn\u00e9 lithium-iontov\u00e9 bateriov\u00e9 \u010dl\u00e1nky. Bezpe\u010dn\u00fd design a robustn\u00ed konstrukce navazuj\u00ed na osv\u011bd\u010denou kvalitu p\u0159edchoz\u00edch forem \u00falo\u017ei\u0161\u0165 BMZ. Je vhodn\u00fd jako nouzov\u00e9 \u00falo\u017ei\u0161t\u011b energie, sni\u017euje celkov\u00e9 n\u00e1klady na syst\u00e9m a zvy\u0161uje jeho \u00fa\u010dinnost. Jedn\u00e1 se o skute\u010dn\u00e9 vysokonap\u011b\u0165ov\u00e9 \u00falo\u017en\u00e9 za\u0159\u00edzen\u00ed, kter\u00e9 eliminuje pot\u0159ebu skryt\u00e9ho DC\/DC m\u011bni\u010de. Hyperion je kompatibiln\u00ed se st\u0159\u00edda\u010di r\u016fzn\u00fdch v\u00fdrobc\u016f, jak je uvedeno v p\u0159ehledu kompatibility.<\/p>","protected":false},"excerpt":{"rendered":"<p>Kapacita 48,7 Ah<\/p>","protected":false},"featured_media":28226,"comment_status":"open","ping_status":"closed","template":"","meta":[],"pwb-brand":[],"product_brand":[],"product_cat":[77],"product_tag":[],"class_list":{"0":"post-28156","1":"product","2":"type-product","3":"status-publish","4":"has-post-thumbnail","6":"product_cat-thuisbatterijen","8":"first","9":"instock","10":"shipping-taxable","11":"purchasable","12":"product-type-simple"},"brands":[],"_links":{"self":[{"href":"https:\/\/thuisbatterijoutlet.eu\/cs\/wp-json\/wp\/v2\/product\/28156","targetHints":{"allow":["GET"]}}],"collection":[{"href":"https:\/\/thuisbatterijoutlet.eu\/cs\/wp-json\/wp\/v2\/product"}],"about":[{"href":"https:\/\/thuisbatterijoutlet.eu\/cs\/wp-json\/wp\/v2\/types\/product"}],"replies":[{"embeddable":true,"href":"https:\/\/thuisbatterijoutlet.eu\/cs\/wp-json\/wp\/v2\/comments?post=28156"}],"version-history":[{"count":1,"href":"https:\/\/thuisbatterijoutlet.eu\/cs\/wp-json\/wp\/v2\/product\/28156\/revisions"}],"predecessor-version":[{"id":28227,"href":"https:\/\/thuisbatterijoutlet.eu\/cs\/wp-json\/wp\/v2\/product\/28156\/revisions\/28227"}],"wp:featuredmedia":[{"embeddable":true,"href":"https:\/\/thuisbatterijoutlet.eu\/cs\/wp-json\/wp\/v2\/media\/28226"}],"wp:attachment":[{"href":"https:\/\/thuisbatterijoutlet.eu\/cs\/wp-json\/wp\/v2\/media?parent=28156"}],"wp:term":[{"taxonomy":"pwb-brand","embeddable":true,"href":"https:\/\/thuisbatterijoutlet.eu\/cs\/wp-json\/wp\/v2\/pwb-brand?post=28156"},{"taxonomy":"product_brand","embeddable":true,"href":"https:\/\/thuisbatterijoutlet.eu\/cs\/wp-json\/wp\/v2\/product_brand?post=28156"},{"taxonomy":"product_cat","embeddable":true,"href":"https:\/\/thuisbatterijoutlet.eu\/cs\/wp-json\/wp\/v2\/product_cat?post=28156"},{"taxonomy":"product_tag","embeddable":true,"href":"https:\/\/thuisbatterijoutlet.eu\/cs\/wp-json\/wp\/v2\/product_tag?post=28156"}],"curies":[{"name":"wp","href":"https:\/\/api.w.org\/{rel}","templated":true}]}}