{"id":28166,"date":"2024-12-20T18:35:23","date_gmt":"2024-12-20T18:35:23","guid":{"rendered":"https:\/\/thuisbatterijoutlet.eu\/?post_type=product&#038;p=28166"},"modified":"2025-03-08T07:38:14","modified_gmt":"2025-03-08T07:38:14","slug":"sma-sunny-home-manager-2-0","status":"publish","type":"product","link":"https:\/\/thuisbatterijoutlet.eu\/cs\/produkt\/sma-sunny-home-manager-2-0\/","title":{"rendered":"SMA Sunny Home Manager 2.0"},"content":{"rendered":"<p>\u0158\u00eddic\u00ed centrum pro inteligentn\u00ed spr\u00e1vu energie<br \/> Sunny Home Manager 2.0 je inteligentn\u00ed energetick\u00fd mana\u017eer spole\u010dnosti SMA, kter\u00fd umo\u017e\u0148uje co nejefektivn\u011bj\u0161\u00ed vyu\u017eit\u00ed sol\u00e1rn\u00ed energie v dom\u00e1cnosti.Optimalizuje vlastn\u00ed spot\u0159ebu fotovoltaiky a v\u00fdrazn\u011b sni\u017euje n\u00e1klady na elekt\u0159inu.Za t\u00edmto \u00fa\u010delem m\u011b\u0159\u00ed v\u00fdkon fotovoltaick\u00e9 v\u00fdroby, nakupovan\u00e9 elekt\u0159iny a vstup\u016f ze s\u00edt\u011b a poskytuje p\u0159ehled o v\u0161ech relevantn\u00edch toc\u00edch energie v dom\u00e1cnosti.Prost\u0159ednictv\u00edm lok\u00e1ln\u00edch progn\u00f3z v\u00fdroby fotovoltaick\u00e9 energie a nam\u011b\u0159en\u00e9ho profilu spot\u0159eby dom\u00e1cnosti vede samou\u010d\u00edc\u00ed se za\u0159\u00edzen\u00ed u\u017eivatele doporu\u010den\u00edmi k opat\u0159en\u00edm souvisej\u00edc\u00edm s energi\u00ed. provoz sledovan\u00fdch za\u0159\u00edzen\u00ed je koordinov\u00e1n tak, aby se optimalizovalo vyu\u017eit\u00ed vlastn\u00ed v\u00fdroby sol\u00e1rn\u00ed energie.<br \/> Cesta k inteligentn\u00ed spr\u00e1v\u011b energie je zcela jednoduch\u00e1.Sta\u010d\u00ed nainstalovat Sunny Home Manager 2.0 v m\u00edst\u011b p\u0159ipojen\u00ed k s\u00edti, p\u0159ipojit jej k internetov\u00e9mu routeru pomoc\u00ed ethernetov\u00e9ho kabelu a pot\u00e9 zdarma zaregistrovat fotovoltaick\u00fd syst\u00e9m v Sunny Portal nebo Sunny Places a p\u0159ipojit se k v\u00edce ne\u017e 30 000 syst\u00e9m\u016fm, kter\u00e9 jsou ji\u017e nainstalov\u00e1ny po cel\u00e9m sv\u011bt\u011b a p\u0159in\u00e1\u0161ej\u00ed v\u00fdhodyV\u00edce energetick\u00e9 \u00fa\u010dinnosti.<\/p>","protected":false},"excerpt":{"rendered":"<p>\u0158\u00eddic\u00ed centrum pro inteligentn\u00ed spr\u00e1vu energie Sunny Home Manager 2.0 je inteligentn\u00ed spr\u00e1vce energie od spole\u010dnosti SMA, kter\u00fd umo\u017e\u0148uje maxim\u00e1ln\u011b vyu\u017e\u00edt<\/p>","protected":false},"featured_media":28278,"comment_status":"open","ping_status":"closed","template":"","meta":[],"pwb-brand":[159],"product_brand":[],"product_cat":[77],"product_tag":[],"class_list":{"0":"post-28166","1":"product","2":"type-product","3":"status-publish","4":"has-post-thumbnail","6":"pwb-brand-sma","7":"product_cat-thuisbatterijen","9":"first","10":"instock","11":"shipping-taxable","12":"purchasable","13":"product-type-simple"},"brands":[{"id":159,"name":"SMA","slug":"sma"}],"_links":{"self":[{"href":"https:\/\/thuisbatterijoutlet.eu\/cs\/wp-json\/wp\/v2\/product\/28166","targetHints":{"allow":["GET"]}}],"collection":[{"href":"https:\/\/thuisbatterijoutlet.eu\/cs\/wp-json\/wp\/v2\/product"}],"about":[{"href":"https:\/\/thuisbatterijoutlet.eu\/cs\/wp-json\/wp\/v2\/types\/product"}],"replies":[{"embeddable":true,"href":"https:\/\/thuisbatterijoutlet.eu\/cs\/wp-json\/wp\/v2\/comments?post=28166"}],"version-history":[{"count":1,"href":"https:\/\/thuisbatterijoutlet.eu\/cs\/wp-json\/wp\/v2\/product\/28166\/revisions"}],"predecessor-version":[{"id":28279,"href":"https:\/\/thuisbatterijoutlet.eu\/cs\/wp-json\/wp\/v2\/product\/28166\/revisions\/28279"}],"wp:featuredmedia":[{"embeddable":true,"href":"https:\/\/thuisbatterijoutlet.eu\/cs\/wp-json\/wp\/v2\/media\/28278"}],"wp:attachment":[{"href":"https:\/\/thuisbatterijoutlet.eu\/cs\/wp-json\/wp\/v2\/media?parent=28166"}],"wp:term":[{"taxonomy":"pwb-brand","embeddable":true,"href":"https:\/\/thuisbatterijoutlet.eu\/cs\/wp-json\/wp\/v2\/pwb-brand?post=28166"},{"taxonomy":"product_brand","embeddable":true,"href":"https:\/\/thuisbatterijoutlet.eu\/cs\/wp-json\/wp\/v2\/product_brand?post=28166"},{"taxonomy":"product_cat","embeddable":true,"href":"https:\/\/thuisbatterijoutlet.eu\/cs\/wp-json\/wp\/v2\/product_cat?post=28166"},{"taxonomy":"product_tag","embeddable":true,"href":"https:\/\/thuisbatterijoutlet.eu\/cs\/wp-json\/wp\/v2\/product_tag?post=28166"}],"curies":[{"name":"wp","href":"https:\/\/api.w.org\/{rel}","templated":true}]}}