{"id":28190,"date":"2024-12-20T18:35:48","date_gmt":"2024-12-20T18:35:48","guid":{"rendered":"https:\/\/thuisbatterijoutlet.eu\/?post_type=product&#038;p=28190"},"modified":"2025-03-08T07:38:09","modified_gmt":"2025-03-08T07:38:09","slug":"sungrow-sbr256-high-voltage-lfp-battery","status":"publish","type":"product","link":"https:\/\/thuisbatterijoutlet.eu\/cs\/produkt\/sungrow-sbr256-vysokonapetova-baterie-lfp\/","title":{"rendered":"Sungrow - SBR256 Vysokonap\u011b\u0165ov\u00e1 baterie LFP"},"content":{"rendered":"<p>Sungrow - SBR256 Tato baterie m\u00e1 kapacitu 25,6 kWh a jmenovit\u00fd stejnosm\u011brn\u00fd v\u00fdkon 15,36 kW Sungrow - SRB096\/128\/160\/192\/224\/256 Vysokonap\u011b\u0165ov\u00e1 baterie LFP Vysok\u00e1 \u00fa\u010dinnost A\u017e 30 A nep\u0159etr\u017eit\u00e9 nab\u00edjen\u00ed a vyb\u00edjen\u00ed s vysokou \u00fa\u010dinnost\u00ed 100% DoD (Depth of Discharge) Bezpe\u010dn\u00e9 lithium-\u017eelezo-fosf\u00e1tov\u00e9 bateriov\u00e9 \u010dl\u00e1nky V\u00edcestup\u0148ov\u00e1 ochrana a certifikace Flexibiln\u00ed Roz\u0161i\u0159iteln\u00e1 Podporuje 3 a\u017e 8 modul\u016f na jednotku, max. 4 paraleln\u011b zapojen\u00e9 jednotky, kapacita 9-100 kWh Vysok\u00e1 \u00fa\u010dinnost A\u017e 30 A trval\u00e9ho nab\u00edjec\u00edho a vyb\u00edjec\u00edho proudu s vysokou \u00fa\u010dinnost\u00ed 100% DoD<\/p>","protected":false},"excerpt":{"rendered":"<p>Sungrow - SBR256<\/p>","protected":false},"featured_media":28301,"comment_status":"open","ping_status":"closed","template":"","meta":[],"pwb-brand":[391],"product_brand":[],"product_cat":[77],"product_tag":[],"class_list":{"0":"post-28190","1":"product","2":"type-product","3":"status-publish","4":"has-post-thumbnail","6":"pwb-brand-sungrow","7":"product_cat-thuisbatterijen","9":"first","10":"instock","11":"shipping-taxable","12":"purchasable","13":"product-type-simple"},"brands":[{"id":391,"name":"Sungrow","slug":"sungrow"}],"_links":{"self":[{"href":"https:\/\/thuisbatterijoutlet.eu\/cs\/wp-json\/wp\/v2\/product\/28190","targetHints":{"allow":["GET"]}}],"collection":[{"href":"https:\/\/thuisbatterijoutlet.eu\/cs\/wp-json\/wp\/v2\/product"}],"about":[{"href":"https:\/\/thuisbatterijoutlet.eu\/cs\/wp-json\/wp\/v2\/types\/product"}],"replies":[{"embeddable":true,"href":"https:\/\/thuisbatterijoutlet.eu\/cs\/wp-json\/wp\/v2\/comments?post=28190"}],"version-history":[{"count":1,"href":"https:\/\/thuisbatterijoutlet.eu\/cs\/wp-json\/wp\/v2\/product\/28190\/revisions"}],"predecessor-version":[{"id":28302,"href":"https:\/\/thuisbatterijoutlet.eu\/cs\/wp-json\/wp\/v2\/product\/28190\/revisions\/28302"}],"wp:featuredmedia":[{"embeddable":true,"href":"https:\/\/thuisbatterijoutlet.eu\/cs\/wp-json\/wp\/v2\/media\/28301"}],"wp:attachment":[{"href":"https:\/\/thuisbatterijoutlet.eu\/cs\/wp-json\/wp\/v2\/media?parent=28190"}],"wp:term":[{"taxonomy":"pwb-brand","embeddable":true,"href":"https:\/\/thuisbatterijoutlet.eu\/cs\/wp-json\/wp\/v2\/pwb-brand?post=28190"},{"taxonomy":"product_brand","embeddable":true,"href":"https:\/\/thuisbatterijoutlet.eu\/cs\/wp-json\/wp\/v2\/product_brand?post=28190"},{"taxonomy":"product_cat","embeddable":true,"href":"https:\/\/thuisbatterijoutlet.eu\/cs\/wp-json\/wp\/v2\/product_cat?post=28190"},{"taxonomy":"product_tag","embeddable":true,"href":"https:\/\/thuisbatterijoutlet.eu\/cs\/wp-json\/wp\/v2\/product_tag?post=28190"}],"curies":[{"name":"wp","href":"https:\/\/api.w.org\/{rel}","templated":true}]}}