{"id":28215,"date":"2024-12-20T18:36:09","date_gmt":"2024-12-20T18:36:09","guid":{"rendered":"https:\/\/thuisbatterijoutlet.eu\/?post_type=product&#038;p=28215"},"modified":"2025-03-08T07:38:06","modified_gmt":"2025-03-08T07:38:06","slug":"sungrow-three-phase-hybrid-ess-5-0kw-9-6kwh-storage","status":"publish","type":"product","link":"https:\/\/thuisbatterijoutlet.eu\/cs\/produkt\/sungrow-trifazovy-hybrid-ess-5-0kw-9-6kwh-storage\/","title":{"rendered":"Sungrow - T\u0159\u00edf\u00e1zov\u00fd hybridn\u00ed ESS 5,0 kW, \u00falo\u017ei\u0161t\u011b 9,6 kWh"},"content":{"rendered":"<p>Sungrow - 3f\u00e1zov\u00fd hybridn\u00ed m\u011bni\u010d 5,0 kW s 9,6 kWh bateri\u00ed Kompletn\u00ed hybridn\u00ed bateriov\u00fd syst\u00e9m pro dom\u00e1cnosti.  Tato kompletn\u00ed sada obsahuje n\u00e1sleduj\u00edc\u00ed polo\u017eky: Sungrow - SH5.0RT st\u0159\u00edda\u010d 223306 Sungrow - SBR 9,6kWh-HV baterie 223353 V\u010detn\u011b elektrom\u011bru a Ethernet\/Wi-Fi kl\u00ed\u010deSungrow - reziden\u010dn\u00ed hybridn\u00ed 1-f\u00e1zov\u00fd syst\u00e9m pro ukl\u00e1d\u00e1n\u00ed energie Flexibiln\u00ed pou\u017eit\u00ed Ide\u00e1ln\u00ed pro modernizaci i nov\u00e9 instalace Kompaktn\u00ed a lehk\u00fd, vhodn\u00fd pro instalaci jednou osobou Roz\u0161i\u0159iteln\u00e1 kapacita baterie po celou dobu jej\u00ed \u017eivotnosti, podporuje 3 a\u017e 6 bateriov\u00fdch modul\u016f na jeden ESS A\u017e 4 paraleln\u00ed \u00falo\u017en\u00e9 syst\u00e9my v jednom syst\u00e9mu, a\u017e 40 kW v\u00fdkonu a 76 kWh kapacity Energetick\u00e1 nez\u00e1vislost Bezprobl\u00e9mov\u00fd p\u0159echod do z\u00e1lo\u017en\u00edho re\u017eimu, pro ochranu proti v\u00fdpadku s\u00edt\u011b. Vhodn\u00e9 pro nevyrovnan\u00e9 zat\u00ed\u017een\u00ed mezi f\u00e1zemi b\u011bhem z\u00e1lohov\u00e1n\u00ed Vestav\u011bn\u00fd EMS s pokro\u010dil\u00fdmi mo\u017enostmi p\u0159izp\u016fsoben\u00ed Inteligentn\u00ed spr\u00e1va iSolarCloud monitorov\u00e1n\u00ed dostupn\u00e9 v aplikaci a na webu Data v re\u00e1ln\u00e9m \u010dase (vzorek obnovy ka\u017ed\u00fdch 10 sekund) Bezpe\u010dn\u00e9 lithium-\u017eelezo-fosf\u00e1tov\u00e9 bateriov\u00e9 \u010dl\u00e1nky V\u00edcestup\u0148ov\u00e1 ochrana a certifikace Vysok\u00e1 \u00fa\u010dinnost A\u017e 30 A trval\u00e9ho nab\u00edjec\u00edho a vyb\u00edjec\u00edho proudu s vysokou \u00fa\u010dinnost\u00ed 100% DoD<\/p>","protected":false},"excerpt":{"rendered":"<p>Sungrow - 3-f\u00e1zov\u00fd hybridn\u00ed st\u0159\u00edda\u010d 5,0 kW s 9,6 kWh bateri\u00ed<\/p>","protected":false},"featured_media":28348,"comment_status":"open","ping_status":"closed","template":"","meta":[],"pwb-brand":[391],"product_brand":[],"product_cat":[77],"product_tag":[],"class_list":{"0":"post-28215","1":"product","2":"type-product","3":"status-publish","4":"has-post-thumbnail","6":"pwb-brand-sungrow","7":"product_cat-thuisbatterijen","9":"first","10":"instock","11":"shipping-taxable","12":"purchasable","13":"product-type-simple"},"brands":[{"id":391,"name":"Sungrow","slug":"sungrow"}],"_links":{"self":[{"href":"https:\/\/thuisbatterijoutlet.eu\/cs\/wp-json\/wp\/v2\/product\/28215","targetHints":{"allow":["GET"]}}],"collection":[{"href":"https:\/\/thuisbatterijoutlet.eu\/cs\/wp-json\/wp\/v2\/product"}],"about":[{"href":"https:\/\/thuisbatterijoutlet.eu\/cs\/wp-json\/wp\/v2\/types\/product"}],"replies":[{"embeddable":true,"href":"https:\/\/thuisbatterijoutlet.eu\/cs\/wp-json\/wp\/v2\/comments?post=28215"}],"version-history":[{"count":1,"href":"https:\/\/thuisbatterijoutlet.eu\/cs\/wp-json\/wp\/v2\/product\/28215\/revisions"}],"predecessor-version":[{"id":28349,"href":"https:\/\/thuisbatterijoutlet.eu\/cs\/wp-json\/wp\/v2\/product\/28215\/revisions\/28349"}],"wp:featuredmedia":[{"embeddable":true,"href":"https:\/\/thuisbatterijoutlet.eu\/cs\/wp-json\/wp\/v2\/media\/28348"}],"wp:attachment":[{"href":"https:\/\/thuisbatterijoutlet.eu\/cs\/wp-json\/wp\/v2\/media?parent=28215"}],"wp:term":[{"taxonomy":"pwb-brand","embeddable":true,"href":"https:\/\/thuisbatterijoutlet.eu\/cs\/wp-json\/wp\/v2\/pwb-brand?post=28215"},{"taxonomy":"product_brand","embeddable":true,"href":"https:\/\/thuisbatterijoutlet.eu\/cs\/wp-json\/wp\/v2\/product_brand?post=28215"},{"taxonomy":"product_cat","embeddable":true,"href":"https:\/\/thuisbatterijoutlet.eu\/cs\/wp-json\/wp\/v2\/product_cat?post=28215"},{"taxonomy":"product_tag","embeddable":true,"href":"https:\/\/thuisbatterijoutlet.eu\/cs\/wp-json\/wp\/v2\/product_tag?post=28215"}],"curies":[{"name":"wp","href":"https:\/\/api.w.org\/{rel}","templated":true}]}}