{"id":28275,"date":"2024-12-20T18:37:28","date_gmt":"2024-12-20T18:37:28","guid":{"rendered":"https:\/\/thuisbatterijoutlet.eu\/?post_type=product&#038;p=28275"},"modified":"2025-03-08T07:37:59","modified_gmt":"2025-03-08T07:37:59","slug":"byd-combiner-box-for-battery-box-premium-hvs-hvm","status":"publish","type":"product","link":"https:\/\/thuisbatterijoutlet.eu\/cs\/produkt\/byd-kombinovany-box-pro-bateriovy-box-premium-hvs-hvm\/","title":{"rendered":"Kombinovan\u00fd box BYD pro Battery-Box Premium HVS &amp; HVM"},"content":{"rendered":"<p>S pot\u011b\u0161en\u00edm v\u00e1m oznamujeme, \u017ee je p\u0159ipraven k objedn\u00e1n\u00ed slu\u010dovac\u00ed box pro bateriov\u00e9 boxy BYD Premium HVS a HVM.Pou\u017eijte slu\u010dovac\u00ed box Premium HV pro paraleln\u00ed p\u0159ipojen\u00ed 2 nebo 3 bateriov\u00fdch box\u016f Premium HVS\/HVM, kter\u00fd poskytuje jednoduch\u00e9 a bezpe\u010dn\u00e9 \u0159e\u0161en\u00ed pro p\u0159ipojen\u00ed stejnosm\u011brn\u00fdch kabel\u016f.Ve\u0161ker\u00e9 souvisej\u00edc\u00ed dokumenty naleznete v centru stahov\u00e1n\u00ed, kde najdete pot\u0159ebn\u00e9 informace, kter\u00e9 v\u00e1m pomohou p\u0159i instalaci a konfiguraci. P\u0159ed instalac\u00ed zkontrolujte seznam kompatibiln\u00edch st\u0159\u00edda\u010d\u016f BYD Battery-Box Premium HVS &amp; HVM-v2.2 a ujist\u011bte se, \u017ee pl\u00e1novan\u00e1 konfigurace je v souladu se seznamem kompatibiln\u00edch st\u0159\u00edda\u010d\u016f BYD Premium HV a \u017ee v\u011b\u017ee maj\u00ed stejn\u00fd po\u010det modul\u016f.<\/p>","protected":false},"excerpt":{"rendered":"<p>S pot\u011b\u0161en\u00edm oznamujeme, \u017ee kombinovan\u00fd box pro BYD Battery-Box Premium HVS &amp; HVM je p\u0159ipraven.<\/p>","protected":false},"featured_media":28389,"comment_status":"open","ping_status":"closed","template":"","meta":[],"pwb-brand":[150],"product_brand":[],"product_cat":[77],"product_tag":[],"class_list":{"0":"post-28275","1":"product","2":"type-product","3":"status-publish","4":"has-post-thumbnail","6":"pwb-brand-byd","7":"product_cat-thuisbatterijen","9":"first","10":"instock","11":"shipping-taxable","12":"purchasable","13":"product-type-simple"},"brands":[{"id":150,"name":"BYD","slug":"byd"}],"_links":{"self":[{"href":"https:\/\/thuisbatterijoutlet.eu\/cs\/wp-json\/wp\/v2\/product\/28275","targetHints":{"allow":["GET"]}}],"collection":[{"href":"https:\/\/thuisbatterijoutlet.eu\/cs\/wp-json\/wp\/v2\/product"}],"about":[{"href":"https:\/\/thuisbatterijoutlet.eu\/cs\/wp-json\/wp\/v2\/types\/product"}],"replies":[{"embeddable":true,"href":"https:\/\/thuisbatterijoutlet.eu\/cs\/wp-json\/wp\/v2\/comments?post=28275"}],"version-history":[{"count":1,"href":"https:\/\/thuisbatterijoutlet.eu\/cs\/wp-json\/wp\/v2\/product\/28275\/revisions"}],"predecessor-version":[{"id":28390,"href":"https:\/\/thuisbatterijoutlet.eu\/cs\/wp-json\/wp\/v2\/product\/28275\/revisions\/28390"}],"wp:featuredmedia":[{"embeddable":true,"href":"https:\/\/thuisbatterijoutlet.eu\/cs\/wp-json\/wp\/v2\/media\/28389"}],"wp:attachment":[{"href":"https:\/\/thuisbatterijoutlet.eu\/cs\/wp-json\/wp\/v2\/media?parent=28275"}],"wp:term":[{"taxonomy":"pwb-brand","embeddable":true,"href":"https:\/\/thuisbatterijoutlet.eu\/cs\/wp-json\/wp\/v2\/pwb-brand?post=28275"},{"taxonomy":"product_brand","embeddable":true,"href":"https:\/\/thuisbatterijoutlet.eu\/cs\/wp-json\/wp\/v2\/product_brand?post=28275"},{"taxonomy":"product_cat","embeddable":true,"href":"https:\/\/thuisbatterijoutlet.eu\/cs\/wp-json\/wp\/v2\/product_cat?post=28275"},{"taxonomy":"product_tag","embeddable":true,"href":"https:\/\/thuisbatterijoutlet.eu\/cs\/wp-json\/wp\/v2\/product_tag?post=28275"}],"curies":[{"name":"wp","href":"https:\/\/api.w.org\/{rel}","templated":true}]}}