{"id":28312,"date":"2024-12-20T18:37:49","date_gmt":"2024-12-20T18:37:49","guid":{"rendered":"https:\/\/thuisbatterijoutlet.eu\/?post_type=product&#038;p=28312"},"modified":"2025-03-08T07:37:55","modified_gmt":"2025-03-08T07:37:55","slug":"pylontech-force-h2-142-kwh","status":"publish","type":"product","link":"https:\/\/thuisbatterijoutlet.eu\/cs\/produkt\/pylontech-force-h2-142-kwh\/","title":{"rendered":"Pylontech Force H2 14,2 kWh"},"content":{"rendered":"<h1 class=\"wp-block-heading\">hoogspanningsaccu 192<\/h1>\n<p>De Pylontech Force H2 14,2 kWh hoogspanningsaccu slaat elektriciteit op van uw lokale energienet. De capaciteit van 7,1 kWh geeft aan hoeveel energie het opslagsysteem kan absorberen wanneer het volledig is opgeladen. De set bestaat uit twee batterijmodules en een Batterij Management Systeem (BMS).<\/p>\n<p>4x Pylontech Force H2 3.55KWH <br \/>1x Force H2 BMS with base and Cables<\/p>","protected":false},"excerpt":{"rendered":"<h3>Vysokonap\u011b\u0165ov\u00e1 baterie Pylontech Force H2 FH9637M 96V 3,5 kWh<\/h3>\n<p>Roz\u0161i\u0159uj\u00edc\u00ed bateriov\u00fd modul Pylontech 96V Force H2 FH9637M s kapacitou baterie 3,5 kWh - je mo\u017en\u00e9 kombinovat a\u017e 4 baterie na jeden bateriov\u00fd blok. Nov\u011b vyvinut\u00fd modul Force H2 spole\u010dnosti Pylontech nab\u00edz\u00ed d\u00edky syst\u00e9mu stohov\u00e1n\u00ed rychl\u00e9 mo\u017enosti instalace.<\/p>\n<h3>Technick\u00e9 informace<\/h3>\n<ul>\n<li>Vysokonap\u011b\u0165ov\u00e1 baterie Pylontech Force H2 14,2 kWh ukl\u00e1d\u00e1 elekt\u0159inu z m\u00edstn\u00ed elektrick\u00e9 s\u00edt\u011b.<\/li>\n<li>Kapacita 14,2 kWh ud\u00e1v\u00e1, kolik energie dok\u00e1\u017ee syst\u00e9m skladov\u00e1n\u00ed absorbovat p\u0159i pln\u00e9m nabit\u00ed.<\/li>\n<li>Sada se skl\u00e1d\u00e1 ze \u010dty\u0159 bateriov\u00fdch modul\u016f a syst\u00e9mu spr\u00e1vy bateri\u00ed (BMS).<\/li>\n<li>snadn\u00e1 a rychl\u00e1 instalace + roz\u0161\u00ed\u0159en\u00ed<\/li>\n<\/ul>\n<h3>\u00a0<\/h3>\n<h3>Pylontech Force H2 FSC500M BMS pro 96V 3,5kWh vysokonap\u011b\u0165ovou baterii FH9637M Pylontech Force H2<\/h3>\n<p>FSC500M BMS je syst\u00e9m \u0159\u00edzen\u00ed baterie pro vysokonap\u011b\u0165ovou baterii Pylontech Force H2 FH9637M. Tato sada obsahuje n\u00e1sleduj\u00edc\u00ed polo\u017eky:<\/p>\n<ul>\n<li>1 Pylontech Force H2 FSC500M BMS pro 96V 3,5kWh vysokonap\u011b\u0165ovou baterii FH9637M<\/li>\n<li>4 vysokonap\u011b\u0165ov\u00e1 baterie Pylontech Force H2 FH9637M 96V 3,5 kWh<\/li>\n<\/ul>","protected":false},"featured_media":28412,"comment_status":"open","ping_status":"closed","template":"","meta":[],"pwb-brand":[155],"product_brand":[],"product_cat":[77],"product_tag":[],"class_list":{"0":"post-28312","1":"product","2":"type-product","3":"status-publish","4":"has-post-thumbnail","6":"pwb-brand-pylontech","7":"product_cat-thuisbatterijen","9":"first","10":"instock","11":"shipping-taxable","12":"purchasable","13":"product-type-simple"},"brands":[{"id":155,"name":"Pylontech","slug":"pylontech"}],"_links":{"self":[{"href":"https:\/\/thuisbatterijoutlet.eu\/cs\/wp-json\/wp\/v2\/product\/28312","targetHints":{"allow":["GET"]}}],"collection":[{"href":"https:\/\/thuisbatterijoutlet.eu\/cs\/wp-json\/wp\/v2\/product"}],"about":[{"href":"https:\/\/thuisbatterijoutlet.eu\/cs\/wp-json\/wp\/v2\/types\/product"}],"replies":[{"embeddable":true,"href":"https:\/\/thuisbatterijoutlet.eu\/cs\/wp-json\/wp\/v2\/comments?post=28312"}],"version-history":[{"count":1,"href":"https:\/\/thuisbatterijoutlet.eu\/cs\/wp-json\/wp\/v2\/product\/28312\/revisions"}],"predecessor-version":[{"id":28413,"href":"https:\/\/thuisbatterijoutlet.eu\/cs\/wp-json\/wp\/v2\/product\/28312\/revisions\/28413"}],"wp:featuredmedia":[{"embeddable":true,"href":"https:\/\/thuisbatterijoutlet.eu\/cs\/wp-json\/wp\/v2\/media\/28412"}],"wp:attachment":[{"href":"https:\/\/thuisbatterijoutlet.eu\/cs\/wp-json\/wp\/v2\/media?parent=28312"}],"wp:term":[{"taxonomy":"pwb-brand","embeddable":true,"href":"https:\/\/thuisbatterijoutlet.eu\/cs\/wp-json\/wp\/v2\/pwb-brand?post=28312"},{"taxonomy":"product_brand","embeddable":true,"href":"https:\/\/thuisbatterijoutlet.eu\/cs\/wp-json\/wp\/v2\/product_brand?post=28312"},{"taxonomy":"product_cat","embeddable":true,"href":"https:\/\/thuisbatterijoutlet.eu\/cs\/wp-json\/wp\/v2\/product_cat?post=28312"},{"taxonomy":"product_tag","embeddable":true,"href":"https:\/\/thuisbatterijoutlet.eu\/cs\/wp-json\/wp\/v2\/product_tag?post=28312"}],"curies":[{"name":"wp","href":"https:\/\/api.w.org\/{rel}","templated":true}]}}