{"id":28331,"date":"2024-12-20T18:38:11","date_gmt":"2024-12-20T18:38:11","guid":{"rendered":"https:\/\/thuisbatterijoutlet.eu\/?post_type=product&#038;p=28331"},"modified":"2025-03-08T07:37:53","modified_gmt":"2025-03-08T07:37:53","slug":"pylon-communication-hub","status":"publish","type":"product","link":"https:\/\/thuisbatterijoutlet.eu\/cs\/produkt\/komunikacni-rozbocovac-pylon\/","title":{"rendered":"Komunika\u010dn\u00ed uzel Pylon"},"content":{"rendered":"<p>Pylontech LV-Hub je nezbytn\u00fd pro komunikaci a p\u0159ipojen\u00ed bateri\u00ed US2000 nebo US3000.<\/p>","protected":false},"excerpt":{"rendered":"<p>Pylontech LV-Hub je nezbytn\u00fd pro komunikaci a p\u0159ipojen\u00ed bateri\u00ed US2000 nebo US3000.<\/p>","protected":false},"featured_media":28438,"comment_status":"open","ping_status":"closed","template":"","meta":[],"pwb-brand":[155],"product_brand":[],"product_cat":[77],"product_tag":[],"class_list":{"0":"post-28331","1":"product","2":"type-product","3":"status-publish","4":"has-post-thumbnail","6":"pwb-brand-pylontech","7":"product_cat-thuisbatterijen","9":"first","10":"instock","11":"shipping-taxable","12":"purchasable","13":"product-type-simple"},"brands":[{"id":155,"name":"Pylontech","slug":"pylontech"}],"_links":{"self":[{"href":"https:\/\/thuisbatterijoutlet.eu\/cs\/wp-json\/wp\/v2\/product\/28331","targetHints":{"allow":["GET"]}}],"collection":[{"href":"https:\/\/thuisbatterijoutlet.eu\/cs\/wp-json\/wp\/v2\/product"}],"about":[{"href":"https:\/\/thuisbatterijoutlet.eu\/cs\/wp-json\/wp\/v2\/types\/product"}],"replies":[{"embeddable":true,"href":"https:\/\/thuisbatterijoutlet.eu\/cs\/wp-json\/wp\/v2\/comments?post=28331"}],"version-history":[{"count":1,"href":"https:\/\/thuisbatterijoutlet.eu\/cs\/wp-json\/wp\/v2\/product\/28331\/revisions"}],"predecessor-version":[{"id":28439,"href":"https:\/\/thuisbatterijoutlet.eu\/cs\/wp-json\/wp\/v2\/product\/28331\/revisions\/28439"}],"wp:featuredmedia":[{"embeddable":true,"href":"https:\/\/thuisbatterijoutlet.eu\/cs\/wp-json\/wp\/v2\/media\/28438"}],"wp:attachment":[{"href":"https:\/\/thuisbatterijoutlet.eu\/cs\/wp-json\/wp\/v2\/media?parent=28331"}],"wp:term":[{"taxonomy":"pwb-brand","embeddable":true,"href":"https:\/\/thuisbatterijoutlet.eu\/cs\/wp-json\/wp\/v2\/pwb-brand?post=28331"},{"taxonomy":"product_brand","embeddable":true,"href":"https:\/\/thuisbatterijoutlet.eu\/cs\/wp-json\/wp\/v2\/product_brand?post=28331"},{"taxonomy":"product_cat","embeddable":true,"href":"https:\/\/thuisbatterijoutlet.eu\/cs\/wp-json\/wp\/v2\/product_cat?post=28331"},{"taxonomy":"product_tag","embeddable":true,"href":"https:\/\/thuisbatterijoutlet.eu\/cs\/wp-json\/wp\/v2\/product_tag?post=28331"}],"curies":[{"name":"wp","href":"https:\/\/api.w.org\/{rel}","templated":true}]}}