{"id":28354,"date":"2024-12-20T18:38:33","date_gmt":"2024-12-20T18:38:33","guid":{"rendered":"https:\/\/thuisbatterijoutlet.eu\/?post_type=product&#038;p=28354"},"modified":"2025-03-08T07:37:47","modified_gmt":"2025-03-08T07:37:47","slug":"pylon-us3000-3-55kwh-lithium-battery","status":"publish","type":"product","link":"https:\/\/thuisbatterijoutlet.eu\/cs\/produkt\/pylon-us3000-3-55kwh-lithiova-baterie\/","title":{"rendered":"Lithiov\u00e1 baterie Pylon US3000 3,55 kWh"},"content":{"rendered":"<p>US3000 Our je nejnov\u011bj\u0161\u00ed bateriov\u00fd syst\u00e9m HESS od spole\u010dnosti Pylontech s bohat\u00fdmi zku\u0161enostmi s dod\u00e1vkami na\u0161ich v\u00fdrobk\u016f do v\u00edce ne\u017e 20000 dom\u00e1cnost\u00ed.Dlouh\u00e1 \u017eivotnost, nejvy\u0161\u0161\u00ed hustota energie a v\u00fdkonu v oboru, m\u00f3dn\u00ed design, snadn\u00e1 instalace a roz\u0161\u00ed\u0159en\u00ed, to v\u0161e odr\u00e1\u017e\u00ed skute\u010dn\u00e9 po\u017eadavky koncov\u00fdch u\u017eivatel\u016f a nejsiln\u011bj\u0161\u00ed technick\u00e9 schopnosti spole\u010dnosti Pylontech.- Vertik\u00e1ln\u00ed integrace v odv\u011btv\u00ed zaji\u0161\u0165uje v\u00edce ne\u017e 6000 cykl\u016f s DOD 90% - Kompaktn\u00ed a m\u00f3dn\u00ed design se hod\u00ed do sladk\u00e9ho dom\u00e1c\u00edho prost\u0159ed\u00ed - Modul\u00e1rn\u00ed konstrukce d\u00e1v\u00e1 koncov\u00fdm z\u00e1kazn\u00edk\u016fm mo\u017enost volby kapacity - Kompatibilita s v\u011bt\u0161inou dostupn\u00fdch hybridn\u00edch m\u011bni\u010d\u016f - Jednoduch\u00e9 upevn\u011bn\u00ed sponouMinimalizuje \u010das a n\u00e1klady na instalaci - Bezpe\u010dnostn\u00ed cert.t\u00fcv CE UN38.3<\/p>","protected":false},"excerpt":{"rendered":"<p>US3000 N\u00e1\u0161 je nejnov\u011bj\u0161\u00ed bateriov\u00fd syst\u00e9m HESS od spole\u010dnosti Pylontech, kter\u00e1 m\u00e1 bohat\u00e9 zku\u0161enosti s nasazen\u00edm na\u0161ich v\u00fdrobk\u016f do v\u00edce ne\u017e 20000 bateri\u00ed.<\/p>","protected":false},"featured_media":28445,"comment_status":"open","ping_status":"closed","template":"","meta":[],"pwb-brand":[155],"product_brand":[],"product_cat":[77],"product_tag":[],"class_list":{"0":"post-28354","1":"product","2":"type-product","3":"status-publish","4":"has-post-thumbnail","6":"pwb-brand-pylontech","7":"product_cat-thuisbatterijen","9":"first","10":"instock","11":"shipping-taxable","12":"purchasable","13":"product-type-simple"},"brands":[{"id":155,"name":"Pylontech","slug":"pylontech"}],"_links":{"self":[{"href":"https:\/\/thuisbatterijoutlet.eu\/cs\/wp-json\/wp\/v2\/product\/28354","targetHints":{"allow":["GET"]}}],"collection":[{"href":"https:\/\/thuisbatterijoutlet.eu\/cs\/wp-json\/wp\/v2\/product"}],"about":[{"href":"https:\/\/thuisbatterijoutlet.eu\/cs\/wp-json\/wp\/v2\/types\/product"}],"replies":[{"embeddable":true,"href":"https:\/\/thuisbatterijoutlet.eu\/cs\/wp-json\/wp\/v2\/comments?post=28354"}],"version-history":[{"count":1,"href":"https:\/\/thuisbatterijoutlet.eu\/cs\/wp-json\/wp\/v2\/product\/28354\/revisions"}],"predecessor-version":[{"id":28446,"href":"https:\/\/thuisbatterijoutlet.eu\/cs\/wp-json\/wp\/v2\/product\/28354\/revisions\/28446"}],"wp:featuredmedia":[{"embeddable":true,"href":"https:\/\/thuisbatterijoutlet.eu\/cs\/wp-json\/wp\/v2\/media\/28445"}],"wp:attachment":[{"href":"https:\/\/thuisbatterijoutlet.eu\/cs\/wp-json\/wp\/v2\/media?parent=28354"}],"wp:term":[{"taxonomy":"pwb-brand","embeddable":true,"href":"https:\/\/thuisbatterijoutlet.eu\/cs\/wp-json\/wp\/v2\/pwb-brand?post=28354"},{"taxonomy":"product_brand","embeddable":true,"href":"https:\/\/thuisbatterijoutlet.eu\/cs\/wp-json\/wp\/v2\/product_brand?post=28354"},{"taxonomy":"product_cat","embeddable":true,"href":"https:\/\/thuisbatterijoutlet.eu\/cs\/wp-json\/wp\/v2\/product_cat?post=28354"},{"taxonomy":"product_tag","embeddable":true,"href":"https:\/\/thuisbatterijoutlet.eu\/cs\/wp-json\/wp\/v2\/product_tag?post=28354"}],"curies":[{"name":"wp","href":"https:\/\/api.w.org\/{rel}","templated":true}]}}