{"id":28355,"date":"2024-12-20T18:38:33","date_gmt":"2024-12-20T18:38:33","guid":{"rendered":"https:\/\/thuisbatterijoutlet.eu\/?post_type=product&#038;p=28355"},"modified":"2025-03-08T07:37:48","modified_gmt":"2025-03-08T07:37:48","slug":"pylon-us2000c-plus-2-4kwh-lithium-battery","status":"publish","type":"product","link":"https:\/\/thuisbatterijoutlet.eu\/cs\/produkt\/pylon-us2000c-plus-2-4kwh-lithiova-baterie\/","title":{"rendered":"Lithiov\u00e1 baterie Pylon US2000C Plus 2,4 kWh"},"content":{"rendered":"<p>\u0158ada US2000 je ide\u00e1ln\u00edm \u0159e\u0161en\u00edm pro reziden\u010dn\u00ed skladovac\u00ed aplikace, se standardn\u00ed specifikac\u00ed 48V\/50AH, vyu\u017eitelnou kapacitou a\u017e 90% a z\u00e1rukou \u017eivotnosti 6000 cykl\u016f.- Vertik\u00e1ln\u00ed pr\u016fmysl -integrace zaru\u010duje v\u00edce ne\u017e 6000 cykl\u016f s DOD 90% - Kompaktn\u00ed a m\u00f3dn\u00ed design se hod\u00ed do va\u0161eho sladk\u00e9ho dom\u00e1c\u00edho prost\u0159ed\u00ed - Dod\u00e1v\u00e1 a\u017e 5 kW s jedn\u00edm modulem (2,4 kWh) - Modul\u00e1rn\u00ed konstrukce d\u00e1v\u00e1 koncov\u00fdm z\u00e1kazn\u00edk\u016fm mo\u017enost volby kapacity -Kompatibiln\u00ed s v\u011bt\u0161inou dostupn\u00fdch hybridn\u00edch st\u0159\u00edda\u010d\u016f - Jednoduch\u00e9 upevn\u011bn\u00ed ku\u017eel\u016f minimalizuje \u010das a n\u00e1klady na instalaci - Bezpe\u010dnostn\u00ed cert.t\u00fcv ce UN38.3<\/p>","protected":false},"excerpt":{"rendered":"<p>US2000-serie is een ideale oplossing voor residenti\u00eble opslagtoepassingen, met standaard 48V\/50AH-specificatie, tot 90% bruikbare capaciteit en 6000 cyclus-life garantie.\u2022 Verticale<\/p>","protected":false},"featured_media":28447,"comment_status":"open","ping_status":"closed","template":"","meta":[],"pwb-brand":[],"product_brand":[],"product_cat":[77],"product_tag":[],"class_list":{"0":"post-28355","1":"product","2":"type-product","3":"status-publish","4":"has-post-thumbnail","6":"product_cat-thuisbatterijen","8":"first","9":"instock","10":"shipping-taxable","11":"purchasable","12":"product-type-simple"},"brands":[],"_links":{"self":[{"href":"https:\/\/thuisbatterijoutlet.eu\/cs\/wp-json\/wp\/v2\/product\/28355","targetHints":{"allow":["GET"]}}],"collection":[{"href":"https:\/\/thuisbatterijoutlet.eu\/cs\/wp-json\/wp\/v2\/product"}],"about":[{"href":"https:\/\/thuisbatterijoutlet.eu\/cs\/wp-json\/wp\/v2\/types\/product"}],"replies":[{"embeddable":true,"href":"https:\/\/thuisbatterijoutlet.eu\/cs\/wp-json\/wp\/v2\/comments?post=28355"}],"version-history":[{"count":1,"href":"https:\/\/thuisbatterijoutlet.eu\/cs\/wp-json\/wp\/v2\/product\/28355\/revisions"}],"predecessor-version":[{"id":28448,"href":"https:\/\/thuisbatterijoutlet.eu\/cs\/wp-json\/wp\/v2\/product\/28355\/revisions\/28448"}],"wp:featuredmedia":[{"embeddable":true,"href":"https:\/\/thuisbatterijoutlet.eu\/cs\/wp-json\/wp\/v2\/media\/28447"}],"wp:attachment":[{"href":"https:\/\/thuisbatterijoutlet.eu\/cs\/wp-json\/wp\/v2\/media?parent=28355"}],"wp:term":[{"taxonomy":"pwb-brand","embeddable":true,"href":"https:\/\/thuisbatterijoutlet.eu\/cs\/wp-json\/wp\/v2\/pwb-brand?post=28355"},{"taxonomy":"product_brand","embeddable":true,"href":"https:\/\/thuisbatterijoutlet.eu\/cs\/wp-json\/wp\/v2\/product_brand?post=28355"},{"taxonomy":"product_cat","embeddable":true,"href":"https:\/\/thuisbatterijoutlet.eu\/cs\/wp-json\/wp\/v2\/product_cat?post=28355"},{"taxonomy":"product_tag","embeddable":true,"href":"https:\/\/thuisbatterijoutlet.eu\/cs\/wp-json\/wp\/v2\/product_tag?post=28355"}],"curies":[{"name":"wp","href":"https:\/\/api.w.org\/{rel}","templated":true}]}}