{"id":28356,"date":"2024-12-20T18:38:33","date_gmt":"2024-12-20T18:38:33","guid":{"rendered":"https:\/\/thuisbatterijoutlet.eu\/?post_type=product&#038;p=28356"},"modified":"2025-03-08T07:37:49","modified_gmt":"2025-03-08T07:37:49","slug":"pylon-force-l2-bmu-with-base","status":"publish","type":"product","link":"https:\/\/thuisbatterijoutlet.eu\/cs\/produkt\/pylon-force-l2-bmu-se-zakladnou\/","title":{"rendered":"Pylon Force-L2 BMU se z\u00e1kladnou"},"content":{"rendered":"<p>Pylontech Force-FL2 BMU se z\u00e1kladnou m\u00e1 modul\u00e1rn\u00ed koncepci v kombinaci se snadnou instalac\u00ed, jednoduch\u00fdmi konektory a kompatibilitou s venkovn\u00edm prost\u0159ed\u00edm.Je ide\u00e1ln\u00edm \u0159e\u0161en\u00edm pro ukl\u00e1d\u00e1n\u00ed dat v obytn\u00e9m nebo mal\u00e9m komer\u010dn\u00edm prost\u0159ed\u00ed.Stohovac\u00ed syst\u00e9m nab\u00edz\u00ed flexibiln\u00ed konfigurace s kapacitou od 7,1 kWh do 14,21 kwh.Syst\u00e9m lze sestavit ze 2 a\u017e 4 modul\u016f a se z\u00e1kladnou Pylontech L2.<\/p>","protected":false},"excerpt":{"rendered":"<p>Jednotka Pylontech Force-FL2 BMU se z\u00e1kladnou m\u00e1 modul\u00e1rn\u00ed konstruk\u010dn\u00ed koncepci v kombinaci se snadnou instalac\u00ed, jednoduch\u00fdmi konektory a kompatibilitou s venkovn\u00edm prost\u0159ed\u00edm.<\/p>","protected":false},"featured_media":28449,"comment_status":"open","ping_status":"closed","template":"","meta":[],"pwb-brand":[155],"product_brand":[],"product_cat":[77],"product_tag":[],"class_list":{"0":"post-28356","1":"product","2":"type-product","3":"status-publish","4":"has-post-thumbnail","6":"pwb-brand-pylontech","7":"product_cat-thuisbatterijen","9":"first","10":"instock","11":"shipping-taxable","12":"purchasable","13":"product-type-simple"},"brands":[{"id":155,"name":"Pylontech","slug":"pylontech"}],"_links":{"self":[{"href":"https:\/\/thuisbatterijoutlet.eu\/cs\/wp-json\/wp\/v2\/product\/28356","targetHints":{"allow":["GET"]}}],"collection":[{"href":"https:\/\/thuisbatterijoutlet.eu\/cs\/wp-json\/wp\/v2\/product"}],"about":[{"href":"https:\/\/thuisbatterijoutlet.eu\/cs\/wp-json\/wp\/v2\/types\/product"}],"replies":[{"embeddable":true,"href":"https:\/\/thuisbatterijoutlet.eu\/cs\/wp-json\/wp\/v2\/comments?post=28356"}],"version-history":[{"count":1,"href":"https:\/\/thuisbatterijoutlet.eu\/cs\/wp-json\/wp\/v2\/product\/28356\/revisions"}],"predecessor-version":[{"id":28450,"href":"https:\/\/thuisbatterijoutlet.eu\/cs\/wp-json\/wp\/v2\/product\/28356\/revisions\/28450"}],"wp:featuredmedia":[{"embeddable":true,"href":"https:\/\/thuisbatterijoutlet.eu\/cs\/wp-json\/wp\/v2\/media\/28449"}],"wp:attachment":[{"href":"https:\/\/thuisbatterijoutlet.eu\/cs\/wp-json\/wp\/v2\/media?parent=28356"}],"wp:term":[{"taxonomy":"pwb-brand","embeddable":true,"href":"https:\/\/thuisbatterijoutlet.eu\/cs\/wp-json\/wp\/v2\/pwb-brand?post=28356"},{"taxonomy":"product_brand","embeddable":true,"href":"https:\/\/thuisbatterijoutlet.eu\/cs\/wp-json\/wp\/v2\/product_brand?post=28356"},{"taxonomy":"product_cat","embeddable":true,"href":"https:\/\/thuisbatterijoutlet.eu\/cs\/wp-json\/wp\/v2\/product_cat?post=28356"},{"taxonomy":"product_tag","embeddable":true,"href":"https:\/\/thuisbatterijoutlet.eu\/cs\/wp-json\/wp\/v2\/product_tag?post=28356"}],"curies":[{"name":"wp","href":"https:\/\/api.w.org\/{rel}","templated":true}]}}