{"id":28357,"date":"2024-12-20T18:38:33","date_gmt":"2024-12-20T18:38:33","guid":{"rendered":"https:\/\/thuisbatterijoutlet.eu\/?post_type=product&#038;p=28357"},"modified":"2025-03-08T07:37:49","modified_gmt":"2025-03-08T07:37:49","slug":"pylon-force-h2-3-55kwh-lithium-battery","status":"publish","type":"product","link":"https:\/\/thuisbatterijoutlet.eu\/cs\/produkt\/pylon-force-h2-3-55kwh-lithiova-baterie\/","title":{"rendered":"Lithiov\u00e1 baterie Pylon Force-H2 3,55 kWh"},"content":{"rendered":"<p>Nov\u011b navr\u017een\u00fd syst\u00e9m Pylontech nab\u00edz\u00ed jednoduch\u00e9 p\u0159ipojen\u00ed, kter\u00e9 \u0161et\u0159\u00ed drahocenn\u00fd \u010das instal\u00e1tor\u016f.Syst\u00e9m stohov\u00e1n\u00ed nab\u00edz\u00ed flexibiln\u00ed konfigurace od 96V do 384V nap\u011bt\u00ed a kapacity 7,1 kWh do 14,21 kWh. Kompatibiln\u00ed funkce pro vnit\u0159n\u00ed\/venkovn\u00ed pou\u017eit\u00ed nab\u00edz\u00ed v\u00edce mo\u017enost\u00ed instalace. ide\u00e1ln\u00ed pro velk\u00e9 dom\u00e1cnosti a mal\u00e9 komer\u010dn\u00ed aplikace.<\/p>\n<p>Pot\u0159ebujete tak\u00e9 BMS : K\u00f3d v\u00fdrobku: FC0500M-40S-FH2<\/p>","protected":false},"excerpt":{"rendered":"<p>Nov\u011b navr\u017een\u00fd syst\u00e9m Pylontech poskytuje jednoduch\u00e9 p\u0159ipojen\u00ed, kter\u00e9 \u0161et\u0159\u00ed drahocenn\u00fd \u010das mont\u00e1\u017en\u00edch pracovn\u00edk\u016f.Stohovac\u00ed syst\u00e9m nab\u00edz\u00ed flexibiln\u00ed konfigurace.<\/p>","protected":false},"featured_media":28451,"comment_status":"open","ping_status":"closed","template":"","meta":[],"pwb-brand":[155],"product_brand":[],"product_cat":[77],"product_tag":[],"class_list":{"0":"post-28357","1":"product","2":"type-product","3":"status-publish","4":"has-post-thumbnail","6":"pwb-brand-pylontech","7":"product_cat-thuisbatterijen","9":"first","10":"instock","11":"shipping-taxable","12":"purchasable","13":"product-type-simple"},"brands":[{"id":155,"name":"Pylontech","slug":"pylontech"}],"_links":{"self":[{"href":"https:\/\/thuisbatterijoutlet.eu\/cs\/wp-json\/wp\/v2\/product\/28357","targetHints":{"allow":["GET"]}}],"collection":[{"href":"https:\/\/thuisbatterijoutlet.eu\/cs\/wp-json\/wp\/v2\/product"}],"about":[{"href":"https:\/\/thuisbatterijoutlet.eu\/cs\/wp-json\/wp\/v2\/types\/product"}],"replies":[{"embeddable":true,"href":"https:\/\/thuisbatterijoutlet.eu\/cs\/wp-json\/wp\/v2\/comments?post=28357"}],"version-history":[{"count":1,"href":"https:\/\/thuisbatterijoutlet.eu\/cs\/wp-json\/wp\/v2\/product\/28357\/revisions"}],"predecessor-version":[{"id":28452,"href":"https:\/\/thuisbatterijoutlet.eu\/cs\/wp-json\/wp\/v2\/product\/28357\/revisions\/28452"}],"wp:featuredmedia":[{"embeddable":true,"href":"https:\/\/thuisbatterijoutlet.eu\/cs\/wp-json\/wp\/v2\/media\/28451"}],"wp:attachment":[{"href":"https:\/\/thuisbatterijoutlet.eu\/cs\/wp-json\/wp\/v2\/media?parent=28357"}],"wp:term":[{"taxonomy":"pwb-brand","embeddable":true,"href":"https:\/\/thuisbatterijoutlet.eu\/cs\/wp-json\/wp\/v2\/pwb-brand?post=28357"},{"taxonomy":"product_brand","embeddable":true,"href":"https:\/\/thuisbatterijoutlet.eu\/cs\/wp-json\/wp\/v2\/product_brand?post=28357"},{"taxonomy":"product_cat","embeddable":true,"href":"https:\/\/thuisbatterijoutlet.eu\/cs\/wp-json\/wp\/v2\/product_cat?post=28357"},{"taxonomy":"product_tag","embeddable":true,"href":"https:\/\/thuisbatterijoutlet.eu\/cs\/wp-json\/wp\/v2\/product_tag?post=28357"}],"curies":[{"name":"wp","href":"https:\/\/api.w.org\/{rel}","templated":true}]}}