{"id":28433,"date":"2024-12-20T18:38:55","date_gmt":"2024-12-20T18:38:55","guid":{"rendered":"https:\/\/thuisbatterijoutlet.eu\/?post_type=product&#038;p=28433"},"modified":"2025-03-08T07:37:42","modified_gmt":"2025-03-08T07:37:42","slug":"byd-battery-box-premium-hvm-8-3-thuisbatterij","status":"publish","type":"product","link":"https:\/\/thuisbatterijoutlet.eu\/cs\/produkt\/byd-battery-box-premium-hvm-8-3-domaci-baterie\/","title":{"rendered":"BYD - Battery Box Premium HVM 8.3 Home Battery"},"content":{"rendered":"<p>BYD Battery Box Premium HVM 8.3 je kompletn\u00ed dom\u00e1c\u00ed baterie.      D\u00edky modul\u00e1rn\u00ed konstrukci BYD lze kapacitu baterie snadno roz\u0161\u00ed\u0159it a\u017e na 22,1 kWh. P\u0159id\u00e1n\u00edm bateriov\u00fdch modul\u016f (662001) se kapacita zv\u00fd\u0161\u00ed.      D\u00edky tomu je mo\u017en\u00e9 sestavit vhodn\u00fd bateriov\u00fd syst\u00e9m pro jak\u00fdkoli rozsah v\u00fdkonu\/dom\u00e1cnost, ide\u00e1ln\u00ed pro obytn\u00e9 fotovoltaick\u00e9 syst\u00e9my.  Tato sada je kompatibiln\u00ed s n\u00e1sleduj\u00edc\u00edmi st\u0159\u00edda\u010di: Fronius Symo Hybrid V\u00fdhody sady BYD Battery Box Premium HVM: Snadn\u00e1 instalace D\u00edky dostupn\u00e9mu internetov\u00e9mu p\u0159ipojen\u00ed nab\u00edz\u00ed spole\u010dnost BYD mo\u017enost podpory mimo pracovi\u0161t\u011b Vhodn\u00e1 pro nouzov\u00e9 nap\u00e1jen\u00ed vysok\u00fdm v\u00fdkonem Vysok\u00e1 \u00fa\u010dinnost d\u00edky vysokonap\u011b\u0165ov\u00e9mu s\u00e9riov\u00e9mu zapojen\u00ed Modul\u00e1rn\u00ed konstrukce, na jeden bateriov\u00fd modul Kapacita 2,76 kWh Maxim\u00e1ln\u00ed bezpe\u010dnost d\u00edky bezkobaltov\u00e9mu lithium-\u017eelezo-fosf\u00e1tov\u00e9mu \u010dl\u00e1nku a spl\u0148uje nejvy\u0161\u0161\u00ed bezpe\u010dnostn\u00ed standardizaci (VDE 2510-50) Tato kompletn\u00ed sada obsahuje n\u00e1sleduj\u00edc\u00ed komponenty: BYD - Battery Box Premium HVS\/HVM - BCU + z\u00e1kladna 662002 3x BYD - Battery Box Premium HVM - bateriov\u00fd modul 2,76 kWh 662001<\/p>","protected":false},"excerpt":{"rendered":"<p>Kompletn\u00ed sada bateri\u00ed | 8,3 kWh<\/p>","protected":false},"featured_media":28530,"comment_status":"open","ping_status":"closed","template":"","meta":[],"pwb-brand":[150],"product_brand":[],"product_cat":[77],"product_tag":[],"class_list":{"0":"post-28433","1":"product","2":"type-product","3":"status-publish","4":"has-post-thumbnail","6":"pwb-brand-byd","7":"product_cat-thuisbatterijen","9":"first","10":"instock","11":"shipping-taxable","12":"purchasable","13":"product-type-simple"},"brands":[{"id":150,"name":"BYD","slug":"byd"}],"_links":{"self":[{"href":"https:\/\/thuisbatterijoutlet.eu\/cs\/wp-json\/wp\/v2\/product\/28433","targetHints":{"allow":["GET"]}}],"collection":[{"href":"https:\/\/thuisbatterijoutlet.eu\/cs\/wp-json\/wp\/v2\/product"}],"about":[{"href":"https:\/\/thuisbatterijoutlet.eu\/cs\/wp-json\/wp\/v2\/types\/product"}],"replies":[{"embeddable":true,"href":"https:\/\/thuisbatterijoutlet.eu\/cs\/wp-json\/wp\/v2\/comments?post=28433"}],"version-history":[{"count":1,"href":"https:\/\/thuisbatterijoutlet.eu\/cs\/wp-json\/wp\/v2\/product\/28433\/revisions"}],"predecessor-version":[{"id":28531,"href":"https:\/\/thuisbatterijoutlet.eu\/cs\/wp-json\/wp\/v2\/product\/28433\/revisions\/28531"}],"wp:featuredmedia":[{"embeddable":true,"href":"https:\/\/thuisbatterijoutlet.eu\/cs\/wp-json\/wp\/v2\/media\/28530"}],"wp:attachment":[{"href":"https:\/\/thuisbatterijoutlet.eu\/cs\/wp-json\/wp\/v2\/media?parent=28433"}],"wp:term":[{"taxonomy":"pwb-brand","embeddable":true,"href":"https:\/\/thuisbatterijoutlet.eu\/cs\/wp-json\/wp\/v2\/pwb-brand?post=28433"},{"taxonomy":"product_brand","embeddable":true,"href":"https:\/\/thuisbatterijoutlet.eu\/cs\/wp-json\/wp\/v2\/product_brand?post=28433"},{"taxonomy":"product_cat","embeddable":true,"href":"https:\/\/thuisbatterijoutlet.eu\/cs\/wp-json\/wp\/v2\/product_cat?post=28433"},{"taxonomy":"product_tag","embeddable":true,"href":"https:\/\/thuisbatterijoutlet.eu\/cs\/wp-json\/wp\/v2\/product_tag?post=28433"}],"curies":[{"name":"wp","href":"https:\/\/api.w.org\/{rel}","templated":true}]}}