{"id":28484,"date":"2024-12-20T18:39:31","date_gmt":"2024-12-20T18:39:31","guid":{"rendered":"https:\/\/thuisbatterijoutlet.eu\/?post_type=product&#038;p=28484"},"modified":"2025-03-08T07:37:27","modified_gmt":"2025-03-08T07:37:27","slug":"pylontech-force-l1-17-76kwh","status":"publish","type":"product","link":"https:\/\/thuisbatterijoutlet.eu\/cs\/produkt\/pylontech-force-l1-17-76kwh\/","title":{"rendered":"Pylontech Force L1 17,76 kWh"},"content":{"rendered":"<p>Spole\u010dnost Pylontech je od roku 2009 pr\u016fkopn\u00edkem v oblasti inteligentn\u00edch \u0159e\u0161en\u00ed pro skladov\u00e1n\u00ed energie.<br \/>     De lithium-ijzer-fosfaat (LFP) batterijen zijn speciaal ontworpen voor energieopslagsystemen voor particulier, commercieel en smart-grid toepassingen. Pylontech Force L1 is de nieuwste versie van het HESS (home energy  storage system) met een modulair design en een eenvoudige installatie. Specificaties: &gt;6000 cycli met tot 95% ontladingsdiepte (DOD) @ 25\u00b0C  Makkelijk schaalbaar  Onderhoudsvrij en eenvoudige installatie Deze Force L1 17.76kWh set bestaat uit de volgende onderdelen: 5x Pylontech &#8211; Force-L1 Batterij Module 661330 Pylontech &#8211; Force-L1 Batterij Management Systeem 661331 De Force L1 batterij is geschikt voor vele 1-fase hybride omvormers, zoals de Sungrow SH5K omvormer, de Solis RHI\/RAI en de Growatt SPH3000-6000 serie.<\/p>","protected":false},"excerpt":{"rendered":"<p>Kompletn\u00ed sada | 17,76 kWh | N\u00edzk\u00e9 nap\u011bt\u00ed (48 V)<\/p>","protected":false},"featured_media":28563,"comment_status":"open","ping_status":"closed","template":"","meta":[],"pwb-brand":[155],"product_brand":[],"product_cat":[77],"product_tag":[],"class_list":{"0":"post-28484","1":"product","2":"type-product","3":"status-publish","4":"has-post-thumbnail","6":"pwb-brand-pylontech","7":"product_cat-thuisbatterijen","9":"first","10":"instock","11":"shipping-taxable","12":"purchasable","13":"product-type-simple"},"brands":[{"id":155,"name":"Pylontech","slug":"pylontech"}],"_links":{"self":[{"href":"https:\/\/thuisbatterijoutlet.eu\/cs\/wp-json\/wp\/v2\/product\/28484","targetHints":{"allow":["GET"]}}],"collection":[{"href":"https:\/\/thuisbatterijoutlet.eu\/cs\/wp-json\/wp\/v2\/product"}],"about":[{"href":"https:\/\/thuisbatterijoutlet.eu\/cs\/wp-json\/wp\/v2\/types\/product"}],"replies":[{"embeddable":true,"href":"https:\/\/thuisbatterijoutlet.eu\/cs\/wp-json\/wp\/v2\/comments?post=28484"}],"version-history":[{"count":1,"href":"https:\/\/thuisbatterijoutlet.eu\/cs\/wp-json\/wp\/v2\/product\/28484\/revisions"}],"predecessor-version":[{"id":28564,"href":"https:\/\/thuisbatterijoutlet.eu\/cs\/wp-json\/wp\/v2\/product\/28484\/revisions\/28564"}],"wp:featuredmedia":[{"embeddable":true,"href":"https:\/\/thuisbatterijoutlet.eu\/cs\/wp-json\/wp\/v2\/media\/28563"}],"wp:attachment":[{"href":"https:\/\/thuisbatterijoutlet.eu\/cs\/wp-json\/wp\/v2\/media?parent=28484"}],"wp:term":[{"taxonomy":"pwb-brand","embeddable":true,"href":"https:\/\/thuisbatterijoutlet.eu\/cs\/wp-json\/wp\/v2\/pwb-brand?post=28484"},{"taxonomy":"product_brand","embeddable":true,"href":"https:\/\/thuisbatterijoutlet.eu\/cs\/wp-json\/wp\/v2\/product_brand?post=28484"},{"taxonomy":"product_cat","embeddable":true,"href":"https:\/\/thuisbatterijoutlet.eu\/cs\/wp-json\/wp\/v2\/product_cat?post=28484"},{"taxonomy":"product_tag","embeddable":true,"href":"https:\/\/thuisbatterijoutlet.eu\/cs\/wp-json\/wp\/v2\/product_tag?post=28484"}],"curies":[{"name":"wp","href":"https:\/\/api.w.org\/{rel}","templated":true}]}}