{"id":28487,"date":"2024-12-20T18:39:31","date_gmt":"2024-12-20T18:39:31","guid":{"rendered":"https:\/\/thuisbatterijoutlet.eu\/?post_type=product&#038;p=28487"},"modified":"2025-03-08T07:37:29","modified_gmt":"2025-03-08T07:37:29","slug":"pylontech-force-l1-7-10kwh","status":"publish","type":"product","link":"https:\/\/thuisbatterijoutlet.eu\/cs\/produkt\/pylontech-force-l1-7-10kwh\/","title":{"rendered":"Pylontech Force L1 7.10kWh"},"content":{"rendered":"<p>Spole\u010dnost Pylontech je od roku 2009 pr\u016fkopn\u00edkem v oblasti inteligentn\u00edch \u0159e\u0161en\u00ed pro skladov\u00e1n\u00ed energie.Lithium-\u017eelezo-fosf\u00e1tov\u00e9 (LFP) baterie jsou speci\u00e1ln\u011b navr\u017eeny pro syst\u00e9my skladov\u00e1n\u00ed energie pro reziden\u010dn\u00ed a komer\u010dn\u00ed aplikace a aplikace inteligentn\u00edch s\u00edt\u00ed.Pylontech Force L1 je nejnov\u011bj\u0161\u00ed verz\u00ed syst\u00e9mu HESS (Home Energy Storage System) s modul\u00e1rn\u00ed konstrukc\u00ed a snadnou instalac\u00ed.Technick\u00e9 \u00fadaje:&gt;6000 cykl\u016f s hloubkou vybit\u00ed (DOD) a\u017e 95% p\u0159i 25 \u00b0C Snadno \u0161k\u00e1lovateln\u00e9 Bez\u00fadr\u017ebov\u00e9 a snadno instalovateln\u00e9Tento Force L1 7.10kWh sada se skl\u00e1d\u00e1 z n\u00e1sleduj\u00edc\u00edch d\u00edl\u016f:2x Pylontech - bateriov\u00fd modul Force-L1 661330Pylontech - syst\u00e9m \u0159\u00edzen\u00ed baterie Force-L1 661331Baterie Force L1 je vhodn\u00e1 pro mnoho 1-f\u00e1zov\u00fdch hybridn\u00edch st\u0159\u00edda\u010d\u016f, jako je nap\u0159\u00edklad st\u0159\u00edda\u010d Sungrow SH5K, \u0159ada Solis RHI\/RAI a \u0159ada Growatt SPH3000-6000.<\/p>","protected":false},"excerpt":{"rendered":"<p>Kompletn\u00ed sada | 7,10 kWh | N\u00edzk\u00e9 nap\u011bt\u00ed (48 V)<\/p>","protected":false},"featured_media":28569,"comment_status":"open","ping_status":"closed","template":"","meta":[],"pwb-brand":[155],"product_brand":[],"product_cat":[77],"product_tag":[],"class_list":{"0":"post-28487","1":"product","2":"type-product","3":"status-publish","4":"has-post-thumbnail","6":"pwb-brand-pylontech","7":"product_cat-thuisbatterijen","9":"first","10":"instock","11":"shipping-taxable","12":"purchasable","13":"product-type-simple"},"brands":[{"id":155,"name":"Pylontech","slug":"pylontech"}],"_links":{"self":[{"href":"https:\/\/thuisbatterijoutlet.eu\/cs\/wp-json\/wp\/v2\/product\/28487","targetHints":{"allow":["GET"]}}],"collection":[{"href":"https:\/\/thuisbatterijoutlet.eu\/cs\/wp-json\/wp\/v2\/product"}],"about":[{"href":"https:\/\/thuisbatterijoutlet.eu\/cs\/wp-json\/wp\/v2\/types\/product"}],"replies":[{"embeddable":true,"href":"https:\/\/thuisbatterijoutlet.eu\/cs\/wp-json\/wp\/v2\/comments?post=28487"}],"version-history":[{"count":1,"href":"https:\/\/thuisbatterijoutlet.eu\/cs\/wp-json\/wp\/v2\/product\/28487\/revisions"}],"predecessor-version":[{"id":28570,"href":"https:\/\/thuisbatterijoutlet.eu\/cs\/wp-json\/wp\/v2\/product\/28487\/revisions\/28570"}],"wp:featuredmedia":[{"embeddable":true,"href":"https:\/\/thuisbatterijoutlet.eu\/cs\/wp-json\/wp\/v2\/media\/28569"}],"wp:attachment":[{"href":"https:\/\/thuisbatterijoutlet.eu\/cs\/wp-json\/wp\/v2\/media?parent=28487"}],"wp:term":[{"taxonomy":"pwb-brand","embeddable":true,"href":"https:\/\/thuisbatterijoutlet.eu\/cs\/wp-json\/wp\/v2\/pwb-brand?post=28487"},{"taxonomy":"product_brand","embeddable":true,"href":"https:\/\/thuisbatterijoutlet.eu\/cs\/wp-json\/wp\/v2\/product_brand?post=28487"},{"taxonomy":"product_cat","embeddable":true,"href":"https:\/\/thuisbatterijoutlet.eu\/cs\/wp-json\/wp\/v2\/product_cat?post=28487"},{"taxonomy":"product_tag","embeddable":true,"href":"https:\/\/thuisbatterijoutlet.eu\/cs\/wp-json\/wp\/v2\/product_tag?post=28487"}],"curies":[{"name":"wp","href":"https:\/\/api.w.org\/{rel}","templated":true}]}}