{"id":28511,"date":"2024-12-20T18:39:53","date_gmt":"2024-12-20T18:39:53","guid":{"rendered":"https:\/\/thuisbatterijoutlet.eu\/?post_type=product&#038;p=28511"},"modified":"2025-03-08T07:37:23","modified_gmt":"2025-03-08T07:37:23","slug":"pylontech-force-h1-21-31kwh","status":"publish","type":"product","link":"https:\/\/thuisbatterijoutlet.eu\/cs\/produkt\/pylontech-force-h1-21-31kwh\/","title":{"rendered":"Pylontech Force H1 - 21,31 kWh"},"content":{"rendered":"<p>Pylontech Force H1 &#8211; 21.31kWhDe Pylontech Force H1 &#8211; 21.31kWh bevat de volgende onderdelen: Pylontech Force-H1 batterij management systeem, Art No: 661341 6x Pylontech Force-H1 batterij modules, Artikelnummer: 661340Pylontech Force H1 De Force H1 is de laatste versie hoog voltage batterij opslagsysteem van Pylontech. Het nieuwe ontwerp bied installatie gemak dat waardevolle installatietijd bespaart.<br \/>     Modul\u00e1rn\u00ed a stohovateln\u00fd syst\u00e9m umo\u017e\u0148uje konfigurace s nap\u011bt\u00edm od 144 do 336 V DC nebo s kapacitou od 10,65 do 24,86 kWh. V\u00fdhody syst\u00e9mu Pylontech Force H1 jsou: Modul\u00e1rn\u00ed konstrukce Spolehliv\u00fd v\u00fdkon 95% Hloubka vybit\u00ed V\u00edce ne\u017e 10 let technicky ov\u011b\u0159en\u00e1 konstrukce T\u0159\u00edda ochrany IP55<\/p>","protected":false},"excerpt":{"rendered":"<p>Kompletn\u00ed sada | 21,31 kWh | Vysok\u00e9 nap\u011bt\u00ed<\/p>","protected":false},"featured_media":28573,"comment_status":"open","ping_status":"closed","template":"","meta":[],"pwb-brand":[155],"product_brand":[],"product_cat":[77],"product_tag":[],"class_list":{"0":"post-28511","1":"product","2":"type-product","3":"status-publish","4":"has-post-thumbnail","6":"pwb-brand-pylontech","7":"product_cat-thuisbatterijen","9":"first","10":"instock","11":"shipping-taxable","12":"purchasable","13":"product-type-simple"},"brands":[{"id":155,"name":"Pylontech","slug":"pylontech"}],"_links":{"self":[{"href":"https:\/\/thuisbatterijoutlet.eu\/cs\/wp-json\/wp\/v2\/product\/28511","targetHints":{"allow":["GET"]}}],"collection":[{"href":"https:\/\/thuisbatterijoutlet.eu\/cs\/wp-json\/wp\/v2\/product"}],"about":[{"href":"https:\/\/thuisbatterijoutlet.eu\/cs\/wp-json\/wp\/v2\/types\/product"}],"replies":[{"embeddable":true,"href":"https:\/\/thuisbatterijoutlet.eu\/cs\/wp-json\/wp\/v2\/comments?post=28511"}],"version-history":[{"count":1,"href":"https:\/\/thuisbatterijoutlet.eu\/cs\/wp-json\/wp\/v2\/product\/28511\/revisions"}],"predecessor-version":[{"id":28574,"href":"https:\/\/thuisbatterijoutlet.eu\/cs\/wp-json\/wp\/v2\/product\/28511\/revisions\/28574"}],"wp:featuredmedia":[{"embeddable":true,"href":"https:\/\/thuisbatterijoutlet.eu\/cs\/wp-json\/wp\/v2\/media\/28573"}],"wp:attachment":[{"href":"https:\/\/thuisbatterijoutlet.eu\/cs\/wp-json\/wp\/v2\/media?parent=28511"}],"wp:term":[{"taxonomy":"pwb-brand","embeddable":true,"href":"https:\/\/thuisbatterijoutlet.eu\/cs\/wp-json\/wp\/v2\/pwb-brand?post=28511"},{"taxonomy":"product_brand","embeddable":true,"href":"https:\/\/thuisbatterijoutlet.eu\/cs\/wp-json\/wp\/v2\/product_brand?post=28511"},{"taxonomy":"product_cat","embeddable":true,"href":"https:\/\/thuisbatterijoutlet.eu\/cs\/wp-json\/wp\/v2\/product_cat?post=28511"},{"taxonomy":"product_tag","embeddable":true,"href":"https:\/\/thuisbatterijoutlet.eu\/cs\/wp-json\/wp\/v2\/product_tag?post=28511"}],"curies":[{"name":"wp","href":"https:\/\/api.w.org\/{rel}","templated":true}]}}