{"id":28516,"date":"2024-12-20T18:39:54","date_gmt":"2024-12-20T18:39:54","guid":{"rendered":"https:\/\/thuisbatterijoutlet.eu\/?post_type=product&#038;p=28516"},"modified":"2025-03-08T07:37:19","modified_gmt":"2025-03-08T07:37:19","slug":"growatt-ark-10-2h-thuisbatterij","status":"publish","type":"product","link":"https:\/\/thuisbatterijoutlet.eu\/cs\/produkt\/growatt-ark-10-2h-domaci-baterie\/","title":{"rendered":"Growatt - Dom\u00e1c\u00ed baterie ARK 10.2H"},"content":{"rendered":"<p>Dom\u00e1c\u00ed baterie Growatt ARK 10.2H m\u00e1 vyu\u017eitelnou kapacitu 10,2 kWh. D\u00edky modul\u00e1rn\u00ed konstrukci lze kapacitu snadno roz\u0161\u00ed\u0159it a\u017e na 25,6 kWh. P\u0159id\u00e1n\u00edm bateriov\u00fdch modul\u016f (286176) se kapacita zv\u00fd\u0161\u00ed.<\/p>\n<p>Tato dom\u00e1c\u00ed baterie je kompatibiln\u00ed s:<br \/> -Growatt SPH4000-10000TL3 BH-UP<br \/> -Hybridn\u00ed a retrofitn\u00ed st\u0159\u00edda\u010de \u0159ady Growatt SPA4000-10000TL3 BH.<\/p>\n<p>Dom\u00e1c\u00ed baterie Growatt ARK 10.2H znamen\u00e1: Vynikaj\u00edc\u00ed bezpe\u010dnost d\u00edky \u010dl\u00e1nk\u016fm LiFePO4 bez kobaltu Snadn\u00e1 instalace d\u00edky stohovateln\u00e9 konstrukci Dlouh\u00e1 \u017eivotnost Z\u00e1ruka 10 let Aktualizace firmwaru na d\u00e1lku Tato kompletn\u00ed sada obsahuje n\u00e1sleduj\u00edc\u00ed komponenty: Growatt - ARK HV Battery Management System (286168) 4x Growatt - ARK 2,5H-A1 Battery module (286176) Growatt - ARK LV\/HV\/XH Pedestal (286183) Growatt - ARK 2,5H-A1 HV Cable Set (286182).<\/p>\n<p>Dal\u0161\u00ed informace o <a href=\"\/cs\/2023\/05\/17\/growatt-ark-h-serie-versus-growatt-xh-serie\/\">Growatt ARK series klikn\u011bte zde<\/a>.<\/p>","protected":false},"excerpt":{"rendered":"<p>Kompletn\u00ed sada bateri\u00ed | 10,2 kWh<\/p>","protected":false},"featured_media":28597,"comment_status":"open","ping_status":"closed","template":"","meta":[],"pwb-brand":[152],"product_brand":[],"product_cat":[77],"product_tag":[],"class_list":{"0":"post-28516","1":"product","2":"type-product","3":"status-publish","4":"has-post-thumbnail","6":"pwb-brand-growatt","7":"product_cat-thuisbatterijen","9":"first","10":"instock","11":"shipping-taxable","12":"purchasable","13":"product-type-simple"},"brands":[{"id":152,"name":"Growatt","slug":"growatt"}],"_links":{"self":[{"href":"https:\/\/thuisbatterijoutlet.eu\/cs\/wp-json\/wp\/v2\/product\/28516","targetHints":{"allow":["GET"]}}],"collection":[{"href":"https:\/\/thuisbatterijoutlet.eu\/cs\/wp-json\/wp\/v2\/product"}],"about":[{"href":"https:\/\/thuisbatterijoutlet.eu\/cs\/wp-json\/wp\/v2\/types\/product"}],"replies":[{"embeddable":true,"href":"https:\/\/thuisbatterijoutlet.eu\/cs\/wp-json\/wp\/v2\/comments?post=28516"}],"version-history":[{"count":1,"href":"https:\/\/thuisbatterijoutlet.eu\/cs\/wp-json\/wp\/v2\/product\/28516\/revisions"}],"predecessor-version":[{"id":28598,"href":"https:\/\/thuisbatterijoutlet.eu\/cs\/wp-json\/wp\/v2\/product\/28516\/revisions\/28598"}],"wp:featuredmedia":[{"embeddable":true,"href":"https:\/\/thuisbatterijoutlet.eu\/cs\/wp-json\/wp\/v2\/media\/28597"}],"wp:attachment":[{"href":"https:\/\/thuisbatterijoutlet.eu\/cs\/wp-json\/wp\/v2\/media?parent=28516"}],"wp:term":[{"taxonomy":"pwb-brand","embeddable":true,"href":"https:\/\/thuisbatterijoutlet.eu\/cs\/wp-json\/wp\/v2\/pwb-brand?post=28516"},{"taxonomy":"product_brand","embeddable":true,"href":"https:\/\/thuisbatterijoutlet.eu\/cs\/wp-json\/wp\/v2\/product_brand?post=28516"},{"taxonomy":"product_cat","embeddable":true,"href":"https:\/\/thuisbatterijoutlet.eu\/cs\/wp-json\/wp\/v2\/product_cat?post=28516"},{"taxonomy":"product_tag","embeddable":true,"href":"https:\/\/thuisbatterijoutlet.eu\/cs\/wp-json\/wp\/v2\/product_tag?post=28516"}],"curies":[{"name":"wp","href":"https:\/\/api.w.org\/{rel}","templated":true}]}}