{"id":28518,"date":"2024-12-20T18:39:54","date_gmt":"2024-12-20T18:39:54","guid":{"rendered":"https:\/\/thuisbatterijoutlet.eu\/?post_type=product&#038;p=28518"},"modified":"2025-03-08T07:37:20","modified_gmt":"2025-03-08T07:37:20","slug":"growatt-ark-15-3xh-thuisbatterij","status":"publish","type":"product","link":"https:\/\/thuisbatterijoutlet.eu\/cs\/produkt\/growatt-ark-15-3xh-thuisbatterij\/","title":{"rendered":"Growatt - ARK 15.3XH Dom\u00e1c\u00ed baterie"},"content":{"rendered":"<p>De Growatt ARK 15.3XH thuisbatterij heeft een bruikbare capaciteit van 15,3kWh. Dankzij het modulaire ontwerp is de capaciteit eenvoudig uit te breiden tot maar liefst 25,6kWh. Door batterij modules (286176) toe te voegen wordt de capaciteit vergroot.<br \/> Tato dom\u00e1c\u00ed baterie je kompatibiln\u00ed se st\u0159\u00edda\u010di \u0159ady Growatt -XH \"battery ready\":<br \/> -Growatt MIN \u0159ady TL-XH (MIN 2500~6000TL-XH)<br \/> -Growatt MOD \u0159ady TL-XH (MOD 3~10TL3-XH)<br \/> De Growatt ARK 15.3XH thuisbatterij staat voor: Uitstekende veiligheid dankzij de kobaltvrije LiFePO4 cellen Eenvoudige installatie door stapelbaar ontwerp Lange levensduur 10 jaar garantie Firmware upgrade vanaf afstand Deze volledige set bevat de volgende onderdelen: Growatt \u2013 ARK XH Battery Management System (286169) 6x Growatt \u2013 ARK 2.5H-A1 Battery module (286176) Growatt \u2013 ARK LV\/HV\/XH Voetstuk (286183) Growatt \u2013 ARK 2.5H-A1 XH Kabel set (286184).<\/p>\n<p>Dal\u0161\u00ed informace o <a href=\"\/cs\/2023\/05\/17\/growatt-ark-h-serie-versus-growatt-xh-serie\/\">Growatt ARK series klikn\u011bte zde<\/a>.<\/p>","protected":false},"excerpt":{"rendered":"<p>Kompletn\u00ed sada bateri\u00ed | 15,3 kWh<\/p>","protected":false},"featured_media":28601,"comment_status":"open","ping_status":"closed","template":"","meta":[],"pwb-brand":[152],"product_brand":[],"product_cat":[77],"product_tag":[],"class_list":{"0":"post-28518","1":"product","2":"type-product","3":"status-publish","4":"has-post-thumbnail","6":"pwb-brand-growatt","7":"product_cat-thuisbatterijen","9":"first","10":"instock","11":"shipping-taxable","12":"purchasable","13":"product-type-simple"},"brands":[{"id":152,"name":"Growatt","slug":"growatt"}],"_links":{"self":[{"href":"https:\/\/thuisbatterijoutlet.eu\/cs\/wp-json\/wp\/v2\/product\/28518","targetHints":{"allow":["GET"]}}],"collection":[{"href":"https:\/\/thuisbatterijoutlet.eu\/cs\/wp-json\/wp\/v2\/product"}],"about":[{"href":"https:\/\/thuisbatterijoutlet.eu\/cs\/wp-json\/wp\/v2\/types\/product"}],"replies":[{"embeddable":true,"href":"https:\/\/thuisbatterijoutlet.eu\/cs\/wp-json\/wp\/v2\/comments?post=28518"}],"version-history":[{"count":1,"href":"https:\/\/thuisbatterijoutlet.eu\/cs\/wp-json\/wp\/v2\/product\/28518\/revisions"}],"predecessor-version":[{"id":28602,"href":"https:\/\/thuisbatterijoutlet.eu\/cs\/wp-json\/wp\/v2\/product\/28518\/revisions\/28602"}],"wp:featuredmedia":[{"embeddable":true,"href":"https:\/\/thuisbatterijoutlet.eu\/cs\/wp-json\/wp\/v2\/media\/28601"}],"wp:attachment":[{"href":"https:\/\/thuisbatterijoutlet.eu\/cs\/wp-json\/wp\/v2\/media?parent=28518"}],"wp:term":[{"taxonomy":"pwb-brand","embeddable":true,"href":"https:\/\/thuisbatterijoutlet.eu\/cs\/wp-json\/wp\/v2\/pwb-brand?post=28518"},{"taxonomy":"product_brand","embeddable":true,"href":"https:\/\/thuisbatterijoutlet.eu\/cs\/wp-json\/wp\/v2\/product_brand?post=28518"},{"taxonomy":"product_cat","embeddable":true,"href":"https:\/\/thuisbatterijoutlet.eu\/cs\/wp-json\/wp\/v2\/product_cat?post=28518"},{"taxonomy":"product_tag","embeddable":true,"href":"https:\/\/thuisbatterijoutlet.eu\/cs\/wp-json\/wp\/v2\/product_tag?post=28518"}],"curies":[{"name":"wp","href":"https:\/\/api.w.org\/{rel}","templated":true}]}}