{"id":28547,"date":"2024-12-20T18:40:17","date_gmt":"2024-12-20T18:40:17","guid":{"rendered":"https:\/\/thuisbatterijoutlet.eu\/?post_type=product&#038;p=28547"},"modified":"2025-03-08T07:37:15","modified_gmt":"2025-03-08T07:37:15","slug":"solis-pylontech-retrofit-ess-3-0kw-7-10-kwh","status":"publish","type":"product","link":"https:\/\/thuisbatterijoutlet.eu\/cs\/produkt\/solis-pylontech-retrofit-ess-3-0kw-7-10-kwh\/","title":{"rendered":"Solis &amp; Pylontech Retrofit ESS 3,0 kW, 7,10 kWh"},"content":{"rendered":"<p>Solis retrofit ESS 3,0 kW s bateriov\u00fdm \u00falo\u017ei\u0161t\u011bm Pylontech Force L1 7,1 kWhTento Solis retrofit ESS (Energy Storage System) lze pou\u017e\u00edt v instalac\u00edch, kde jsou ji\u017e instalov\u00e1ny sol\u00e1rn\u00ed panely. Tento syst\u00e9m funguje samostatn\u011b a je nez\u00e1visl\u00fd na zna\u010dce.<br \/>     Tato verze m\u00e1 v\u00fdkon 3,0 kW a kapacitu 7,1 kWh. Produkty v t\u00e9to sad\u011b jsou: St\u0159\u00edda\u010d Solis RAI-3K-48ES-5G 234310 BMS Pylontech Force-L1 661331 2x bateriov\u00fd modul Pylontech Force-L1 661330 V\u00fdhody Solis retrofit EOS: Nouzov\u00e9 nap\u00e1jen\u00ed v p\u0159\u00edpad\u011b v\u00fdpadku s\u00edt\u011b. R\u016fzn\u00e9 pracovn\u00ed re\u017eimy, nap\u0159\u00edklad zlep\u0161en\u00ed vlastn\u00ed spot\u0159eby nebo obchodov\u00e1n\u00ed s energi\u00ed. Monitorovac\u00ed platforma pro sledov\u00e1n\u00ed v\u00fdkonu. Kompatibiln\u00ed s \u0159\u00edzen\u00edm Bliq: nab\u00edjen\u00ed za n\u00edzkou cenu a vyb\u00edjen\u00ed za vy\u0161\u0161\u00ed cenu (obchodov\u00e1n\u00ed s energi\u00ed). V\u00fdhody bateriov\u00fdch \u00falo\u017ei\u0161\u0165 Pylontech V\u00edce ne\u017e 6000 nab\u00edjec\u00edch cykl\u016f s DOD 95% Modul\u00e1rn\u00ed syst\u00e9m roz\u0161i\u0159iteln\u00fd a\u017e na 24,86 kWh Bez\u00fadr\u017ebov\u00fd a snadno instalovateln\u00fd. <\/p>","protected":false},"excerpt":{"rendered":"<p>Modernizace dom\u00e1c\u00edho bateriov\u00e9ho syst\u00e9mu | 1-f\u00e1zov\u00fd<\/p>","protected":false},"featured_media":28618,"comment_status":"open","ping_status":"closed","template":"","meta":[],"pwb-brand":[155,156],"product_brand":[],"product_cat":[77],"product_tag":[],"class_list":{"0":"post-28547","1":"product","2":"type-product","3":"status-publish","4":"has-post-thumbnail","6":"pwb-brand-pylontech","7":"pwb-brand-solis","8":"product_cat-thuisbatterijen","10":"first","11":"instock","12":"shipping-taxable","13":"purchasable","14":"product-type-simple"},"brands":[{"id":155,"name":"Pylontech","slug":"pylontech"},{"id":156,"name":"Solis","slug":"solis"}],"_links":{"self":[{"href":"https:\/\/thuisbatterijoutlet.eu\/cs\/wp-json\/wp\/v2\/product\/28547","targetHints":{"allow":["GET"]}}],"collection":[{"href":"https:\/\/thuisbatterijoutlet.eu\/cs\/wp-json\/wp\/v2\/product"}],"about":[{"href":"https:\/\/thuisbatterijoutlet.eu\/cs\/wp-json\/wp\/v2\/types\/product"}],"replies":[{"embeddable":true,"href":"https:\/\/thuisbatterijoutlet.eu\/cs\/wp-json\/wp\/v2\/comments?post=28547"}],"version-history":[{"count":1,"href":"https:\/\/thuisbatterijoutlet.eu\/cs\/wp-json\/wp\/v2\/product\/28547\/revisions"}],"predecessor-version":[{"id":28619,"href":"https:\/\/thuisbatterijoutlet.eu\/cs\/wp-json\/wp\/v2\/product\/28547\/revisions\/28619"}],"wp:featuredmedia":[{"embeddable":true,"href":"https:\/\/thuisbatterijoutlet.eu\/cs\/wp-json\/wp\/v2\/media\/28618"}],"wp:attachment":[{"href":"https:\/\/thuisbatterijoutlet.eu\/cs\/wp-json\/wp\/v2\/media?parent=28547"}],"wp:term":[{"taxonomy":"pwb-brand","embeddable":true,"href":"https:\/\/thuisbatterijoutlet.eu\/cs\/wp-json\/wp\/v2\/pwb-brand?post=28547"},{"taxonomy":"product_brand","embeddable":true,"href":"https:\/\/thuisbatterijoutlet.eu\/cs\/wp-json\/wp\/v2\/product_brand?post=28547"},{"taxonomy":"product_cat","embeddable":true,"href":"https:\/\/thuisbatterijoutlet.eu\/cs\/wp-json\/wp\/v2\/product_cat?post=28547"},{"taxonomy":"product_tag","embeddable":true,"href":"https:\/\/thuisbatterijoutlet.eu\/cs\/wp-json\/wp\/v2\/product_tag?post=28547"}],"curies":[{"name":"wp","href":"https:\/\/api.w.org\/{rel}","templated":true}]}}