{"id":28582,"date":"2024-12-20T18:40:37","date_gmt":"2024-12-20T18:40:37","guid":{"rendered":"https:\/\/thuisbatterijoutlet.eu\/?post_type=product&#038;p=28582"},"modified":"2025-03-08T07:37:07","modified_gmt":"2025-03-08T07:37:07","slug":"saj-h2-4k-s2-10kwh-all-in-one-solution","status":"publish","type":"product","link":"https:\/\/thuisbatterijoutlet.eu\/cs\/produkt\/saj-h2-4k-10kwh-all-in-one-reseni\/","title":{"rendered":"SAJ - H2-4K-S2 -10kWh All-In-One \u0159e\u0161en\u00ed"},"content":{"rendered":"<p>SAJ - H2-4K-S2 - 10kWh All-In-One SolutionTato verze syst\u00e9mu All-In-One m\u00e1 v\u00fdkon 4 kW a kapacitu baterie 10 kWh.SAJ - H2-4K-S2 - 10kWh All-In-One SolutionTato verze syst\u00e9mu All-In-One m\u00e1 v\u00fdkon 4 kW a kapacitu baterie 10 kWh.SAJ Electric All-In-One Solution HS2-3K-6K-S2Jednof\u00e1zov\u00e1 \u0159ada HS2 je kombinac\u00ed modul\u00e1rn\u00edho hybridn\u00edho m\u011bni\u010de a baterie. HS2 se snadno instaluje.<br \/>     V\u00fdhody jednof\u00e1zov\u00e9ho \u0159e\u0161en\u00ed HS2 all-in-one jsou:<br \/>     V\u0161echny komponenty pohromad\u011b v jedn\u00e9 jednotce, co\u017e umo\u017e\u0148uje m\u00e9n\u011b kabel\u00e1\u017ee Vodot\u011bsn\u00e9 proveden\u00ed IP65 i pro venkovn\u00ed pou\u017eit\u00ed Funkce UPS pro z\u00e1lo\u017en\u00ed nap\u00e1jen\u00ed K dispozici ve v\u00fdkonov\u00e9m rozsahu od 3 kW do 6 kW Maxim\u00e1ln\u00ed vstupn\u00ed proud 16 A pro lep\u0161\u00ed p\u0159ipojen\u00ed k panelu s vysok\u00fdm v\u00fdkonem Vestav\u011bn\u00e1 funkce AFCI (Arc-Fault-Circuit-Intertuper) \u0160k\u00e1lovateln\u00e1 modul\u00e1rn\u00ed konstrukce bateri\u00ed od 5 kWh do 20 kWh SAJ ElectricSAJ je glob\u00e1ln\u00ed hr\u00e1\u010d na trhu st\u0159\u00edda\u010d\u016f, kter\u00fd se zam\u011b\u0159uje na \u0159e\u0161en\u00ed pro p\u0159em\u011bnu, p\u0159enos a skladov\u00e1n\u00ed obnoviteln\u00e9 energie. Spole\u010dnost nab\u00edz\u00ed profesion\u00e1ln\u00ed distribuovan\u00e9 sol\u00e1rn\u00ed st\u0159\u00edda\u010de, hybridn\u00ed st\u0159\u00edda\u010de s bateriov\u00fdm \u00falo\u017ei\u0161t\u011bm a monitorovac\u00ed syst\u00e9m.<\/p>","protected":false},"excerpt":{"rendered":"<p>1-f\u00e1zov\u00fd | v\u00fdkon 4 kW | kapacita baterie 10 kWh | v\u010detn\u011b elektrom\u011bru<\/p>","protected":false},"featured_media":28660,"comment_status":"open","ping_status":"closed","template":"","meta":[],"pwb-brand":[390],"product_brand":[],"product_cat":[77],"product_tag":[],"class_list":{"0":"post-28582","1":"product","2":"type-product","3":"status-publish","4":"has-post-thumbnail","6":"pwb-brand-saj","7":"product_cat-thuisbatterijen","9":"first","10":"instock","11":"shipping-taxable","12":"purchasable","13":"product-type-simple"},"brands":[{"id":390,"name":"SAJ","slug":"saj"}],"_links":{"self":[{"href":"https:\/\/thuisbatterijoutlet.eu\/cs\/wp-json\/wp\/v2\/product\/28582","targetHints":{"allow":["GET"]}}],"collection":[{"href":"https:\/\/thuisbatterijoutlet.eu\/cs\/wp-json\/wp\/v2\/product"}],"about":[{"href":"https:\/\/thuisbatterijoutlet.eu\/cs\/wp-json\/wp\/v2\/types\/product"}],"replies":[{"embeddable":true,"href":"https:\/\/thuisbatterijoutlet.eu\/cs\/wp-json\/wp\/v2\/comments?post=28582"}],"version-history":[{"count":1,"href":"https:\/\/thuisbatterijoutlet.eu\/cs\/wp-json\/wp\/v2\/product\/28582\/revisions"}],"predecessor-version":[{"id":28661,"href":"https:\/\/thuisbatterijoutlet.eu\/cs\/wp-json\/wp\/v2\/product\/28582\/revisions\/28661"}],"wp:featuredmedia":[{"embeddable":true,"href":"https:\/\/thuisbatterijoutlet.eu\/cs\/wp-json\/wp\/v2\/media\/28660"}],"wp:attachment":[{"href":"https:\/\/thuisbatterijoutlet.eu\/cs\/wp-json\/wp\/v2\/media?parent=28582"}],"wp:term":[{"taxonomy":"pwb-brand","embeddable":true,"href":"https:\/\/thuisbatterijoutlet.eu\/cs\/wp-json\/wp\/v2\/pwb-brand?post=28582"},{"taxonomy":"product_brand","embeddable":true,"href":"https:\/\/thuisbatterijoutlet.eu\/cs\/wp-json\/wp\/v2\/product_brand?post=28582"},{"taxonomy":"product_cat","embeddable":true,"href":"https:\/\/thuisbatterijoutlet.eu\/cs\/wp-json\/wp\/v2\/product_cat?post=28582"},{"taxonomy":"product_tag","embeddable":true,"href":"https:\/\/thuisbatterijoutlet.eu\/cs\/wp-json\/wp\/v2\/product_tag?post=28582"}],"curies":[{"name":"wp","href":"https:\/\/api.w.org\/{rel}","templated":true}]}}