{"id":28659,"date":"2024-12-20T18:41:24","date_gmt":"2024-12-20T18:41:24","guid":{"rendered":"https:\/\/thuisbatterijoutlet.eu\/?post_type=product&#038;p=28659"},"modified":"2025-03-08T07:36:56","modified_gmt":"2025-03-08T07:36:56","slug":"sungrow-sbr-hoogspannings-lfp-batterij-96kw-sbr096","status":"publish","type":"product","link":"https:\/\/thuisbatterijoutlet.eu\/cs\/produkt\/sungrow-sbr-vysokonapetova-lfp-baterie-96kw-sbr096\/","title":{"rendered":"Vysokonap\u011b\u0165ov\u00e1 baterie Sungrow SBR LFP 9,6 kW (SBR096)"},"content":{"rendered":"<p>VYSOK\u00c1 \u00da\u010cINNOST<\/p>\n<p>\u065aKonstantn\u00ed nab\u00edjec\u00ed a vyb\u00edjec\u00ed proud a\u017e 30 A s vysokou \u00fa\u010dinnost\u00ed<br \/> A\u017e 100% vyu\u017eiteln\u00e9 energie<\/p>\n<p>FLEXIBILITA<\/p>\n<p>Mo\u017enost roz\u0161\u00ed\u0159en\u00ed b\u011bhem \u017eivotnosti<br \/> Podpora 3-8 modul\u016f na jednotku, max. 4 paraleln\u011b zapojen\u00e9 jednotky, rozsah kapacity 9-100 kWh<\/p>\n<p>BEZPE\u010cNOST<\/p>\n<p>Lithium-\u017eelezo-fosf\u00e1tov\u00e1 baterie<br \/> Konstrukce s v\u00edcef\u00e1zovou ochranou a komplexn\u00ed bezpe\u010dnostn\u00ed certifikac\u00ed<\/p>\n<p>SNADN\u00c1 INSTALACE<\/p>\n<p>Kompaktn\u00ed a lehk\u00e1 instalace pro jednu osobu<br \/> Plug&amp;play, \u017e\u00e1dn\u00e9 kabely mezi moduly baterie nejsou pot\u0159eba.<\/p>","protected":false},"excerpt":{"rendered":"<p>9,6 kW, IP55, max. 100% DOD<\/p>","protected":false},"featured_media":28800,"comment_status":"open","ping_status":"closed","template":"","meta":[],"pwb-brand":[391],"product_brand":[],"product_cat":[77],"product_tag":[],"class_list":{"0":"post-28659","1":"product","2":"type-product","3":"status-publish","4":"has-post-thumbnail","6":"pwb-brand-sungrow","7":"product_cat-thuisbatterijen","9":"first","10":"instock","11":"shipping-taxable","12":"purchasable","13":"product-type-simple"},"brands":[{"id":391,"name":"Sungrow","slug":"sungrow"}],"_links":{"self":[{"href":"https:\/\/thuisbatterijoutlet.eu\/cs\/wp-json\/wp\/v2\/product\/28659","targetHints":{"allow":["GET"]}}],"collection":[{"href":"https:\/\/thuisbatterijoutlet.eu\/cs\/wp-json\/wp\/v2\/product"}],"about":[{"href":"https:\/\/thuisbatterijoutlet.eu\/cs\/wp-json\/wp\/v2\/types\/product"}],"replies":[{"embeddable":true,"href":"https:\/\/thuisbatterijoutlet.eu\/cs\/wp-json\/wp\/v2\/comments?post=28659"}],"version-history":[{"count":1,"href":"https:\/\/thuisbatterijoutlet.eu\/cs\/wp-json\/wp\/v2\/product\/28659\/revisions"}],"predecessor-version":[{"id":28801,"href":"https:\/\/thuisbatterijoutlet.eu\/cs\/wp-json\/wp\/v2\/product\/28659\/revisions\/28801"}],"wp:featuredmedia":[{"embeddable":true,"href":"https:\/\/thuisbatterijoutlet.eu\/cs\/wp-json\/wp\/v2\/media\/28800"}],"wp:attachment":[{"href":"https:\/\/thuisbatterijoutlet.eu\/cs\/wp-json\/wp\/v2\/media?parent=28659"}],"wp:term":[{"taxonomy":"pwb-brand","embeddable":true,"href":"https:\/\/thuisbatterijoutlet.eu\/cs\/wp-json\/wp\/v2\/pwb-brand?post=28659"},{"taxonomy":"product_brand","embeddable":true,"href":"https:\/\/thuisbatterijoutlet.eu\/cs\/wp-json\/wp\/v2\/product_brand?post=28659"},{"taxonomy":"product_cat","embeddable":true,"href":"https:\/\/thuisbatterijoutlet.eu\/cs\/wp-json\/wp\/v2\/product_cat?post=28659"},{"taxonomy":"product_tag","embeddable":true,"href":"https:\/\/thuisbatterijoutlet.eu\/cs\/wp-json\/wp\/v2\/product_tag?post=28659"}],"curies":[{"name":"wp","href":"https:\/\/api.w.org\/{rel}","templated":true}]}}