{"id":28684,"date":"2024-12-20T18:41:56","date_gmt":"2024-12-20T18:41:56","guid":{"rendered":"https:\/\/thuisbatterijoutlet.eu\/?post_type=product&#038;p=28684"},"modified":"2025-03-08T07:36:53","modified_gmt":"2025-03-08T07:36:53","slug":"lg-resu-10h-prime","status":"publish","type":"product","link":"https:\/\/thuisbatterijoutlet.eu\/cs\/produkt\/lg-resu-10h-prime\/","title":{"rendered":"LG RESU 10H Prime"},"content":{"rendered":"<p>Je sou\u010d\u00e1st\u00ed nejnov\u011bj\u0161\u00ed generace \u0159ady 3 v \u0159ad\u011b LG RESU. RESU10H Prime je \u0159e\u0161en\u00ed pro ukl\u00e1d\u00e1n\u00ed energie o kapacit\u011b 9,6 kWh a nap\u011bt\u00ed 400 V, kter\u00e9 je kompaktn\u011b navr\u017eeno pro ukl\u00e1d\u00e1n\u00ed a dod\u00e1v\u00e1n\u00ed energie z va\u0161ich fotovoltaick\u00fdch sol\u00e1rn\u00edch panel\u016f a s\u00edt\u011b. Tato bateriov\u00e1 jednotka poskytuje nap\u00e1jen\u00ed na vy\u017e\u00e1d\u00e1n\u00ed, udr\u017euje va\u0161e spot\u0159ebi\u010de v provozu v p\u0159\u00edpad\u011b v\u00fdpadku proudu a minimalizuje n\u00e1klady na v\u00e1\u0161 \u00fa\u010det za elekt\u0159inu.<\/p>\n<p>RESU10H Prime je ide\u00e1ln\u00ed volbou pro majitele dom\u016f nebo firmy, kte\u0159\u00ed se cht\u011bj\u00ed st\u00e1t energeticky nez\u00e1visl\u00fdmi, v nov\u00e9m a modul\u00e1rn\u00edm designu lze baterii snadno roz\u0161\u00ed\u0159it a\u017e na kapacitu 19,2 kWh, aby uspokojila va\u0161e ka\u017edodenn\u00ed energetick\u00e9 pot\u0159eby.<\/p>","protected":false},"excerpt":{"rendered":"<p>9,6 kWh, 400V, 100% DoD<\/p>","protected":false},"featured_media":28823,"comment_status":"open","ping_status":"closed","template":"","meta":[],"pwb-brand":[],"product_brand":[],"product_cat":[77],"product_tag":[],"class_list":{"0":"post-28684","1":"product","2":"type-product","3":"status-publish","4":"has-post-thumbnail","6":"product_cat-thuisbatterijen","8":"first","9":"instock","10":"shipping-taxable","11":"purchasable","12":"product-type-simple"},"brands":[],"_links":{"self":[{"href":"https:\/\/thuisbatterijoutlet.eu\/cs\/wp-json\/wp\/v2\/product\/28684","targetHints":{"allow":["GET"]}}],"collection":[{"href":"https:\/\/thuisbatterijoutlet.eu\/cs\/wp-json\/wp\/v2\/product"}],"about":[{"href":"https:\/\/thuisbatterijoutlet.eu\/cs\/wp-json\/wp\/v2\/types\/product"}],"replies":[{"embeddable":true,"href":"https:\/\/thuisbatterijoutlet.eu\/cs\/wp-json\/wp\/v2\/comments?post=28684"}],"version-history":[{"count":1,"href":"https:\/\/thuisbatterijoutlet.eu\/cs\/wp-json\/wp\/v2\/product\/28684\/revisions"}],"predecessor-version":[{"id":28824,"href":"https:\/\/thuisbatterijoutlet.eu\/cs\/wp-json\/wp\/v2\/product\/28684\/revisions\/28824"}],"wp:featuredmedia":[{"embeddable":true,"href":"https:\/\/thuisbatterijoutlet.eu\/cs\/wp-json\/wp\/v2\/media\/28823"}],"wp:attachment":[{"href":"https:\/\/thuisbatterijoutlet.eu\/cs\/wp-json\/wp\/v2\/media?parent=28684"}],"wp:term":[{"taxonomy":"pwb-brand","embeddable":true,"href":"https:\/\/thuisbatterijoutlet.eu\/cs\/wp-json\/wp\/v2\/pwb-brand?post=28684"},{"taxonomy":"product_brand","embeddable":true,"href":"https:\/\/thuisbatterijoutlet.eu\/cs\/wp-json\/wp\/v2\/product_brand?post=28684"},{"taxonomy":"product_cat","embeddable":true,"href":"https:\/\/thuisbatterijoutlet.eu\/cs\/wp-json\/wp\/v2\/product_cat?post=28684"},{"taxonomy":"product_tag","embeddable":true,"href":"https:\/\/thuisbatterijoutlet.eu\/cs\/wp-json\/wp\/v2\/product_tag?post=28684"}],"curies":[{"name":"wp","href":"https:\/\/api.w.org\/{rel}","templated":true}]}}