{"id":28728,"date":"2024-12-20T18:42:50","date_gmt":"2024-12-20T18:42:50","guid":{"rendered":"https:\/\/thuisbatterijoutlet.eu\/?post_type=product&#038;p=28728"},"modified":"2025-03-08T07:36:49","modified_gmt":"2025-03-08T07:36:49","slug":"byd-b-box-premium-lvs-pdubase","status":"publish","type":"product","link":"https:\/\/thuisbatterijoutlet.eu\/cs\/produkt\/byd-b-box-premium-lvs-pdubase\/","title":{"rendered":"BYD B-BOX Premium LVS (PDU+Base)"},"content":{"rendered":"<p>BATTERIJ-BOX PREMIUM LVS<\/p>\n<p>Schaalbaar van 4 kWh tot 256 kWh<br \/> Maximale flexibiliteit voor elke toepassing met maximaal 64 modules<br \/> Parallel geschakeld<br \/> Compatibel met marktleidende 1 en 3 fase omvormers<br \/> Kobaltvrije lithium-ijzerfosfaatbatterij (LFP): Maximale veiligheid, levenscyclus en vermogen<br \/> In staat tot noodbackup met hoog vermogen en off-grid functie<br \/> Gepatenteerd intern stekkerontwerp vereist geen extra bedrading<br \/> Optimalisatie van het eigen verbruik voor residenti\u00eble en commerci\u00eble toepassingen.<\/p>\n<p>BATTERIJ-BOX PREMIUM LVS<\/p>\n<p>4 kWh module<br \/> Modulair ontwerp vereenvoudigt transport en installatie<\/p>\n<p>De BYD Battery-Box Premium LVS is een lithium ijzer fosfaat (LFP) batterijpakket voor gebruik met een externe omvormer. Een enkele Battery-Box Premium LVS bevat tussen 1 en 6 parallel gestapelde batterijmodules LVS en kan een bruikbare capaciteit van 4 tot 24,0 kWh in \u00e9\u00e9n toren bereiken:<\/p>\n<p>Batterij-Box LVS 4.0 (4 kWh)<br \/> Batterij-Box LVS 8.0 (8 kWh)<br \/> Batterij-box LVS 12.0 (12 kWh)<br \/> Batterij-box LVS 16.0 (16 kWh)<br \/> Batterij-box LVS 20.0 (20 kWh &#8211; alleen \u00e9\u00e9n toren)<br \/> Batterij-box LVS 24.0 (24 kWh &#8211; alleen tower)<\/p>\n<p>Sluit tot 16 Battery-Box LVS 16.0 parallel aan voor een maximale grootte van 256 kWh. Mogelijkheid om op te schalen door later LVS-modules of parallelle torens van 1 tot 4 modules toe te voegen.<\/p>","protected":false},"excerpt":{"rendered":"<p>Rozvad\u011b\u010d LVS + z\u00e1kladna<\/p>","protected":false},"featured_media":28864,"comment_status":"open","ping_status":"closed","template":"","meta":[],"pwb-brand":[150],"product_brand":[],"product_cat":[77],"product_tag":[],"class_list":{"0":"post-28728","1":"product","2":"type-product","3":"status-publish","4":"has-post-thumbnail","6":"pwb-brand-byd","7":"product_cat-thuisbatterijen","9":"first","10":"instock","11":"shipping-taxable","12":"purchasable","13":"product-type-simple"},"brands":[{"id":150,"name":"BYD","slug":"byd"}],"_links":{"self":[{"href":"https:\/\/thuisbatterijoutlet.eu\/cs\/wp-json\/wp\/v2\/product\/28728","targetHints":{"allow":["GET"]}}],"collection":[{"href":"https:\/\/thuisbatterijoutlet.eu\/cs\/wp-json\/wp\/v2\/product"}],"about":[{"href":"https:\/\/thuisbatterijoutlet.eu\/cs\/wp-json\/wp\/v2\/types\/product"}],"replies":[{"embeddable":true,"href":"https:\/\/thuisbatterijoutlet.eu\/cs\/wp-json\/wp\/v2\/comments?post=28728"}],"version-history":[{"count":1,"href":"https:\/\/thuisbatterijoutlet.eu\/cs\/wp-json\/wp\/v2\/product\/28728\/revisions"}],"predecessor-version":[{"id":28865,"href":"https:\/\/thuisbatterijoutlet.eu\/cs\/wp-json\/wp\/v2\/product\/28728\/revisions\/28865"}],"wp:featuredmedia":[{"embeddable":true,"href":"https:\/\/thuisbatterijoutlet.eu\/cs\/wp-json\/wp\/v2\/media\/28864"}],"wp:attachment":[{"href":"https:\/\/thuisbatterijoutlet.eu\/cs\/wp-json\/wp\/v2\/media?parent=28728"}],"wp:term":[{"taxonomy":"pwb-brand","embeddable":true,"href":"https:\/\/thuisbatterijoutlet.eu\/cs\/wp-json\/wp\/v2\/pwb-brand?post=28728"},{"taxonomy":"product_brand","embeddable":true,"href":"https:\/\/thuisbatterijoutlet.eu\/cs\/wp-json\/wp\/v2\/product_brand?post=28728"},{"taxonomy":"product_cat","embeddable":true,"href":"https:\/\/thuisbatterijoutlet.eu\/cs\/wp-json\/wp\/v2\/product_cat?post=28728"},{"taxonomy":"product_tag","embeddable":true,"href":"https:\/\/thuisbatterijoutlet.eu\/cs\/wp-json\/wp\/v2\/product_tag?post=28728"}],"curies":[{"name":"wp","href":"https:\/\/api.w.org\/{rel}","templated":true}]}}