{"id":28729,"date":"2024-12-20T18:42:50","date_gmt":"2024-12-20T18:42:50","guid":{"rendered":"https:\/\/thuisbatterijoutlet.eu\/?post_type=product&#038;p=28729"},"modified":"2025-03-08T07:36:47","modified_gmt":"2025-03-08T07:36:47","slug":"byd-b-box-premium-hv-battery-control-unit-base","status":"publish","type":"product","link":"https:\/\/thuisbatterijoutlet.eu\/cs\/produkt\/byd-b-box-premium-hv-zakladna-ridici-jednotky-baterie\/","title":{"rendered":"BYD B-Box Premium HV Battery Control Unit + z\u00e1kladna"},"content":{"rendered":"<p>BATTERY-BOX PREMIUM HVS \/ HVMSvhodn\u00fd pro nouzov\u00e9 z\u00e1lohov\u00e1n\u00ed s vysok\u00fdm v\u00fdkonem a funkc\u00ed off-gridNejvy\u0161\u0161\u00ed \u00fa\u010dinnost d\u00edky skute\u010dn\u00e9mu vysokonap\u011b\u0165ov\u00e9mu s\u00e9riov\u00e9mu zapojen\u00edPatentovan\u00e1 modul\u00e1rn\u00ed konstrukce z\u00e1str\u010dky nevy\u017eaduje \u017e\u00e1dn\u00e9 vnit\u0159n\u00ed zapojen\u00ed a zaji\u0161\u0165uje maxim\u00e1ln\u00ed flexibilitu a snadn\u00e9 pou\u017eit\u00edBezkobaltov\u00e1 baterie z lithium-\u017eelezo-fosf\u00e1tu (LFP): maxim\u00e1ln\u00ed bezpe\u010dnost, dlouh\u00e1 \u017eivotnost a v\u00fdkonKompatibiln\u00ed s p\u0159edn\u00edmi 1 a 3f\u00e1zov\u00fdmi vysokonap\u011b\u0165ov\u00fdmi bateriov\u00fdmi m\u011bni\u010di.<\/p>\n<p>Dva r\u016fzn\u00e9 moduly pro celou \u0159adu velikost\u00ed syst\u00e9muNejp\u0159\u00edsn\u011bj\u0161\u00ed bezpe\u010dnostn\u00ed normy, jako je VDE 2510-50BATTERY-BOX PREMIUM HVSEA Battery-Box Premium HVS se skl\u00e1d\u00e1 ze 2 a\u017e 5 bateriov\u00fdch modul\u016f HVS zapojen\u00fdch do s\u00e9rie, \u010d\u00edm\u017e se dos\u00e1hne vyu\u017eiteln\u00e9 kapacity 5,1 a\u017e 12,8 kWh. Krom\u011b toho je mo\u017en\u00e9 p\u0159\u00edm\u00e9 paraleln\u00ed spojen\u00ed a\u017e 3 stejn\u00fdch. Battery-Box Premium HVS umo\u017e\u0148uje maxim\u00e1ln\u00ed kapacitu 38,4 kWh. Mo\u017enost roz\u0161i\u0159ov\u00e1n\u00ed pozd\u011bj\u0161\u00edm p\u0159id\u00e1v\u00e1n\u00edm modul\u016f HVS nebo paraleln\u00edch stoh\u016f HVS. baterie BATTERY-BOX PREMIUM HVMEa baterie Battery-Box Premium HVM se skl\u00e1d\u00e1 ze 3 a\u017e 8 s\u00e9riov\u011b zapojen\u00fdch modul\u016f HVM pro dosa\u017een\u00ed vyu\u017eiteln\u00e9 kapacity 8,3 a\u017e 22,1 kWh. P\u0159\u00edm\u00e9 paraleln\u00ed spojen\u00ed a\u017e 3 stejn\u00fdch modul\u016f Battery-Box Premium HVM nav\u00edc umo\u017e\u0148uje dos\u00e1hnout maxim\u00e1ln\u00ed kapacity 66,2 kWh. Mo\u017enost pozd\u011bj\u0161\u00edho roz\u0161\u00ed\u0159en\u00ed p\u0159id\u00e1n\u00edm modul\u016f HVM nebo paraleln\u00edch stoh\u016f HVM.<\/p>","protected":false},"excerpt":{"rendered":"<p>\u0158\u00eddic\u00ed jednotka baterie HVS\/HVM + z\u00e1kladna<\/p>","protected":false},"featured_media":28867,"comment_status":"open","ping_status":"closed","template":"","meta":[],"pwb-brand":[150],"product_brand":[],"product_cat":[77],"product_tag":[],"class_list":{"0":"post-28729","1":"product","2":"type-product","3":"status-publish","4":"has-post-thumbnail","6":"pwb-brand-byd","7":"product_cat-thuisbatterijen","9":"first","10":"instock","11":"shipping-taxable","12":"purchasable","13":"product-type-simple"},"brands":[{"id":150,"name":"BYD","slug":"byd"}],"_links":{"self":[{"href":"https:\/\/thuisbatterijoutlet.eu\/cs\/wp-json\/wp\/v2\/product\/28729","targetHints":{"allow":["GET"]}}],"collection":[{"href":"https:\/\/thuisbatterijoutlet.eu\/cs\/wp-json\/wp\/v2\/product"}],"about":[{"href":"https:\/\/thuisbatterijoutlet.eu\/cs\/wp-json\/wp\/v2\/types\/product"}],"replies":[{"embeddable":true,"href":"https:\/\/thuisbatterijoutlet.eu\/cs\/wp-json\/wp\/v2\/comments?post=28729"}],"version-history":[{"count":1,"href":"https:\/\/thuisbatterijoutlet.eu\/cs\/wp-json\/wp\/v2\/product\/28729\/revisions"}],"predecessor-version":[{"id":28868,"href":"https:\/\/thuisbatterijoutlet.eu\/cs\/wp-json\/wp\/v2\/product\/28729\/revisions\/28868"}],"wp:featuredmedia":[{"embeddable":true,"href":"https:\/\/thuisbatterijoutlet.eu\/cs\/wp-json\/wp\/v2\/media\/28867"}],"wp:attachment":[{"href":"https:\/\/thuisbatterijoutlet.eu\/cs\/wp-json\/wp\/v2\/media?parent=28729"}],"wp:term":[{"taxonomy":"pwb-brand","embeddable":true,"href":"https:\/\/thuisbatterijoutlet.eu\/cs\/wp-json\/wp\/v2\/pwb-brand?post=28729"},{"taxonomy":"product_brand","embeddable":true,"href":"https:\/\/thuisbatterijoutlet.eu\/cs\/wp-json\/wp\/v2\/product_brand?post=28729"},{"taxonomy":"product_cat","embeddable":true,"href":"https:\/\/thuisbatterijoutlet.eu\/cs\/wp-json\/wp\/v2\/product_cat?post=28729"},{"taxonomy":"product_tag","embeddable":true,"href":"https:\/\/thuisbatterijoutlet.eu\/cs\/wp-json\/wp\/v2\/product_tag?post=28729"}],"curies":[{"name":"wp","href":"https:\/\/api.w.org\/{rel}","templated":true}]}}