{"id":28730,"date":"2024-12-20T18:42:50","date_gmt":"2024-12-20T18:42:50","guid":{"rendered":"https:\/\/thuisbatterijoutlet.eu\/?post_type=product&#038;p=28730"},"modified":"2025-03-08T07:36:50","modified_gmt":"2025-03-08T07:36:50","slug":"huawei-luna2000-5kw-c0-power-module","status":"publish","type":"product","link":"https:\/\/thuisbatterijoutlet.eu\/cs\/produkt\/napajeci-modul-huawei-luna2000-5kw-c0\/","title":{"rendered":"Huawei LUNA2000-5kW-C0"},"content":{"rendered":"<p>Spole\u010dnost Huawei p\u0159edstavuje vlastn\u00ed syst\u00e9m bateriov\u00e9ho \u00falo\u017ei\u0161t\u011b pro fotovoltaiku: LUNA2000. \u00dalo\u017en\u00fd syst\u00e9m Huawei LUNA2000 m\u00e1 \u0161k\u00e1lovatelnou modul\u00e1rn\u00ed konstrukci. Syst\u00e9m se skl\u00e1d\u00e1 z v\u00fdkonov\u00e9ho modulu a jednoho nebo v\u00edce bateriov\u00fdch modul\u016f. Bateriov\u00fd modul m\u00e1 kapacitu 5 kWh a vyb\u00edjec\u00ed kapacitu 2,5 kWh. Syst\u00e9my s kapacitou 10kWh a 15kWh maj\u00ed ka\u017ed\u00fd vyb\u00edjec\u00ed kapacitu 5kWh. 1. Huawei LUNA2000-5kW-C0 - nap\u00e1jec\u00ed modul.<\/p>\n<p>Bateriov\u00fd modul LUNA2000 je kompatibiln\u00ed s jednof\u00e1zov\u00fdmi i t\u0159\u00edf\u00e1zov\u00fdmi st\u0159\u00edda\u010di Huawei. V jedn\u00e9 instalaci sol\u00e1rn\u00edho panelu lze paraleln\u011b integrovat dv\u011b baterie. To umo\u017e\u0148uje maxim\u00e1ln\u00ed \u00falo\u017enou kapacitu 30 kWh na jeden st\u0159\u00edda\u010d. Baterie LUNA2000 jsou bezpe\u010dn\u00e9 a spolehliv\u00e9 d\u00edky lithium-\u017eelezo-fosf\u00e1tov\u00fdm (LFP) bateriov\u00fdm \u010dl\u00e1nk\u016fm. Vadn\u00e9 bateriov\u00e9 moduly jsou automaticky izolov\u00e1ny, aby byl umo\u017en\u011bn provoz syst\u00e9mu.<\/p>","protected":false},"excerpt":{"rendered":"<p>Inteligentn\u00ed \u0159et\u011bzov\u00fd syst\u00e9m skladov\u00e1n\u00ed energie<\/p>","protected":false},"featured_media":28872,"comment_status":"open","ping_status":"closed","template":"","meta":[],"pwb-brand":[153],"product_brand":[],"product_cat":[77],"product_tag":[],"class_list":{"0":"post-28730","1":"product","2":"type-product","3":"status-publish","4":"has-post-thumbnail","6":"pwb-brand-huawei","7":"product_cat-thuisbatterijen","9":"first","10":"instock","11":"shipping-taxable","12":"purchasable","13":"product-type-simple"},"brands":[{"id":153,"name":"Huawei","slug":"huawei"}],"_links":{"self":[{"href":"https:\/\/thuisbatterijoutlet.eu\/cs\/wp-json\/wp\/v2\/product\/28730","targetHints":{"allow":["GET"]}}],"collection":[{"href":"https:\/\/thuisbatterijoutlet.eu\/cs\/wp-json\/wp\/v2\/product"}],"about":[{"href":"https:\/\/thuisbatterijoutlet.eu\/cs\/wp-json\/wp\/v2\/types\/product"}],"replies":[{"embeddable":true,"href":"https:\/\/thuisbatterijoutlet.eu\/cs\/wp-json\/wp\/v2\/comments?post=28730"}],"version-history":[{"count":2,"href":"https:\/\/thuisbatterijoutlet.eu\/cs\/wp-json\/wp\/v2\/product\/28730\/revisions"}],"predecessor-version":[{"id":29031,"href":"https:\/\/thuisbatterijoutlet.eu\/cs\/wp-json\/wp\/v2\/product\/28730\/revisions\/29031"}],"wp:featuredmedia":[{"embeddable":true,"href":"https:\/\/thuisbatterijoutlet.eu\/cs\/wp-json\/wp\/v2\/media\/28872"}],"wp:attachment":[{"href":"https:\/\/thuisbatterijoutlet.eu\/cs\/wp-json\/wp\/v2\/media?parent=28730"}],"wp:term":[{"taxonomy":"pwb-brand","embeddable":true,"href":"https:\/\/thuisbatterijoutlet.eu\/cs\/wp-json\/wp\/v2\/pwb-brand?post=28730"},{"taxonomy":"product_brand","embeddable":true,"href":"https:\/\/thuisbatterijoutlet.eu\/cs\/wp-json\/wp\/v2\/product_brand?post=28730"},{"taxonomy":"product_cat","embeddable":true,"href":"https:\/\/thuisbatterijoutlet.eu\/cs\/wp-json\/wp\/v2\/product_cat?post=28730"},{"taxonomy":"product_tag","embeddable":true,"href":"https:\/\/thuisbatterijoutlet.eu\/cs\/wp-json\/wp\/v2\/product_tag?post=28730"}],"curies":[{"name":"wp","href":"https:\/\/api.w.org\/{rel}","templated":true}]}}