{"id":27802,"date":"2024-12-20T10:11:24","date_gmt":"2024-12-20T10:11:24","guid":{"rendered":"https:\/\/thuisbatterijoutlet.eu\/?page_id=27802"},"modified":"2025-01-14T08:10:04","modified_gmt":"2025-01-14T08:10:04","slug":"verzending-levertijd","status":"publish","type":"page","link":"https:\/\/thuisbatterijoutlet.eu\/de\/lieferzeit-der-sendung\/","title":{"rendered":"Versand und Lieferzeiten"},"content":{"rendered":"<div data-elementor-type=\"wp-page\" data-elementor-id=\"27802\" class=\"elementor elementor-27802\">\n\t\t\t\t<div class=\"wd-negative-gap elementor-element elementor-element-7211b1e3 e-flex e-con-boxed e-con e-parent\" data-id=\"7211b1e3\" data-element_type=\"container\" data-e-type=\"container\">\n\t\t\t\t\t<div class=\"e-con-inner\">\n\t\t\t\t<div class=\"elementor-element elementor-element-e6b9235 color-scheme-inherit text-left elementor-widget elementor-widget-text-editor\" data-id=\"e6b9235\" data-element_type=\"widget\" data-e-type=\"widget\" data-widget_type=\"text-editor.default\">\n\t\t\t\t<div class=\"elementor-widget-container\">\n\t\t\t\t\t\t\t\t\t\n<p>Home Battery Outlet bearbeitet Bestellungen innerhalb von 1 bis 7 Arbeitstagen. Bestellungen, die per Paketdienst (PostNL, GLS und DPD-Paketpost) geliefert werden k\u00f6nnen, werden in der Regel innerhalb von 1 bis 7 Werktagen nach Versand zugestellt. Gro\u00dfe Produkte wie schwerere Wechselrichter oder Solarmodule werden per Palettenversand transportiert, der von unserem Spediteur abgewickelt wird: Transmission. Die Lieferfrist f\u00fcr Palettensendungen betr\u00e4gt in der Regel 1 bis 7 Arbeitstage. Nachdem Ihre Sendung vom Spediteur abgeholt wurde, erhalten Sie in der Regel innerhalb von 24 bis maximal 48 Stunden einen Link zur Sendungsverfolgung, damit Sie Ihre Sendung verfolgen k\u00f6nnen.<\/p>\n<p>Sie bestellen \u00fcber das Wochenende? Dann werden wir daf\u00fcr sorgen, dass Ihre Bestellung am Montag oder Dienstag geliefert wird. Der Versand nach Frankreich, Deutschland, \u00d6sterreich oder in andere EU-L\u00e4nder dauert in der Regel 1 bis 7 Arbeitstage.<br \/><br \/><strong>Kosten f\u00fcr den Versand<\/strong><br \/>Bestellungen innerhalb der Niederlande, Belgiens und Deutschlands werden kostenlos geliefert!<br \/>Dar\u00fcber hinaus gelten die nachstehenden Tarife:<br \/>Bulgarien, Zypern, D\u00e4nemark, Estland, Finnland, Frankreich, Griechenland, Ungarn, Irland, Italien, Kroatien, Lettland, Litauen, Luxemburg, Malta, \u00d6sterreich, Polen, Portugal, Rum\u00e4nien, Slowenien, Slowakei, Spanien, Tschechische Republik, Schweden: \u20ac39,00<br \/>Alle Paketbestellungen werden per Post NL, GLS oder DPD-Paketpost verschickt. PostNL, GLS und DPD-Paketpost garantieren eine schnelle und zuverl\u00e4ssige Lieferung.<\/p>\n\t\t\t\t\t\t\t\t<\/div>\n\t\t\t\t<\/div>\n\t\t\t\t\t<\/div>\n\t\t\t\t<\/div>\n\t\t\t\t<\/div>","protected":false},"excerpt":{"rendered":"<p>Thuisbatterij Outlet verwerken de bestellingen binnen 1 tot 7 werkdagen. Orders die bezorgd kunnen worden met een pakketdienst (PostNL, GLS<\/p>","protected":false},"author":1,"featured_media":0,"parent":0,"menu_order":0,"comment_status":"closed","ping_status":"closed","template":"elementor_header_footer","meta":{"footnotes":""},"class_list":["post-27802","page","type-page","status-publish","hentry"],"_links":{"self":[{"href":"https:\/\/thuisbatterijoutlet.eu\/de\/wp-json\/wp\/v2\/pages\/27802","targetHints":{"allow":["GET"]}}],"collection":[{"href":"https:\/\/thuisbatterijoutlet.eu\/de\/wp-json\/wp\/v2\/pages"}],"about":[{"href":"https:\/\/thuisbatterijoutlet.eu\/de\/wp-json\/wp\/v2\/types\/page"}],"author":[{"embeddable":true,"href":"https:\/\/thuisbatterijoutlet.eu\/de\/wp-json\/wp\/v2\/users\/1"}],"replies":[{"embeddable":true,"href":"https:\/\/thuisbatterijoutlet.eu\/de\/wp-json\/wp\/v2\/comments?post=27802"}],"version-history":[{"count":10,"href":"https:\/\/thuisbatterijoutlet.eu\/de\/wp-json\/wp\/v2\/pages\/27802\/revisions"}],"predecessor-version":[{"id":29066,"href":"https:\/\/thuisbatterijoutlet.eu\/de\/wp-json\/wp\/v2\/pages\/27802\/revisions\/29066"}],"wp:attachment":[{"href":"https:\/\/thuisbatterijoutlet.eu\/de\/wp-json\/wp\/v2\/media?parent=27802"}],"curies":[{"name":"wp","href":"https:\/\/api.w.org\/{rel}","templated":true}]}}