{"id":27809,"date":"2024-12-20T10:36:57","date_gmt":"2024-12-20T10:36:57","guid":{"rendered":"https:\/\/thuisbatterijoutlet.eu\/?page_id=27809"},"modified":"2024-12-20T10:49:07","modified_gmt":"2024-12-20T10:49:07","slug":"disclaimer","status":"publish","type":"page","link":"https:\/\/thuisbatterijoutlet.eu\/de\/haftungsausschluss\/","title":{"rendered":"Haftungsausschluss"},"content":{"rendered":"<p><strong>Haftungsausschluss Home Battery Outlet<\/strong><\/p>\n\n\n\n<p><strong>1. Einleitung<\/strong>\u00a0Willkommen auf der Website von Home Battery Outlet. Durch die Nutzung dieser Website erkl\u00e4ren Sie sich mit der Anwendbarkeit der Nutzungsbedingungen unserer Website einverstanden. Wir empfehlen den Nutzern der Website, die Bedingungen regelm\u00e4\u00dfig zu lesen, um sich \u00fcber eventuelle \u00c4nderungen zu informieren.<\/p>\n\n\n\n<p><strong>2. Inhalt der Website<\/strong>\u00a0Home Battery Outlet ist bestrebt, auf dieser Website aktuelle und genaue Informationen zu liefern. Die Informationen auf dieser Website werden regelm\u00e4\u00dfig aktualisiert, aber es wird keine Garantie daf\u00fcr gegeben, dass der Inhalt jederzeit fehlerfrei, vollst\u00e4ndig oder aktuell ist. Alle Informationen, Empfehlungen und Dienstleistungen werden ohne M\u00e4ngelgew\u00e4hr und ohne jegliche ausdr\u00fcckliche oder stillschweigende Garantie f\u00fcr die Richtigkeit, Vollst\u00e4ndigkeit oder Eignung f\u00fcr einen bestimmten Zweck bereitgestellt.<\/p>\n\n\n\n<p><strong>3. Haftung<\/strong>\u00a0Home Battery Outlet haftet nicht f\u00c3?r Sch\u00c3?den oder Verletzungen jeglicher Art, die aus der Nutzung dieser Website, der Unm\u00c3\u00b6glichkeit der Nutzung dieser Website oder dem Vertrauen auf die auf dieser Website bereitgestellten Informationen entstehen. Dies gilt unter anderem f\u00fcr Sch\u00e4den, die durch Viren, Datenverluste oder Gewinneinbu\u00dfen verursacht werden. Home Battery Outlet haftet nur im Falle von Vorsatz oder grober Fahrl\u00e4ssigkeit.<\/p>\n\n\n\n<p><strong>4. Externe Links<\/strong>\u00a0Diese Website kann Links zu externen Websites enthalten, die von Dritten betrieben werden. Home Battery Outlet ist nicht verantwortlich f\u00fcr den Inhalt, die Verf\u00fcgbarkeit, die Qualit\u00e4t oder die Richtigkeit der Informationen auf diesen externen Websites. Wir lehnen jede Haftung f\u00fcr Sch\u00e4den oder Verluste ab, die durch die Nutzung externer Links entstehen. Unsere Datenschutz- und Cookie-Erkl\u00e4rung gilt nicht f\u00fcr externe Websites.<\/p>\n\n\n\n<p><strong>5. Nutzung der Website<\/strong>\u00a0Es ist den Benutzern nicht gestattet, den Inhalt dieser Website ohne vorherige schriftliche Zustimmung von Home Battery Outlet zu kopieren, zu verteilen, zu vervielf\u00e4ltigen oder in irgendeiner Weise kommerziell zu nutzen. Die Benutzer d\u00fcrfen Material von der Website nur f\u00fcr den pers\u00f6nlichen Gebrauch herunterladen und ausdrucken, vorausgesetzt, die Quelle wird angegeben und der Inhalt wird nicht ver\u00e4ndert.<\/p>\n\n\n\n<p><strong>6. Geistiges Eigentum<\/strong>\u00a0Alle geistigen Eigentumsrechte in Bezug auf den Inhalt dieser Website, einschlie\u00dflich, aber nicht beschr\u00e4nkt auf Texte, Bilder, Logos und Software, geh\u00f6ren Thuisbatterij Outlet oder ihren Lizenzgebern. Es ist verboten, diese Materialien ohne vorherige schriftliche Zustimmung von Thuisbatterij Outlet zu verwenden, zu kopieren oder zu verbreiten.<\/p>\n\n\n\n<p><strong>7. Produkte und Dienstleistungen<\/strong>\u00a0Informationen \u00fcber Produkte und Dienstleistungen, die auf dieser Website angeboten werden, k\u00f6nnen ohne vorherige Ank\u00fcndigung ge\u00e4ndert werden. Obwohl wir uns bem\u00fchen, genaue Produktinformationen zu liefern, k\u00f6nnen Fehler oder Ungenauigkeiten auftreten. Home Battery Outlet \u00fcbernimmt keine Haftung in Bezug auf die Nutzung oder die Folgen der bereitgestellten Informationen, es sei denn, es liegt ein vors\u00e4tzliches oder grob fahrl\u00e4ssiges Verhalten vor.<\/p>\n\n\n\n<p><strong>8. Sonstige von den Nutzern bereitgestellte Informationen<\/strong>\u00a0Home Battery Outlet beh\u00c3?lt sich das Recht vor, alle Informationen, die von den Nutzern \u00c3?ber die Website zur Verf\u00c3?gung gestellt werden, wie z.B. Kommentare, Vorschl\u00c3?ge, Konzepte und andere Inhalte, ohne jegliche Verpflichtung zur Vertraulichkeit zu verwenden, zu kopieren und zu verbreiten. Durch die Bereitstellung solcher Inhalte garantiert der Nutzer, dass diese Inhalte nicht die Rechte Dritter verletzen, einschlie\u00dflich der Rechte am geistigen Eigentum.<\/p>\n\n\n\n<p><strong>9. \u00c4nderungen und Beendigung der Website<\/strong>\u00a0Home Battery Outlet beh\u00c3?lt sich das Recht vor, den Inhalt dieser Website zu \u00c3?ndern, den Zugang zur Website einzuschr\u00c3?nken oder die Website ohne Vorank\u00c3?ndigung ganz zu beenden. Home Battery Outlet haftet nicht f\u00fcr Sch\u00e4den, die sich aus solchen \u00c4nderungen oder der Beendigung ergeben.<\/p>\n\n\n\n<p><strong>10. Anwendbares Recht und Gerichtsbarkeit<\/strong>&nbsp;Dieser Haftungsausschluss und die Nutzung der Website unterliegen dem niederl\u00e4ndischen Recht. Alle Streitigkeiten, die sich aus oder im Zusammenhang mit der Nutzung der Website ergeben, werden ausschlie\u00dflich dem zust\u00e4ndigen Gericht in den Niederlanden vorgelegt.<\/p>\n\n\n\n<p><strong>11. Trennbarkeit<\/strong>&nbsp;Sollte sich eine Bestimmung dieses Haftungsausschlusses als ung\u00fcltig, rechtswidrig oder nicht durchsetzbar erweisen, bleiben die \u00fcbrigen Bestimmungen in vollem Umfang in Kraft. Die unwirksame Bestimmung wird durch eine wirksame Bestimmung ersetzt, die dem Zweck der urspr\u00fcnglichen Bestimmung so weit wie m\u00f6glich nahe kommt.<\/p>\n\n\n\n<p><strong>12. Kontakt<\/strong>&nbsp;Wenn Sie Fragen oder Anmerkungen zu diesem Haftungsausschluss haben, wenden Sie sich bitte an uns:<\/p>\n\n\n\n<p><strong>My Home Battery B.V.<\/strong><br>Anschrift: Brugginksweg 9, 7555 PB Hengelo<br>E-Mail:\u00a0<a>klanten@thuisbatterijoutlet.eu<\/a><\/p>\n\n\n\n<p>Diese Haftungsausschlusserkl\u00e4rung wurde zuletzt am 12-11-2024 aktualisiert.<\/p>\n\n\n\n<p><\/p>","protected":false},"excerpt":{"rendered":"<p>Disclaimer Thuisbatterij Outlet 1. Inleiding\u00a0Welkom op de website van Thuisbatterij Outlet. Door deze site te gebruiken, gaat u akkoord met<\/p>","protected":false},"author":1,"featured_media":0,"parent":0,"menu_order":0,"comment_status":"closed","ping_status":"closed","template":"elementor_header_footer","meta":{"footnotes":""},"class_list":["post-27809","page","type-page","status-publish","hentry"],"_links":{"self":[{"href":"https:\/\/thuisbatterijoutlet.eu\/de\/wp-json\/wp\/v2\/pages\/27809","targetHints":{"allow":["GET"]}}],"collection":[{"href":"https:\/\/thuisbatterijoutlet.eu\/de\/wp-json\/wp\/v2\/pages"}],"about":[{"href":"https:\/\/thuisbatterijoutlet.eu\/de\/wp-json\/wp\/v2\/types\/page"}],"author":[{"embeddable":true,"href":"https:\/\/thuisbatterijoutlet.eu\/de\/wp-json\/wp\/v2\/users\/1"}],"replies":[{"embeddable":true,"href":"https:\/\/thuisbatterijoutlet.eu\/de\/wp-json\/wp\/v2\/comments?post=27809"}],"version-history":[{"count":1,"href":"https:\/\/thuisbatterijoutlet.eu\/de\/wp-json\/wp\/v2\/pages\/27809\/revisions"}],"predecessor-version":[{"id":27810,"href":"https:\/\/thuisbatterijoutlet.eu\/de\/wp-json\/wp\/v2\/pages\/27809\/revisions\/27810"}],"wp:attachment":[{"href":"https:\/\/thuisbatterijoutlet.eu\/de\/wp-json\/wp\/v2\/media?parent=27809"}],"curies":[{"name":"wp","href":"https:\/\/api.w.org\/{rel}","templated":true}]}}