{"id":27811,"date":"2024-12-20T10:49:52","date_gmt":"2024-12-20T10:49:52","guid":{"rendered":"https:\/\/thuisbatterijoutlet.eu\/?page_id=27811"},"modified":"2024-12-20T10:59:12","modified_gmt":"2024-12-20T10:59:12","slug":"betaling","status":"publish","type":"page","link":"https:\/\/thuisbatterijoutlet.eu\/de\/zahlung\/","title":{"rendered":"Zahlung"},"content":{"rendered":"<h2 class=\"wp-block-heading\">Bezahlung im Webshop<\/h2>\n\n\n\n<h3 class=\"wp-block-heading\">Wie kann ich bezahlen?<\/h3>\n\n\n\n<p>Kreditkarte (VISA, MasterCard), Bancontact, KBC\/Belfius-Zahlungstaste, iDEAL und \u00dcberweisung.<\/p>\n\n\n\n<h3 class=\"wp-block-heading\">Verf\u00fcgt Solyd \u00fcber eine sichere Zahlungsumgebung?<\/h3>\n\n\n\n<p>Ja. Sobald Sie mit dem Auschecken beginnen, betreten Sie eine sichere Internetumgebung. Dies verhindert, dass andere einen Blick darauf werfen k\u00f6nnen. Ihre Transaktionsdaten werden verschl\u00fcsselt \u00fcber eine SSL-Verbindung \u00fcbertragen. Eine sichere SSL-Verbindung erkennen Sie an dem gr\u00fcnen Schloss in Ihrem Browser.<\/p>\n\n\n\n<h2 class=\"wp-block-heading\">Erstattung<\/h2>\n\n\n\n<h3 class=\"wp-block-heading\">Wie erhalte ich meine R\u00fcckerstattung?<\/h3>\n\n\n\n<p>Wir erstatten Ihnen den Betrag \u00fcber die Zahlungsmethode, mit der Sie gezahlt haben. Wenn Sie mit einem Gutschein, einem Geschenkgutschein oder einem Guthaben bezahlt haben, erhalten Sie die R\u00fcckerstattung in Form eines Guthabens. Wir senden Ihnen eine E-Mail-Best\u00e4tigung, wenn wir Ihr Geld zur\u00fcckerstattet haben oder wenn das Guthaben verf\u00fcgbar ist.<\/p>\n\n\n\n<h3 class=\"wp-block-heading\">Was ist, wenn ich keine Erstattung erhalten habe?<\/h3>\n\n\n\n<p>Wie lange es dauert, bis die Erstattung auf Ihrem Konto eingeht, ist von Bank zu Bank unterschiedlich. Ist der Betrag nach 5 Arbeitstagen immer noch nicht auf Ihrem Konto? Dann senden Sie eine E-Mail an\u00a0<a href=\"mailto:klanten@thuisbatterijoutlet.eu\">klanten@thuisbatterijoutlet.eu<\/a>.<\/p>\n\n\n\n<h3 class=\"wp-block-heading\">Wie schnell erhalte ich nach der Stornierung eine R\u00fcckerstattung?<\/h3>\n\n\n\n<p>Sobald wir Ihre Stornierung bearbeitet haben, werden wir Ihnen das Geld zur\u00fcckerstatten. Wie schnell das Geld auf Ihrem Konto ankommt, h\u00e4ngt von Ihrer Zahlungsmethode ab.<\/p>\n\n\n\n<ul class=\"wp-block-list\">\n<li>Bancontact: innerhalb von 3 Arbeitstagen<\/li>\n\n\n\n<li>Kreditkarte\/PayPal: Der reservierte Betrag wird innerhalb von 3 Tagen eingezogen.<\/li>\n\n\n\n<li>Bank\u00fcberweisung: Sie m\u00fcssen nicht mehr bezahlen. Haben Sie das Geld bereits \u00fcberwiesen? Sobald das Geld bei uns eintrifft, werden wir es innerhalb von 3 Werktagen zur\u00fcckerstatten.<\/li>\n<\/ul>\n\n\n\n<p><\/p>","protected":false},"excerpt":{"rendered":"<p>Betalen in de webshop Hoe kan ik betalen? Kredietkaart (VISA, MasterCard), Bancontact, KBC\/Belfius betaalknop, iDEAL en overschrijving. Heeft Solyd een<\/p>","protected":false},"author":1,"featured_media":0,"parent":0,"menu_order":0,"comment_status":"closed","ping_status":"closed","template":"elementor_header_footer","meta":{"footnotes":""},"class_list":["post-27811","page","type-page","status-publish","hentry"],"_links":{"self":[{"href":"https:\/\/thuisbatterijoutlet.eu\/de\/wp-json\/wp\/v2\/pages\/27811","targetHints":{"allow":["GET"]}}],"collection":[{"href":"https:\/\/thuisbatterijoutlet.eu\/de\/wp-json\/wp\/v2\/pages"}],"about":[{"href":"https:\/\/thuisbatterijoutlet.eu\/de\/wp-json\/wp\/v2\/types\/page"}],"author":[{"embeddable":true,"href":"https:\/\/thuisbatterijoutlet.eu\/de\/wp-json\/wp\/v2\/users\/1"}],"replies":[{"embeddable":true,"href":"https:\/\/thuisbatterijoutlet.eu\/de\/wp-json\/wp\/v2\/comments?post=27811"}],"version-history":[{"count":1,"href":"https:\/\/thuisbatterijoutlet.eu\/de\/wp-json\/wp\/v2\/pages\/27811\/revisions"}],"predecessor-version":[{"id":27812,"href":"https:\/\/thuisbatterijoutlet.eu\/de\/wp-json\/wp\/v2\/pages\/27811\/revisions\/27812"}],"wp:attachment":[{"href":"https:\/\/thuisbatterijoutlet.eu\/de\/wp-json\/wp\/v2\/media?parent=27811"}],"curies":[{"name":"wp","href":"https:\/\/api.w.org\/{rel}","templated":true}]}}