{"id":6275,"date":"2024-12-12T15:51:09","date_gmt":"2024-12-12T15:51:09","guid":{"rendered":"http:\/\/dummy.xtemos.com\/woodmart2\/elementor\/?page_id=4400"},"modified":"2024-12-21T19:22:34","modified_gmt":"2024-12-21T19:22:34","slug":"over-ons","status":"publish","type":"page","link":"https:\/\/thuisbatterijoutlet.eu\/de\/uber-uns\/","title":{"rendered":"\u00dcber uns"},"content":{"rendered":"<div data-elementor-type=\"wp-page\" data-elementor-id=\"6275\" class=\"elementor elementor-6275\">\n\t\t\t\t<div class=\"wd-negative-gap elementor-element elementor-element-1c90c3f wd-section-stretch e-flex e-con-boxed e-con e-parent\" data-id=\"1c90c3f\" data-element_type=\"container\" data-e-type=\"container\" data-settings=\"{&quot;background_background&quot;:&quot;classic&quot;}\">\n\t\t\t\t\t<div class=\"e-con-inner\">\n\t\t\t\t<div class=\"elementor-element elementor-element-129433b elementor-widget elementor-widget-wd_text_block\" data-id=\"129433b\" data-element_type=\"widget\" data-e-type=\"widget\" data-widget_type=\"wd_text_block.default\">\n\t\t\t\t<div class=\"elementor-widget-container\">\n\t\t\t\t\t\t\t<div class=\"wd-text-block reset-last-child text-left\">\n\t\t\t\n\t\t\t<p><strong>Homebatteryoutlet.eu ist die Wissensplattform f\u00fcr Hausbatterien in den Niederlanden.<\/strong>\u00a0Auf unserer Website finden Sie umfangreiche Informationen \u00fcber Hausbatterien, Energiespeicherung und die Energiewende.<\/p><p>Wir verfolgen die neuesten Entwicklungen im Bereich der Hausbatterien genau und informieren Sie \u00fcber aktuelle Neuigkeiten. So wissen Sie, was los ist, und k\u00f6nnen eine fundierte Entscheidung treffen, ob Sie Ihre eigene Batterie installieren lassen wollen.<\/p><p>Dar\u00fcber hinaus k\u00f6nnen Sie \u00fcber unsere Plattform Angebote f\u00fcr die Installation Ihrer eigenen Hausbatterie einholen. Denn auf unserer Plattform finden Sie Installationsfirmen, die Sie \u00fcber Hausbatterien beraten k\u00f6nnen. Sie k\u00f6nnen Ihnen auch ein Angebot unterbreiten.<br \/><br \/>Die Niederlande befinden sich mitten in der Energiewende. Von fossilen Brennstoffen gehen wir zu erneuerbaren Energien \u00fcber. Solarmodule spielen dabei eine wichtige Rolle: nicht nur, weil sie 100% nachhaltige und saubere Energie erzeugen, sondern auch, weil sie Rendite bringen! Wir von Home Battery Outlet haben es uns zur Aufgabe gemacht, unseren Kunden das beste Gesamtkonzept f\u00fcr Solarmodule zu bieten; <strong>Energie f\u00fcr alle!<\/strong><br \/><br \/>Das bedeutet nicht unbedingt den niedrigsten Preis oder die beste Qualit\u00e4t: Es bedeutet das beste Gleichgewicht zwischen Preis und Qualit\u00e4t, Beratung, Installation und Service. Es bedeutet eine L\u00f6sung, die speziell auf Ihre Bed\u00fcrfnisse, Ihre Lebens- und\/oder Arbeitssituation zugeschnitten ist, eine L\u00f6sung, die Ihnen letztendlich den gr\u00f6\u00dften Nutzen bringt! Lesen Sie mehr \u00fcber unser\u00a0<span class=\"marker\">Arbeitsmethode<\/span>.<\/p><p>Immer f\u00fcr das +, das = Homebattery Outlet! Das Plus von Homebattery Outlet steht nicht nur f\u00fcr die perfekte Formel und ein Ergebnis, das mehr ist als die Summe seiner Teile. Es steht auch f\u00fcr die Tatsache, dass wir uns st\u00e4ndig weiterentwickeln, immer die Extrameile gehen und immer die beste L\u00f6sung anstreben! <strong>Immer f\u00fcr ein Plus!<\/strong> Bei Home Battery Outlet sind wir echte Macher, Leger und Erbauer. Wir sind seit 2011 in der Branche, beherrschen das Handwerk bis zur Perfektion und haben unser Wissen auf dem Dach gesammelt. Wissen, das wir gerne weitergeben, sodass wir Sie immer bestens beraten k\u00f6nnen.<\/p>\n\t\t\t\t\t<\/div>\n\t\t\t\t\t\t<\/div>\n\t\t\t\t<\/div>\n\t\t\t\t\t<\/div>\n\t\t\t\t<\/div>\n\t\t<div class=\"wd-negative-gap elementor-element elementor-element-bf2de16 e-flex e-con-boxed e-con e-parent\" data-id=\"bf2de16\" data-element_type=\"container\" data-e-type=\"container\">\n\t\t\t\t\t<div class=\"e-con-inner\">\n\t\t<div class=\"elementor-element elementor-element-dd7736e e-con-full e-flex e-con e-child\" data-id=\"dd7736e\" data-element_type=\"container\" data-e-type=\"container\">\n\t\t\t\t<div class=\"elementor-element elementor-element-91230d5 elementor-widget elementor-widget-wd_image_or_svg\" data-id=\"91230d5\" data-element_type=\"widget\" data-e-type=\"widget\" data-widget_type=\"wd_image_or_svg.default\">\n\t\t\t\t<div class=\"elementor-widget-container\">\n\t\t\t\t\t\n\t\t<div class=\"wd-image text-left\">\n\t\t\t\t\t\t\t\t<img fetchpriority=\"high\" decoding=\"async\" width=\"1024\" height=\"1024\" src=\"https:\/\/thuisbatterijoutlet.eu\/wp-content\/uploads\/2024\/12\/original-1.png\" class=\"attachment-full size-full\" alt=\"\" srcset=\"https:\/\/thuisbatterijoutlet.eu\/wp-content\/uploads\/2024\/12\/original-1.png 1024w, https:\/\/thuisbatterijoutlet.eu\/wp-content\/uploads\/2024\/12\/original-1-430x430.png 430w, https:\/\/thuisbatterijoutlet.eu\/wp-content\/uploads\/2024\/12\/original-1-150x150.png 150w, https:\/\/thuisbatterijoutlet.eu\/wp-content\/uploads\/2024\/12\/original-1-700x700.png 700w, https:\/\/thuisbatterijoutlet.eu\/wp-content\/uploads\/2024\/12\/original-1-300x300.png 300w, https:\/\/thuisbatterijoutlet.eu\/wp-content\/uploads\/2024\/12\/original-1-800x800.png 800w, https:\/\/thuisbatterijoutlet.eu\/wp-content\/uploads\/2024\/12\/original-1-768x768.png 768w\" sizes=\"(max-width: 1024px) 100vw, 1024px\" \/>\t\t\t\t\t<\/div>\n\n\t\t\t\t\t\t<\/div>\n\t\t\t\t<\/div>\n\t\t\t\t<\/div>\n\t\t<div class=\"elementor-element elementor-element-c599294 e-con-full e-flex e-con e-child\" data-id=\"c599294\" data-element_type=\"container\" data-e-type=\"container\">\n\t\t\t\t<div class=\"elementor-element elementor-element-6386e71 elementor-widget elementor-widget-wd_image_or_svg\" data-id=\"6386e71\" data-element_type=\"widget\" data-e-type=\"widget\" data-widget_type=\"wd_image_or_svg.default\">\n\t\t\t\t<div class=\"elementor-widget-container\">\n\t\t\t\t\t\n\t\t<div class=\"wd-image text-left\">\n\t\t\t\t\t\t\t\t<img decoding=\"async\" width=\"1024\" height=\"1024\" src=\"https:\/\/thuisbatterijoutlet.eu\/wp-content\/uploads\/2024\/12\/original.png\" class=\"attachment-full size-full\" alt=\"\" srcset=\"https:\/\/thuisbatterijoutlet.eu\/wp-content\/uploads\/2024\/12\/original.png 1024w, https:\/\/thuisbatterijoutlet.eu\/wp-content\/uploads\/2024\/12\/original-430x430.png 430w, https:\/\/thuisbatterijoutlet.eu\/wp-content\/uploads\/2024\/12\/original-150x150.png 150w, https:\/\/thuisbatterijoutlet.eu\/wp-content\/uploads\/2024\/12\/original-700x700.png 700w, https:\/\/thuisbatterijoutlet.eu\/wp-content\/uploads\/2024\/12\/original-300x300.png 300w, https:\/\/thuisbatterijoutlet.eu\/wp-content\/uploads\/2024\/12\/original-800x800.png 800w, https:\/\/thuisbatterijoutlet.eu\/wp-content\/uploads\/2024\/12\/original-768x768.png 768w\" sizes=\"(max-width: 1024px) 100vw, 1024px\" \/>\t\t\t\t\t<\/div>\n\n\t\t\t\t\t\t<\/div>\n\t\t\t\t<\/div>\n\t\t\t\t<\/div>\n\t\t\t\t\t<\/div>\n\t\t\t\t<\/div>\n\t\t\t\t<\/div>","protected":false},"excerpt":{"rendered":"<p>Thuisbatterijoutlet.eu is h\u00e9t kennisplatform over thuisbatterijen van Nederland.\u00a0Op onze website vind je uitgebreide informatie over thuisbatterijen, energieopslag en de energietransitie.<\/p>","protected":false},"author":1,"featured_media":0,"parent":0,"menu_order":0,"comment_status":"closed","ping_status":"closed","template":"","meta":{"footnotes":""},"class_list":["post-6275","page","type-page","status-publish","hentry"],"_links":{"self":[{"href":"https:\/\/thuisbatterijoutlet.eu\/de\/wp-json\/wp\/v2\/pages\/6275","targetHints":{"allow":["GET"]}}],"collection":[{"href":"https:\/\/thuisbatterijoutlet.eu\/de\/wp-json\/wp\/v2\/pages"}],"about":[{"href":"https:\/\/thuisbatterijoutlet.eu\/de\/wp-json\/wp\/v2\/types\/page"}],"author":[{"embeddable":true,"href":"https:\/\/thuisbatterijoutlet.eu\/de\/wp-json\/wp\/v2\/users\/1"}],"replies":[{"embeddable":true,"href":"https:\/\/thuisbatterijoutlet.eu\/de\/wp-json\/wp\/v2\/comments?post=6275"}],"version-history":[{"count":6,"href":"https:\/\/thuisbatterijoutlet.eu\/de\/wp-json\/wp\/v2\/pages\/6275\/revisions"}],"predecessor-version":[{"id":28932,"href":"https:\/\/thuisbatterijoutlet.eu\/de\/wp-json\/wp\/v2\/pages\/6275\/revisions\/28932"}],"wp:attachment":[{"href":"https:\/\/thuisbatterijoutlet.eu\/de\/wp-json\/wp\/v2\/media?parent=6275"}],"curies":[{"name":"wp","href":"https:\/\/api.w.org\/{rel}","templated":true}]}}