{"id":27831,"date":"2024-12-20T18:31:56","date_gmt":"2024-12-20T18:31:56","guid":{"rendered":"https:\/\/thuisbatterijoutlet.eu\/?post_type=product&#038;p=27831"},"modified":"2025-03-08T07:38:57","modified_gmt":"2025-03-08T07:38:57","slug":"huawei-luna2000-s1-batterij-systeem-7kwh","status":"publish","type":"product","link":"https:\/\/thuisbatterijoutlet.eu\/de\/produkt\/huawei-luna2000-s1-batteriesystem-7kwh\/","title":{"rendered":"Huawei | LUNA2000 S1 | Batteriesystem | 7kWh"},"content":{"rendered":"<h2 class=\"wp-block-heading\">Huawei LUNA2000 S1 Batteriesystem 7kWh<\/h2>\n<p>Lernen Sie das LUNA2000 Home Battery System kennen, die ultimative L\u00f6sung f\u00fcr Ihren gesamten Strombedarf. Dieses fortschrittliche Hochspannungs-Batteriemodul bietet eine Revolution in der Energiespeicherung und erm\u00f6glicht es Ihnen, von zuverl\u00e4ssiger Energie zu profitieren, wann und wo immer Sie sie brauchen.<\/p>\n<p>Mit seinen Spitzentechnologien bietet das LUNA2000 Heimbatteriesystem eine starke Leistung und gew\u00e4hrleistet eine konstante Stromversorgung auch unter den anspruchsvollsten Bedingungen. Ob f\u00fcr private, gewerbliche oder industrielle Anwendungen, diese Heimbatterie passt sich m\u00fchelos an Ihre spezifischen Bed\u00fcrfnisse an und ist somit die perfekte Wahl f\u00fcr jede Situation.<\/p>\n<p><strong>Der Huawei Luna2000 S1 Akku hat eine Akkukapazit\u00e4t von 7kWh und besteht aus den folgenden Komponenten:<\/strong><\/p>\n<\/p>\n<ul class=\"wp-block-list\">\n<li>1x LUNA2000 Akku-Modul <\/li>\n<li>1x LUNA2000 HV Akku-Leistungsmodul\u00a0<\/li>\n<li>1x Kabelsatz - Rot &amp; Schwarz HV (3 Meter)<\/li>\n<\/ul>\n<h2 class=\"wp-block-heading\">Eigenschaften des Huawei Luna2000 S1<\/h2>\n<ul class=\"wp-block-list\">\n<li>Nutzbare Batteriekapazit\u00e4t 6.9kWh<\/li>\n<li>Max. Ausgangsleistung 3,5kW<\/li>\n<li>Inkl. Bodenst\u00e4nder<\/li>\n<li>RS485\/CAN<\/li>\n<li>IP66<\/li>\n<li>Gewicht 80kg<\/li>\n<li>Abmessungen 590 x 255 x 510 mm<\/li>\n<\/ul>","protected":false},"excerpt":{"rendered":"<p>Huawei LUNA2000 S1 Batteriesystem 7kWh Lernen Sie das LUNA2000 Home Battery System kennen, die ultimative L\u00f6sung f\u00fcr all Ihre Energiebed\u00fcrfnisse.<\/p>","protected":false},"featured_media":27863,"comment_status":"open","ping_status":"closed","template":"","meta":[],"pwb-brand":[153],"product_brand":[],"product_cat":[389],"product_tag":[],"class_list":{"0":"post-27831","1":"product","2":"type-product","3":"status-publish","4":"has-post-thumbnail","6":"pwb-brand-huawei","7":"product_cat-thuisbatterij-systemen","9":"first","10":"instock","11":"shipping-taxable","12":"purchasable","13":"product-type-simple"},"brands":[{"id":153,"name":"Huawei","slug":"huawei"}],"_links":{"self":[{"href":"https:\/\/thuisbatterijoutlet.eu\/de\/wp-json\/wp\/v2\/product\/27831","targetHints":{"allow":["GET"]}}],"collection":[{"href":"https:\/\/thuisbatterijoutlet.eu\/de\/wp-json\/wp\/v2\/product"}],"about":[{"href":"https:\/\/thuisbatterijoutlet.eu\/de\/wp-json\/wp\/v2\/types\/product"}],"replies":[{"embeddable":true,"href":"https:\/\/thuisbatterijoutlet.eu\/de\/wp-json\/wp\/v2\/comments?post=27831"}],"version-history":[{"count":1,"href":"https:\/\/thuisbatterijoutlet.eu\/de\/wp-json\/wp\/v2\/product\/27831\/revisions"}],"predecessor-version":[{"id":27864,"href":"https:\/\/thuisbatterijoutlet.eu\/de\/wp-json\/wp\/v2\/product\/27831\/revisions\/27864"}],"wp:featuredmedia":[{"embeddable":true,"href":"https:\/\/thuisbatterijoutlet.eu\/de\/wp-json\/wp\/v2\/media\/27863"}],"wp:attachment":[{"href":"https:\/\/thuisbatterijoutlet.eu\/de\/wp-json\/wp\/v2\/media?parent=27831"}],"wp:term":[{"taxonomy":"pwb-brand","embeddable":true,"href":"https:\/\/thuisbatterijoutlet.eu\/de\/wp-json\/wp\/v2\/pwb-brand?post=27831"},{"taxonomy":"product_brand","embeddable":true,"href":"https:\/\/thuisbatterijoutlet.eu\/de\/wp-json\/wp\/v2\/product_brand?post=27831"},{"taxonomy":"product_cat","embeddable":true,"href":"https:\/\/thuisbatterijoutlet.eu\/de\/wp-json\/wp\/v2\/product_cat?post=27831"},{"taxonomy":"product_tag","embeddable":true,"href":"https:\/\/thuisbatterijoutlet.eu\/de\/wp-json\/wp\/v2\/product_tag?post=27831"}],"curies":[{"name":"wp","href":"https:\/\/api.w.org\/{rel}","templated":true}]}}