{"id":27836,"date":"2024-12-20T18:31:57","date_gmt":"2024-12-20T18:31:57","guid":{"rendered":"https:\/\/thuisbatterijoutlet.eu\/?post_type=product&#038;p=27836"},"modified":"2025-03-08T07:38:50","modified_gmt":"2025-03-08T07:38:50","slug":"pylontech-battery-box-h3-15-4kwh","status":"publish","type":"product","link":"https:\/\/thuisbatterijoutlet.eu\/de\/produkt\/pylontech-batteriekasten-h3-15-4kwh\/","title":{"rendered":"Pylontech | Batterie-Box H3 15.4kWh"},"content":{"rendered":"<p>Die Pylontech Force H3 Hausbatterie ist der perfekte Weg, um Ihre Energie zu Hause zu speichern. Mit einer Kapazit\u00e4t von 15,4 kWh bietet diese Batterie eine zuverl\u00e4ssige und effektive Speicherung von erneuerbarer Energie. Die fortschrittliche Lithium-Eisenphosphat-Technologie sorgt f\u00fcr eine lange Lebensdauer und hohe Sicherheit<\/p>\n<p><strong>Diese Pylontech Battery-Box H3-15.4 besteht aus:<\/strong><\/p>\n<ul class=\"wp-block-list\">\n<li>3X Pylontech Force H3 5,12 kWh Akku<\/li>\n<li>1X Pylontech Force H3 Basis &amp; Abdeckung<\/li>\n<\/ul>\n<h2 class=\"wp-block-heading\">Eigenschaften des Force H3 15.4kWh<\/h2>\n<ul class=\"wp-block-list\">\n<li>15,4 kWh<\/li>\n<li>Nennspannung 307,2Vdc<\/li>\n<li>Hochspannung<\/li>\n<li>IP55<\/li>\n<li>Abmessungen 540 x 350 x 700 mm<\/li>\n<li>131kg<\/li>\n<\/ul>","protected":false},"excerpt":{"rendered":"<p>Die Pylontech Force H3 Hausbatterie ist die perfekte L\u00f6sung, um Ihre Energie zu Hause zu speichern. Diese Batterie hat<\/p>","protected":false},"featured_media":27873,"comment_status":"open","ping_status":"closed","template":"","meta":[],"pwb-brand":[155],"product_brand":[],"product_cat":[389],"product_tag":[],"class_list":{"0":"post-27836","1":"product","2":"type-product","3":"status-publish","4":"has-post-thumbnail","6":"pwb-brand-pylontech","7":"product_cat-thuisbatterij-systemen","9":"first","10":"instock","11":"shipping-taxable","12":"purchasable","13":"product-type-simple"},"brands":[{"id":155,"name":"Pylontech","slug":"pylontech"}],"_links":{"self":[{"href":"https:\/\/thuisbatterijoutlet.eu\/de\/wp-json\/wp\/v2\/product\/27836","targetHints":{"allow":["GET"]}}],"collection":[{"href":"https:\/\/thuisbatterijoutlet.eu\/de\/wp-json\/wp\/v2\/product"}],"about":[{"href":"https:\/\/thuisbatterijoutlet.eu\/de\/wp-json\/wp\/v2\/types\/product"}],"replies":[{"embeddable":true,"href":"https:\/\/thuisbatterijoutlet.eu\/de\/wp-json\/wp\/v2\/comments?post=27836"}],"version-history":[{"count":1,"href":"https:\/\/thuisbatterijoutlet.eu\/de\/wp-json\/wp\/v2\/product\/27836\/revisions"}],"predecessor-version":[{"id":27874,"href":"https:\/\/thuisbatterijoutlet.eu\/de\/wp-json\/wp\/v2\/product\/27836\/revisions\/27874"}],"wp:featuredmedia":[{"embeddable":true,"href":"https:\/\/thuisbatterijoutlet.eu\/de\/wp-json\/wp\/v2\/media\/27873"}],"wp:attachment":[{"href":"https:\/\/thuisbatterijoutlet.eu\/de\/wp-json\/wp\/v2\/media?parent=27836"}],"wp:term":[{"taxonomy":"pwb-brand","embeddable":true,"href":"https:\/\/thuisbatterijoutlet.eu\/de\/wp-json\/wp\/v2\/pwb-brand?post=27836"},{"taxonomy":"product_brand","embeddable":true,"href":"https:\/\/thuisbatterijoutlet.eu\/de\/wp-json\/wp\/v2\/product_brand?post=27836"},{"taxonomy":"product_cat","embeddable":true,"href":"https:\/\/thuisbatterijoutlet.eu\/de\/wp-json\/wp\/v2\/product_cat?post=27836"},{"taxonomy":"product_tag","embeddable":true,"href":"https:\/\/thuisbatterijoutlet.eu\/de\/wp-json\/wp\/v2\/product_tag?post=27836"}],"curies":[{"name":"wp","href":"https:\/\/api.w.org\/{rel}","templated":true}]}}