{"id":27838,"date":"2024-12-20T18:31:57","date_gmt":"2024-12-20T18:31:57","guid":{"rendered":"https:\/\/thuisbatterijoutlet.eu\/?post_type=product&#038;p=27838"},"modified":"2025-03-08T07:38:49","modified_gmt":"2025-03-08T07:38:49","slug":"goodwe-lynx-lx-home-f16-4-h-plus-power-control-unit-base","status":"publish","type":"product","link":"https:\/\/thuisbatterijoutlet.eu\/de\/produkt\/goodwe-lynx-lx-home-f16-4-h-plus-leistungssteuergerat-basis\/","title":{"rendered":"GoodWe | Lynx LX Home F16.4-H Plus+ Leistungssteuerger\u00e4t &amp; Basis"},"content":{"rendered":"<p>Die GoodWe Lynx LX Home F16.4-H PLUS+ Batterie ist f\u00fcr 1-phasige, 3-phasige, hybride und nachr\u00fcstbare Wechselrichter geeignet und mit der GoodWe ET\/EH\/BT\/BH-Serie kompatibel.<\/p>\n<p><strong>Diese GoodWe Lynx LX Home F16.4-H PLUS+ Batterie besteht aus:<\/strong><\/p>\n<ul class=\"wp-block-list\">\n<li>5 x Lynx LX Home F3.3-H Plus+ Hochspannungsakku<\/li>\n<li>1 x Lynx LX Home F H F Plus+ Steuerger\u00e4t und Basis<\/li>\n<li>1x Kabelsatz - Rot &amp; Schwarz HV (3 Meter)<\/li>\n<\/ul>\n<p>Die Lynx LX F H PLUS+ Power Control Unit (PCU) von GoodWe ist f\u00fcr alle Lynx LX-Hochspannungsbatteriesysteme unerl\u00e4sslich und dient als Kommunikationseinheit zwischen der Batterie und dem Wechselrichter. Diese Einheit ist mit einem integrierten Hauptbatteriemanagementsystem ausgestattet und kann an bis zu 5 Batteriemodule angeschlossen werden. F\u00fcr jedes Batteriesystem ben\u00f6tigen Sie 1 Control Unit &amp; Base. Der GW-LX-F-H PLUS+ wiegt 25 kg und verf\u00fcgt \u00fcber ein LED-Display, das den Ladezustand Ihres Systems und Fehlermeldungen anzeigt.<\/p>\n<p>Durch die LFP-Batteriezellentechnologie mit hoher Zyklenfestigkeit wird eine hohe Zuverl\u00e4ssigkeit und eine l\u00e4ngere Lebensdauer erreicht. Das System ist dank stapelbarer Module, Plug-and-Play-Kommunikationskabeln und automatischem Neustart nach Unterspannung einfach zu installieren und zu warten. Das Lynx LX Home F9.8-H PLUS+ ist Teil der Lynx Home F PLUS+ Serie und hat eine 10-j\u00e4hrige Herstellergarantie.<\/p>\n<p>Produktspezifikationen:<\/p>\n<p>- Hochspannung<br \/>\n- H\u00f6he = 1075 mm<br \/>\n- Breite = 600 mm<br \/>\n- Tiefe = 380 mm<br \/>\n- Gewicht = 244kg<\/p>","protected":false},"excerpt":{"rendered":"<p>Die Lynx LX Home F16.4-H PLUS+ Batterie von GoodWe ist f\u00fcr 1-phasige, 3-phasige, hybride und nachr\u00fcstbare Wechselrichter geeignet und kompatibel<\/p>","protected":false},"featured_media":27877,"comment_status":"open","ping_status":"closed","template":"","meta":[],"pwb-brand":[],"product_brand":[],"product_cat":[389],"product_tag":[],"class_list":{"0":"post-27838","1":"product","2":"type-product","3":"status-publish","4":"has-post-thumbnail","6":"product_cat-thuisbatterij-systemen","8":"first","9":"instock","10":"shipping-taxable","11":"purchasable","12":"product-type-simple"},"brands":[],"_links":{"self":[{"href":"https:\/\/thuisbatterijoutlet.eu\/de\/wp-json\/wp\/v2\/product\/27838","targetHints":{"allow":["GET"]}}],"collection":[{"href":"https:\/\/thuisbatterijoutlet.eu\/de\/wp-json\/wp\/v2\/product"}],"about":[{"href":"https:\/\/thuisbatterijoutlet.eu\/de\/wp-json\/wp\/v2\/types\/product"}],"replies":[{"embeddable":true,"href":"https:\/\/thuisbatterijoutlet.eu\/de\/wp-json\/wp\/v2\/comments?post=27838"}],"version-history":[{"count":2,"href":"https:\/\/thuisbatterijoutlet.eu\/de\/wp-json\/wp\/v2\/product\/27838\/revisions"}],"predecessor-version":[{"id":29119,"href":"https:\/\/thuisbatterijoutlet.eu\/de\/wp-json\/wp\/v2\/product\/27838\/revisions\/29119"}],"wp:featuredmedia":[{"embeddable":true,"href":"https:\/\/thuisbatterijoutlet.eu\/de\/wp-json\/wp\/v2\/media\/27877"}],"wp:attachment":[{"href":"https:\/\/thuisbatterijoutlet.eu\/de\/wp-json\/wp\/v2\/media?parent=27838"}],"wp:term":[{"taxonomy":"pwb-brand","embeddable":true,"href":"https:\/\/thuisbatterijoutlet.eu\/de\/wp-json\/wp\/v2\/pwb-brand?post=27838"},{"taxonomy":"product_brand","embeddable":true,"href":"https:\/\/thuisbatterijoutlet.eu\/de\/wp-json\/wp\/v2\/product_brand?post=27838"},{"taxonomy":"product_cat","embeddable":true,"href":"https:\/\/thuisbatterijoutlet.eu\/de\/wp-json\/wp\/v2\/product_cat?post=27838"},{"taxonomy":"product_tag","embeddable":true,"href":"https:\/\/thuisbatterijoutlet.eu\/de\/wp-json\/wp\/v2\/product_tag?post=27838"}],"curies":[{"name":"wp","href":"https:\/\/api.w.org\/{rel}","templated":true}]}}