{"id":27952,"date":"2024-12-20T18:32:47","date_gmt":"2024-12-20T18:32:47","guid":{"rendered":"https:\/\/thuisbatterijoutlet.eu\/?post_type=product&#038;p=27952"},"modified":"2025-03-08T07:38:38","modified_gmt":"2025-03-08T07:38:38","slug":"enphase-ac-gekoppeld-batterijsysteem-384kw-10kwh","status":"publish","type":"product","link":"https:\/\/thuisbatterijoutlet.eu\/de\/produkt\/enphase-ac-gekoppeltes-batteriesystem-384kw-10kwh\/","title":{"rendered":"Enphase - AC gekoppeltes Batteriesystem 3.84kW, 10kWh"},"content":{"rendered":"<p>Wichtig: Installateur-Zertifizierung erforderlich! Besuchen Sie die Enphase University, um Ihre Zertifizierung zu erhalten.<\/p>\n<p>Wichtig: Verl\u00e4ngerung des Energiedatums der BatterieBetrachten Sie das Dokument zur Verl\u00e4ngerung des Energiedatums im Download-Bereich auf dieser Seite.Enphase AC-gekoppeltes System mit IQ-Battery 10T<br \/> Dieser Bausatz enth\u00e4lt die gesamte Hardware f\u00fcr ein Batteriesystem, das unabh\u00e4ngig von der Marke parallel zu einer bestehenden PV-Anlage installiert werden kann.<br \/> Vorteile der Enphase IQ-Battery 10T:<\/p>\n<p>Vollst\u00e4ndig integriertes AC-Batteriesystem mit integrierten IQ 8X-BAT Mikrowechselrichtern<br \/> Kann problemlos an den Wechselstrom einer Standard-Haushaltsinstallation angeschlossen werden<br \/> Passt das System optimal an die Situation des Benutzers an<br \/> Bequeme Steuerung und Messung \u00fcber mobile App<br \/> Passive K\u00fchlung (keine beweglichen Teile\/L\u00fcfter)<br \/> Lange Lebensdauer, 10 Jahre Garantie<br \/> Um die Batterie zu installieren, muss Ihr Installateur zertifiziert sein. Sie k\u00f6nnen sich dazu an den Enphase-Kundenbetreuer wenden.<\/p>","protected":false},"excerpt":{"rendered":"<p>1-phasig | 3-phasig<\/p>","protected":false},"featured_media":27986,"comment_status":"open","ping_status":"closed","template":"","meta":[],"pwb-brand":[151],"product_brand":[],"product_cat":[389],"product_tag":[],"class_list":{"0":"post-27952","1":"product","2":"type-product","3":"status-publish","4":"has-post-thumbnail","6":"pwb-brand-enphase","7":"product_cat-thuisbatterij-systemen","9":"first","10":"instock","11":"shipping-taxable","12":"purchasable","13":"product-type-simple"},"brands":[{"id":151,"name":"Enphase","slug":"enphase"}],"_links":{"self":[{"href":"https:\/\/thuisbatterijoutlet.eu\/de\/wp-json\/wp\/v2\/product\/27952","targetHints":{"allow":["GET"]}}],"collection":[{"href":"https:\/\/thuisbatterijoutlet.eu\/de\/wp-json\/wp\/v2\/product"}],"about":[{"href":"https:\/\/thuisbatterijoutlet.eu\/de\/wp-json\/wp\/v2\/types\/product"}],"replies":[{"embeddable":true,"href":"https:\/\/thuisbatterijoutlet.eu\/de\/wp-json\/wp\/v2\/comments?post=27952"}],"version-history":[{"count":1,"href":"https:\/\/thuisbatterijoutlet.eu\/de\/wp-json\/wp\/v2\/product\/27952\/revisions"}],"predecessor-version":[{"id":27987,"href":"https:\/\/thuisbatterijoutlet.eu\/de\/wp-json\/wp\/v2\/product\/27952\/revisions\/27987"}],"wp:featuredmedia":[{"embeddable":true,"href":"https:\/\/thuisbatterijoutlet.eu\/de\/wp-json\/wp\/v2\/media\/27986"}],"wp:attachment":[{"href":"https:\/\/thuisbatterijoutlet.eu\/de\/wp-json\/wp\/v2\/media?parent=27952"}],"wp:term":[{"taxonomy":"pwb-brand","embeddable":true,"href":"https:\/\/thuisbatterijoutlet.eu\/de\/wp-json\/wp\/v2\/pwb-brand?post=27952"},{"taxonomy":"product_brand","embeddable":true,"href":"https:\/\/thuisbatterijoutlet.eu\/de\/wp-json\/wp\/v2\/product_brand?post=27952"},{"taxonomy":"product_cat","embeddable":true,"href":"https:\/\/thuisbatterijoutlet.eu\/de\/wp-json\/wp\/v2\/product_cat?post=27952"},{"taxonomy":"product_tag","embeddable":true,"href":"https:\/\/thuisbatterijoutlet.eu\/de\/wp-json\/wp\/v2\/product_tag?post=27952"}],"curies":[{"name":"wp","href":"https:\/\/api.w.org\/{rel}","templated":true}]}}