{"id":27956,"date":"2024-12-20T18:32:47","date_gmt":"2024-12-20T18:32:47","guid":{"rendered":"https:\/\/thuisbatterijoutlet.eu\/?post_type=product&#038;p=27956"},"modified":"2025-03-08T07:38:36","modified_gmt":"2025-03-08T07:38:36","slug":"enphase-energy-system-6-iq8ac-microinverters-3-5-kwh-battery","status":"publish","type":"product","link":"https:\/\/thuisbatterijoutlet.eu\/de\/produkt\/enphase-energy-system-6-iq8ac-mikrowechselrichter-3-5-kwh-batterie\/","title":{"rendered":"Enphase Energy System 6 IQ8AC Mikro-Wechselrichter 3,5 kWh Batterie"},"content":{"rendered":"<p>Dieses Set ist die ideale L\u00f6sung f\u00fcr ein Solarstromsystem mit genau 6 Modulen, einschlie\u00dflich aller erforderlichen Enphase-Komponenten (wie Q-Relais, Q-Gateway und Q-Kabel), f\u00fcr eine einfache und perfekte Kombination von Mikro-Wechselrichtern und Speichersystem.<br \/> Auf der Registerkarte \"Teile\" finden Sie alle Einzelteile dieses Bausatzes.<\/p>\n<p>6 x IQ8AC Mikro-Wechselrichter<br \/> Die leistungsstarken Mikro-Wechselrichter der IQ8-Serie sind Smart-Grid-f\u00e4hig und f\u00fcr die neueste Generation von hocheffizienten PV-Modulen ausgelegt. Die Mikro-Wechselrichter der IQ8-Serie verf\u00fcgen \u00fcber die branchenweit h\u00f6chsten Standards f\u00fcr Energieerzeugung und Zuverl\u00e4ssigkeit und erf\u00fcllen mit der Schnellabschaltfunktion die h\u00f6chsten Sicherheitsstandards. Bessere Leistung, Zuverl\u00e4ssigkeit und Widerstandsf\u00e4higkeit f\u00fcr jedes einzelne Modul.<br \/> 1x IQ Battery 3T, 3,5 kWh Energiekapazit\u00e4t<br \/> Mit den IQ-Batterien von Enphase kann Solarenergie gespeichert und jederzeit genutzt werden - auch nachts oder zu Spitzenzeiten. Die IQ Battery 3T ist zuverl\u00e4ssig, intelligent, einfach und sicher.<br \/> H\u00f6hepunkte<br \/> IQ8AC-Mikro-Wechselrichter sind mit der neuesten Generation von hocheffizienten PV-Modulen kompatibel<br \/> Einfach zu installieren<br \/> Hohe Energieerzeugung, Zuverl\u00e4ssigkeit und Sicherheit<br \/> Niedrige Gleichspannung und schnelle Abschaltung f\u00fcr h\u00f6chste Brandsicherheit<br \/> Garantie: 25 Jahre Herstellergarantie f\u00fcr Mikro-Wechselrichter, 10 Jahre f\u00fcr Batterien<\/p>","protected":false},"excerpt":{"rendered":"<p>1-phasig | geeignet f\u00fcr 6 Solarmodule<\/p>","protected":false},"featured_media":27994,"comment_status":"open","ping_status":"closed","template":"","meta":[],"pwb-brand":[151],"product_brand":[],"product_cat":[389],"product_tag":[],"class_list":{"0":"post-27956","1":"product","2":"type-product","3":"status-publish","4":"has-post-thumbnail","6":"pwb-brand-enphase","7":"product_cat-thuisbatterij-systemen","9":"first","10":"instock","11":"shipping-taxable","12":"purchasable","13":"product-type-simple"},"brands":[{"id":151,"name":"Enphase","slug":"enphase"}],"_links":{"self":[{"href":"https:\/\/thuisbatterijoutlet.eu\/de\/wp-json\/wp\/v2\/product\/27956","targetHints":{"allow":["GET"]}}],"collection":[{"href":"https:\/\/thuisbatterijoutlet.eu\/de\/wp-json\/wp\/v2\/product"}],"about":[{"href":"https:\/\/thuisbatterijoutlet.eu\/de\/wp-json\/wp\/v2\/types\/product"}],"replies":[{"embeddable":true,"href":"https:\/\/thuisbatterijoutlet.eu\/de\/wp-json\/wp\/v2\/comments?post=27956"}],"version-history":[{"count":1,"href":"https:\/\/thuisbatterijoutlet.eu\/de\/wp-json\/wp\/v2\/product\/27956\/revisions"}],"predecessor-version":[{"id":27995,"href":"https:\/\/thuisbatterijoutlet.eu\/de\/wp-json\/wp\/v2\/product\/27956\/revisions\/27995"}],"wp:featuredmedia":[{"embeddable":true,"href":"https:\/\/thuisbatterijoutlet.eu\/de\/wp-json\/wp\/v2\/media\/27994"}],"wp:attachment":[{"href":"https:\/\/thuisbatterijoutlet.eu\/de\/wp-json\/wp\/v2\/media?parent=27956"}],"wp:term":[{"taxonomy":"pwb-brand","embeddable":true,"href":"https:\/\/thuisbatterijoutlet.eu\/de\/wp-json\/wp\/v2\/pwb-brand?post=27956"},{"taxonomy":"product_brand","embeddable":true,"href":"https:\/\/thuisbatterijoutlet.eu\/de\/wp-json\/wp\/v2\/product_brand?post=27956"},{"taxonomy":"product_cat","embeddable":true,"href":"https:\/\/thuisbatterijoutlet.eu\/de\/wp-json\/wp\/v2\/product_cat?post=27956"},{"taxonomy":"product_tag","embeddable":true,"href":"https:\/\/thuisbatterijoutlet.eu\/de\/wp-json\/wp\/v2\/product_tag?post=27956"}],"curies":[{"name":"wp","href":"https:\/\/api.w.org\/{rel}","templated":true}]}}