{"id":27959,"date":"2024-12-20T18:32:47","date_gmt":"2024-12-20T18:32:47","guid":{"rendered":"https:\/\/thuisbatterijoutlet.eu\/?post_type=product&#038;p=27959"},"modified":"2025-03-08T07:38:38","modified_gmt":"2025-03-08T07:38:38","slug":"growatt-hybride-ess-10-kw-batterij-10kwh","status":"publish","type":"product","link":"https:\/\/thuisbatterijoutlet.eu\/de\/produkt\/growatt-hybrid-ess-10-kw-batterie-10kwh\/","title":{"rendered":"Growatt Hybrid ESS 10 kW Batterie 10kWh"},"content":{"rendered":"<p>Das dreiphasige Growatt Hybrid ESS hat eine Wechselrichterkapazit\u00e4t von 10 kW und eine Batteriekapazit\u00e4t von 15 kWh. Die Batteriekapazit\u00e4t kann dank des modularen Designs auf 30 kWh erh\u00f6ht werden. Durch einfaches Hinzuf\u00fcgen von Growatt APX-Batteriemodulen (285150) kann die Kapazit\u00e4t leicht erh\u00f6ht werden.<br \/> Dieser ESS-Artikel ist ein Komplettpaket. Sie k\u00f6nnen alle Einzelteile auf der Registerkarte \"Teile\" einsehen.<br \/> Spezifikationen:<br \/> Ausgezeichnete Sicherheit der kobaltfreien LiFePO4-Batterie<br \/> Einfache Installation durch modularen und gestapelten Aufbau<br \/> Energieoptimierung auf Modulebene<br \/> Unterst\u00fctzung f\u00fcr die Mischung neuer und alter Batteriemodule in einem System<br \/> 10 Jahre Garantie<\/p>","protected":false},"excerpt":{"rendered":"<p>3-phasig | Kompletter Satz<\/p>","protected":false},"featured_media":28000,"comment_status":"open","ping_status":"closed","template":"","meta":[],"pwb-brand":[152],"product_brand":[],"product_cat":[389],"product_tag":[],"class_list":{"0":"post-27959","1":"product","2":"type-product","3":"status-publish","4":"has-post-thumbnail","6":"pwb-brand-growatt","7":"product_cat-thuisbatterij-systemen","9":"first","10":"instock","11":"shipping-taxable","12":"purchasable","13":"product-type-simple"},"brands":[{"id":152,"name":"Growatt","slug":"growatt"}],"_links":{"self":[{"href":"https:\/\/thuisbatterijoutlet.eu\/de\/wp-json\/wp\/v2\/product\/27959","targetHints":{"allow":["GET"]}}],"collection":[{"href":"https:\/\/thuisbatterijoutlet.eu\/de\/wp-json\/wp\/v2\/product"}],"about":[{"href":"https:\/\/thuisbatterijoutlet.eu\/de\/wp-json\/wp\/v2\/types\/product"}],"replies":[{"embeddable":true,"href":"https:\/\/thuisbatterijoutlet.eu\/de\/wp-json\/wp\/v2\/comments?post=27959"}],"version-history":[{"count":1,"href":"https:\/\/thuisbatterijoutlet.eu\/de\/wp-json\/wp\/v2\/product\/27959\/revisions"}],"predecessor-version":[{"id":28001,"href":"https:\/\/thuisbatterijoutlet.eu\/de\/wp-json\/wp\/v2\/product\/27959\/revisions\/28001"}],"wp:featuredmedia":[{"embeddable":true,"href":"https:\/\/thuisbatterijoutlet.eu\/de\/wp-json\/wp\/v2\/media\/28000"}],"wp:attachment":[{"href":"https:\/\/thuisbatterijoutlet.eu\/de\/wp-json\/wp\/v2\/media?parent=27959"}],"wp:term":[{"taxonomy":"pwb-brand","embeddable":true,"href":"https:\/\/thuisbatterijoutlet.eu\/de\/wp-json\/wp\/v2\/pwb-brand?post=27959"},{"taxonomy":"product_brand","embeddable":true,"href":"https:\/\/thuisbatterijoutlet.eu\/de\/wp-json\/wp\/v2\/product_brand?post=27959"},{"taxonomy":"product_cat","embeddable":true,"href":"https:\/\/thuisbatterijoutlet.eu\/de\/wp-json\/wp\/v2\/product_cat?post=27959"},{"taxonomy":"product_tag","embeddable":true,"href":"https:\/\/thuisbatterijoutlet.eu\/de\/wp-json\/wp\/v2\/product_tag?post=27959"}],"curies":[{"name":"wp","href":"https:\/\/api.w.org\/{rel}","templated":true}]}}