{"id":27961,"date":"2024-12-20T18:32:47","date_gmt":"2024-12-20T18:32:47","guid":{"rendered":"https:\/\/thuisbatterijoutlet.eu\/?post_type=product&#038;p=27961"},"modified":"2025-03-08T07:38:39","modified_gmt":"2025-03-08T07:38:39","slug":"growatt-hybrid-ess-46-kw-batterij-75-kwh","status":"publish","type":"product","link":"https:\/\/thuisbatterijoutlet.eu\/de\/produkt\/growatt-hybrid-ess-46-kw-batterie-75-kwh\/","title":{"rendered":"Growatt Hybrid ESS 4,6 kW Batterie 7,5 kWh"},"content":{"rendered":"<p>Das Growatt Einphasen-Hybrid-Energiespeichersystem hat eine Wechselrichterleistung von 4,6 kW und eine Batteriekapazit\u00e4t von 7,5 kWh. Die Batteriekapazit\u00e4t kann dank des modularen Aufbaus auf 25,6 kWh erh\u00f6ht werden. Durch einfaches Hinzuf\u00fcgen von Growatt ARK-Batteriemodulen (286176) kann die Kapazit\u00e4t leicht erh\u00f6ht werden.<br \/> Diejenigen, die an der Implementierung einer Backup-Funktion interessiert sind, sollten beachten, dass zur Aktivierung dieser Funktion ein separater Kauf der Backup-Interface-Box (286186) erforderlich ist.<br \/> Dieser ESS-Artikel ist ein Komplettpaket. Sie k\u00f6nnen alle einzelnen Komponenten unten sehen.<br \/> Spezifikationen:<br \/> Ausgezeichnete Sicherheit der kobaltfreien LiFePO4-Batterie<br \/> Einfache Installation durch modularen und gestapelten Aufbau<br \/> IP65 f\u00fcr Au\u00dfeninstallation<br \/> 10 Jahre Garantie<\/p>","protected":false},"excerpt":{"rendered":"<p>1-phasig | kompletter Satz | ohne Backup<\/p>","protected":false},"featured_media":28016,"comment_status":"open","ping_status":"closed","template":"","meta":[],"pwb-brand":[152],"product_brand":[],"product_cat":[389],"product_tag":[],"class_list":{"0":"post-27961","1":"product","2":"type-product","3":"status-publish","4":"has-post-thumbnail","6":"pwb-brand-growatt","7":"product_cat-thuisbatterij-systemen","9":"first","10":"instock","11":"shipping-taxable","12":"purchasable","13":"product-type-simple"},"brands":[{"id":152,"name":"Growatt","slug":"growatt"}],"_links":{"self":[{"href":"https:\/\/thuisbatterijoutlet.eu\/de\/wp-json\/wp\/v2\/product\/27961","targetHints":{"allow":["GET"]}}],"collection":[{"href":"https:\/\/thuisbatterijoutlet.eu\/de\/wp-json\/wp\/v2\/product"}],"about":[{"href":"https:\/\/thuisbatterijoutlet.eu\/de\/wp-json\/wp\/v2\/types\/product"}],"replies":[{"embeddable":true,"href":"https:\/\/thuisbatterijoutlet.eu\/de\/wp-json\/wp\/v2\/comments?post=27961"}],"version-history":[{"count":1,"href":"https:\/\/thuisbatterijoutlet.eu\/de\/wp-json\/wp\/v2\/product\/27961\/revisions"}],"predecessor-version":[{"id":28017,"href":"https:\/\/thuisbatterijoutlet.eu\/de\/wp-json\/wp\/v2\/product\/27961\/revisions\/28017"}],"wp:featuredmedia":[{"embeddable":true,"href":"https:\/\/thuisbatterijoutlet.eu\/de\/wp-json\/wp\/v2\/media\/28016"}],"wp:attachment":[{"href":"https:\/\/thuisbatterijoutlet.eu\/de\/wp-json\/wp\/v2\/media?parent=27961"}],"wp:term":[{"taxonomy":"pwb-brand","embeddable":true,"href":"https:\/\/thuisbatterijoutlet.eu\/de\/wp-json\/wp\/v2\/pwb-brand?post=27961"},{"taxonomy":"product_brand","embeddable":true,"href":"https:\/\/thuisbatterijoutlet.eu\/de\/wp-json\/wp\/v2\/product_brand?post=27961"},{"taxonomy":"product_cat","embeddable":true,"href":"https:\/\/thuisbatterijoutlet.eu\/de\/wp-json\/wp\/v2\/product_cat?post=27961"},{"taxonomy":"product_tag","embeddable":true,"href":"https:\/\/thuisbatterijoutlet.eu\/de\/wp-json\/wp\/v2\/product_tag?post=27961"}],"curies":[{"name":"wp","href":"https:\/\/api.w.org\/{rel}","templated":true}]}}