{"id":27962,"date":"2024-12-20T18:32:47","date_gmt":"2024-12-20T18:32:47","guid":{"rendered":"https:\/\/thuisbatterijoutlet.eu\/?post_type=product&#038;p=27962"},"modified":"2025-03-08T07:38:43","modified_gmt":"2025-03-08T07:38:43","slug":"huawei-three-phase-hybrid-ess-10kw-15kwh-storage","status":"publish","type":"product","link":"https:\/\/thuisbatterijoutlet.eu\/de\/produkt\/huawei-dreiphasiger-hybrid-ess-10kw-15kwh-speicher\/","title":{"rendered":"Huawei dreiphasiges hybrides ESS 10kW, 15kWh Speicher"},"content":{"rendered":"<p>Huawei 15kW dreiphasiges Speichersystem mit 10kW Hybrid-Wechselrichter, 15kW Lithium-Batterie und 250A 50mA Z\u00e4hlersensor Dreiphasiges Speichersystem aus 10000\/15000W Huawei SUN2000-10KTL-M1 Hybrid-Wechselrichter mit Netzanschluss, Huawei LUNA2000-15-SO 360V 15kWh Hochspannungs-Lithium-Batteriespeicher und Huawei DTSU666-H 250A 50mA Smart Power Sensor. Mit diesem Kit k\u00f6nnen wir die Produktion und den Stromverbrauch optimieren, indem wir die von einer Photovoltaikanlage erzeugte Energie optimal nutzen. Der Wechselrichter kann die von den Photovoltaik-Paneelen erzeugte Energie direkt in das elektrische System Ihres Hauses oder Unternehmens einspeisen, um dessen Energiebedarf zu decken. Nachts, wenn die Photovoltaikanlage keine Energie erzeugt, wird das Haus, die Industrie oder das Unternehmen durch die Hochspannungs-Lithiumbatterie mit Strom versorgt. Mit diesem Bausatz k\u00f6nnen Sie die Effizienz Ihrer Photovoltaikanlage maximieren und die Abh\u00e4ngigkeit von herk\u00f6mmlichen Stromversorgern verringern. Der Bausatz besteht aus: - n\u00b01 Huawei SUN2000-10KTL-M1 dreiphasiger Hybrid-Wechselrichter 10000<\/p>","protected":false},"excerpt":{"rendered":"<p>3 Phasen | Kompletter Satz | Kein Backup | NICHT f\u00fcr Belgien<\/p>","protected":false},"featured_media":28018,"comment_status":"open","ping_status":"closed","template":"","meta":[],"pwb-brand":[153],"product_brand":[],"product_cat":[389],"product_tag":[],"class_list":{"0":"post-27962","1":"product","2":"type-product","3":"status-publish","4":"has-post-thumbnail","6":"pwb-brand-huawei","7":"product_cat-thuisbatterij-systemen","9":"first","10":"instock","11":"shipping-taxable","12":"purchasable","13":"product-type-simple"},"brands":[{"id":153,"name":"Huawei","slug":"huawei"}],"_links":{"self":[{"href":"https:\/\/thuisbatterijoutlet.eu\/de\/wp-json\/wp\/v2\/product\/27962","targetHints":{"allow":["GET"]}}],"collection":[{"href":"https:\/\/thuisbatterijoutlet.eu\/de\/wp-json\/wp\/v2\/product"}],"about":[{"href":"https:\/\/thuisbatterijoutlet.eu\/de\/wp-json\/wp\/v2\/types\/product"}],"replies":[{"embeddable":true,"href":"https:\/\/thuisbatterijoutlet.eu\/de\/wp-json\/wp\/v2\/comments?post=27962"}],"version-history":[{"count":3,"href":"https:\/\/thuisbatterijoutlet.eu\/de\/wp-json\/wp\/v2\/product\/27962\/revisions"}],"predecessor-version":[{"id":29110,"href":"https:\/\/thuisbatterijoutlet.eu\/de\/wp-json\/wp\/v2\/product\/27962\/revisions\/29110"}],"wp:featuredmedia":[{"embeddable":true,"href":"https:\/\/thuisbatterijoutlet.eu\/de\/wp-json\/wp\/v2\/media\/28018"}],"wp:attachment":[{"href":"https:\/\/thuisbatterijoutlet.eu\/de\/wp-json\/wp\/v2\/media?parent=27962"}],"wp:term":[{"taxonomy":"pwb-brand","embeddable":true,"href":"https:\/\/thuisbatterijoutlet.eu\/de\/wp-json\/wp\/v2\/pwb-brand?post=27962"},{"taxonomy":"product_brand","embeddable":true,"href":"https:\/\/thuisbatterijoutlet.eu\/de\/wp-json\/wp\/v2\/product_brand?post=27962"},{"taxonomy":"product_cat","embeddable":true,"href":"https:\/\/thuisbatterijoutlet.eu\/de\/wp-json\/wp\/v2\/product_cat?post=27962"},{"taxonomy":"product_tag","embeddable":true,"href":"https:\/\/thuisbatterijoutlet.eu\/de\/wp-json\/wp\/v2\/product_tag?post=27962"}],"curies":[{"name":"wp","href":"https:\/\/api.w.org\/{rel}","templated":true}]}}