{"id":27970,"date":"2024-12-20T18:32:48","date_gmt":"2024-12-20T18:32:48","guid":{"rendered":"https:\/\/thuisbatterijoutlet.eu\/?post_type=product&#038;p=27970"},"modified":"2025-03-08T07:38:31","modified_gmt":"2025-03-08T07:38:31","slug":"sma-home-storage","status":"publish","type":"product","link":"https:\/\/thuisbatterijoutlet.eu\/de\/produkt\/sma-home-storage\/","title":{"rendered":"SMA Heimspeicher"},"content":{"rendered":"<p>Die SMA Home Energy Solution erm\u00f6glicht es Hausbesitzern, das volle Potenzial nachhaltiger Energie zu erschlie\u00dfen. Durch die Integration des SMA Home Storage wird die modulare L\u00f6sung komplett: alles aus einer Hand. Er erg\u00e4nzt perfekt die Hybrid-Wechselrichter von SMA und erm\u00f6glicht aktuelle und zuk\u00fcnftige L\u00f6sungen.<br \/> \u00a0<br \/> Die Installation des SMA Home Storage ist m\u00fchelos, egal ob auf dem<br \/> Boden oder an einer Wand. Sie l\u00e4sst sich problemlos zwischen den Energiesektoren skalieren und schnell aufladen, so dass kurze Sonnenscheinperioden optimal genutzt werden k\u00f6nnen. Sein schlankes und stapelbares Design l\u00e4sst sich mit anderen SMA Komponenten in die modulare SMA Home Solution integrieren und unterstreicht die nahtlose Passform. SMA<br \/> garantiert \u00fcberragende Qualit\u00e4t, Langlebigkeit und eine 10-Jahres-Garantie f\u00fcr eine intensive Nutzung.<br \/> \u00a0<br \/> Langlebige und zukunftssichere Lagerung<\/p>\n<p> Entwickelt f\u00fcr intensive Nutzung<br \/>  Bereit f\u00fcr zuk\u00fcnftige L\u00f6sungen, wie dynamische Tarife und VPP<br \/>  Backup bereit mit manueller Black-Start-Funktion*<br \/>  8.000 Lebenszyklen und 10 Jahre Garantie**<\/p>\n<p>\u00a0<br \/> Einfache Installation, schnelle Inbetriebnahme<\/p>\n<p> Plug &amp; Play<br \/>  Vorkonfektionierte Kabel f\u00fcr eine einfache Inbetriebnahme<br \/>  Erweiterbare Kapazit\u00e4t von 3,2 bis 16,4 kWh<\/p>\n<p>\u00a0<br \/> Unerreichte Flexibilit\u00e4t<\/p>\n<p> Kompatibel mit den Hybrid-Wechselrichtern von SMA<br \/>  Schlankes, stapelbares Design, modular erweiterbar<br \/>  Montage auf dem Boden, an der Wand oder R\u00fccken an R\u00fccken<br \/>  Au\u00dfenaufstellung m\u00f6glich (Schutzart IP65)<\/p>","protected":false},"excerpt":{"rendered":"<p>3,2kWh, IP65, LiFePO4<\/p>","protected":false},"featured_media":28050,"comment_status":"open","ping_status":"closed","template":"","meta":[],"pwb-brand":[159],"product_brand":[],"product_cat":[77],"product_tag":[],"class_list":{"0":"post-27970","1":"product","2":"type-product","3":"status-publish","4":"has-post-thumbnail","6":"pwb-brand-sma","7":"product_cat-thuisbatterijen","9":"first","10":"instock","11":"shipping-taxable","12":"purchasable","13":"product-type-simple"},"brands":[{"id":159,"name":"SMA","slug":"sma"}],"_links":{"self":[{"href":"https:\/\/thuisbatterijoutlet.eu\/de\/wp-json\/wp\/v2\/product\/27970","targetHints":{"allow":["GET"]}}],"collection":[{"href":"https:\/\/thuisbatterijoutlet.eu\/de\/wp-json\/wp\/v2\/product"}],"about":[{"href":"https:\/\/thuisbatterijoutlet.eu\/de\/wp-json\/wp\/v2\/types\/product"}],"replies":[{"embeddable":true,"href":"https:\/\/thuisbatterijoutlet.eu\/de\/wp-json\/wp\/v2\/comments?post=27970"}],"version-history":[{"count":1,"href":"https:\/\/thuisbatterijoutlet.eu\/de\/wp-json\/wp\/v2\/product\/27970\/revisions"}],"predecessor-version":[{"id":28051,"href":"https:\/\/thuisbatterijoutlet.eu\/de\/wp-json\/wp\/v2\/product\/27970\/revisions\/28051"}],"wp:featuredmedia":[{"embeddable":true,"href":"https:\/\/thuisbatterijoutlet.eu\/de\/wp-json\/wp\/v2\/media\/28050"}],"wp:attachment":[{"href":"https:\/\/thuisbatterijoutlet.eu\/de\/wp-json\/wp\/v2\/media?parent=27970"}],"wp:term":[{"taxonomy":"pwb-brand","embeddable":true,"href":"https:\/\/thuisbatterijoutlet.eu\/de\/wp-json\/wp\/v2\/pwb-brand?post=27970"},{"taxonomy":"product_brand","embeddable":true,"href":"https:\/\/thuisbatterijoutlet.eu\/de\/wp-json\/wp\/v2\/product_brand?post=27970"},{"taxonomy":"product_cat","embeddable":true,"href":"https:\/\/thuisbatterijoutlet.eu\/de\/wp-json\/wp\/v2\/product_cat?post=27970"},{"taxonomy":"product_tag","embeddable":true,"href":"https:\/\/thuisbatterijoutlet.eu\/de\/wp-json\/wp\/v2\/product_tag?post=27970"}],"curies":[{"name":"wp","href":"https:\/\/api.w.org\/{rel}","templated":true}]}}