{"id":28060,"date":"2024-12-20T18:33:50","date_gmt":"2024-12-20T18:33:50","guid":{"rendered":"https:\/\/thuisbatterijoutlet.eu\/?post_type=product&#038;p=28060"},"modified":"2025-03-08T07:38:24","modified_gmt":"2025-03-08T07:38:24","slug":"lg-chem-resu-enblock-10","status":"publish","type":"product","link":"https:\/\/thuisbatterijoutlet.eu\/de\/produkt\/lg-chem-resu-enblock-10\/","title":{"rendered":"LG-Chem RESU\/enblock 10"},"content":{"rendered":"<p>Hinweis! Die Verpackung der LG Chem RESU Niederspannungsbatterie (48 V) enth\u00e4lt das folgende Befestigungsmaterial:<br \/> - Batterie- Schraubanker- Kabeldurchf\u00fchrungen- Schrauben- Befestigungswinkel<br \/> Dadurch kann die Batterie an der Wand befestigt werden.<br \/> Technologie<br \/> Die neuen RESU-Batterien von LG Chem sind mit der neuesten Technologie ausgestattet. Mit den innovativen Li-Ion-Batteriezellen 'JH3' ist sichergestellt, dass die Zelltechnologie eine starke Leistung und ein kompaktes Design bietet. Dadurch l\u00e4sst sich die Batterie einfach und schnell installieren, was dem Installateur Zeit und Kosten spart. Die RESU-Batterie eignet sich f\u00fcr eine einfache Wand- oder Bodeninstallation sowohl f\u00fcr Innen- als auch f\u00fcr Au\u00dfenanwendungen (IP55).<br \/> Energiespeichersystem<br \/> Die LG Chem RESU-Batterie wurde speziell f\u00fcr Solarmodulanlagen entwickelt. Der 9,5-kWh-Batteriespeicher ist ein Energiespeichersystem (ESS), das elektrische Energie speichert und f\u00fcr sp\u00e4tere Zwecke nutzt. LG Chem maximiert mit diesem System die Energieeffizienz, indem es die Qualit\u00e4t der erneuerbaren Energie verbessert. LG chem RESU bietet die effizienteste M\u00f6glichkeit, die optimale Energiel\u00f6sung mit Qualit\u00e4t und Langlebigkeit zu nutzen.<br \/> Effizienz<br \/> Die neue RESU-Serie zeichnet sich durch eine branchenf\u00fchrende Dauerleistung und einen DC-R\u00fccklaufwirkungsgrad von 95% aus. %). Die L&amp;S-Technologie (Lamination &amp; Stacking) von LG Chem sorgt f\u00fcr Langlebigkeit und garantiert eine Kapazit\u00e4tserhaltung von 80% nach 10 Jahren.<br \/> Sicherheit<br \/> Die von LG chem verwendete ESS-Technologie ist sehr sicher und verwendet dieselbe Technologie, die auch bei Autobatterien einen guten Ruf genie\u00dft.<br \/> Die 48V RESU-Modelle sind f\u00fcr SMA-Wechselrichter erh\u00e4ltlich.<\/p>","protected":false},"excerpt":{"rendered":"<p>Niedervolt-Batterie 48V<\/p>","protected":false},"featured_media":28146,"comment_status":"open","ping_status":"closed","template":"","meta":[],"pwb-brand":[],"product_brand":[],"product_cat":[77],"product_tag":[],"class_list":{"0":"post-28060","1":"product","2":"type-product","3":"status-publish","4":"has-post-thumbnail","6":"product_cat-thuisbatterijen","8":"first","9":"instock","10":"shipping-taxable","11":"purchasable","12":"product-type-simple"},"brands":[],"_links":{"self":[{"href":"https:\/\/thuisbatterijoutlet.eu\/de\/wp-json\/wp\/v2\/product\/28060","targetHints":{"allow":["GET"]}}],"collection":[{"href":"https:\/\/thuisbatterijoutlet.eu\/de\/wp-json\/wp\/v2\/product"}],"about":[{"href":"https:\/\/thuisbatterijoutlet.eu\/de\/wp-json\/wp\/v2\/types\/product"}],"replies":[{"embeddable":true,"href":"https:\/\/thuisbatterijoutlet.eu\/de\/wp-json\/wp\/v2\/comments?post=28060"}],"version-history":[{"count":1,"href":"https:\/\/thuisbatterijoutlet.eu\/de\/wp-json\/wp\/v2\/product\/28060\/revisions"}],"predecessor-version":[{"id":28147,"href":"https:\/\/thuisbatterijoutlet.eu\/de\/wp-json\/wp\/v2\/product\/28060\/revisions\/28147"}],"wp:featuredmedia":[{"embeddable":true,"href":"https:\/\/thuisbatterijoutlet.eu\/de\/wp-json\/wp\/v2\/media\/28146"}],"wp:attachment":[{"href":"https:\/\/thuisbatterijoutlet.eu\/de\/wp-json\/wp\/v2\/media?parent=28060"}],"wp:term":[{"taxonomy":"pwb-brand","embeddable":true,"href":"https:\/\/thuisbatterijoutlet.eu\/de\/wp-json\/wp\/v2\/pwb-brand?post=28060"},{"taxonomy":"product_brand","embeddable":true,"href":"https:\/\/thuisbatterijoutlet.eu\/de\/wp-json\/wp\/v2\/product_brand?post=28060"},{"taxonomy":"product_cat","embeddable":true,"href":"https:\/\/thuisbatterijoutlet.eu\/de\/wp-json\/wp\/v2\/product_cat?post=28060"},{"taxonomy":"product_tag","embeddable":true,"href":"https:\/\/thuisbatterijoutlet.eu\/de\/wp-json\/wp\/v2\/product_tag?post=28060"}],"curies":[{"name":"wp","href":"https:\/\/api.w.org\/{rel}","templated":true}]}}