{"id":28074,"date":"2024-12-20T18:34:13","date_gmt":"2024-12-20T18:34:13","guid":{"rendered":"https:\/\/thuisbatterijoutlet.eu\/?post_type=product&#038;p=28074"},"modified":"2025-03-08T07:38:23","modified_gmt":"2025-03-08T07:38:23","slug":"tigo-tsb-3-battery-pack-3kw","status":"publish","type":"product","link":"https:\/\/thuisbatterijoutlet.eu\/de\/produkt\/tigo-tsb-3-akku-pack-3kw\/","title":{"rendered":"Tigo TSB-3 Akku-Pack 3kW"},"content":{"rendered":"<p>Die Tigo EI Battery ist ein modulares, skalierbares Energiespeichersystem f\u00fcr die EI Residential Solution. Erh\u00e4ltlich in Gr\u00f6\u00dfen von 3 bis 12 kWh f\u00fcr 1- oder 3-Phasen-Haushalte und ausgestattet mit effizienter DC:DC-Ladung von Ihrer Solaranlage, erm\u00f6glicht die EI-Batterie eine flexible, zuverl\u00e4ssige Notstromversorgung.<br \/> Merkmale und Vorteile - Zuverl\u00e4ssige, stabile Lithium-Eisen-Phosphat-Chemie (LFP) - Mehrere Modi, einschlie\u00dflich Eigenverbrauch, Nutzungszeit (TOU) und Backup<br \/> - Konfigurierbar bis zu 12 kWh (3kWh pro Geh\u00e4use) - Einphasige und dreiphasige Optionen - Effiziente DC:DC-Ladung Ihrer Anlage - Inklusive Batteriemanagementsystem - \u00dcberwacht von Tigo Energy Intelligence - 132 Monate Garantie<br \/> ESTG ist ein Gro\u00dfh\u00e4ndler f\u00fcr Solarmodule und andere langlebige Elektroartikel wie Wechselrichter, Ladestationen, Hausbatterien und Infrarotheizungen. Mit einer breiten Palette von A-Marken beliefert ESTG Installateure in ganz Europa.<\/p>","protected":false},"excerpt":{"rendered":"<p>3kWh, IP65, LiFePO4<\/p>","protected":false},"featured_media":28170,"comment_status":"open","ping_status":"closed","template":"","meta":[],"pwb-brand":[],"product_brand":[],"product_cat":[77],"product_tag":[],"class_list":{"0":"post-28074","1":"product","2":"type-product","3":"status-publish","4":"has-post-thumbnail","6":"product_cat-thuisbatterijen","8":"first","9":"instock","10":"shipping-taxable","11":"purchasable","12":"product-type-simple"},"brands":[],"_links":{"self":[{"href":"https:\/\/thuisbatterijoutlet.eu\/de\/wp-json\/wp\/v2\/product\/28074","targetHints":{"allow":["GET"]}}],"collection":[{"href":"https:\/\/thuisbatterijoutlet.eu\/de\/wp-json\/wp\/v2\/product"}],"about":[{"href":"https:\/\/thuisbatterijoutlet.eu\/de\/wp-json\/wp\/v2\/types\/product"}],"replies":[{"embeddable":true,"href":"https:\/\/thuisbatterijoutlet.eu\/de\/wp-json\/wp\/v2\/comments?post=28074"}],"version-history":[{"count":1,"href":"https:\/\/thuisbatterijoutlet.eu\/de\/wp-json\/wp\/v2\/product\/28074\/revisions"}],"predecessor-version":[{"id":28171,"href":"https:\/\/thuisbatterijoutlet.eu\/de\/wp-json\/wp\/v2\/product\/28074\/revisions\/28171"}],"wp:featuredmedia":[{"embeddable":true,"href":"https:\/\/thuisbatterijoutlet.eu\/de\/wp-json\/wp\/v2\/media\/28170"}],"wp:attachment":[{"href":"https:\/\/thuisbatterijoutlet.eu\/de\/wp-json\/wp\/v2\/media?parent=28074"}],"wp:term":[{"taxonomy":"pwb-brand","embeddable":true,"href":"https:\/\/thuisbatterijoutlet.eu\/de\/wp-json\/wp\/v2\/pwb-brand?post=28074"},{"taxonomy":"product_brand","embeddable":true,"href":"https:\/\/thuisbatterijoutlet.eu\/de\/wp-json\/wp\/v2\/product_brand?post=28074"},{"taxonomy":"product_cat","embeddable":true,"href":"https:\/\/thuisbatterijoutlet.eu\/de\/wp-json\/wp\/v2\/product_cat?post=28074"},{"taxonomy":"product_tag","embeddable":true,"href":"https:\/\/thuisbatterijoutlet.eu\/de\/wp-json\/wp\/v2\/product_tag?post=28074"}],"curies":[{"name":"wp","href":"https:\/\/api.w.org\/{rel}","templated":true}]}}